{"id":1486,"date":"2026-01-20T12:11:11","date_gmt":"2026-01-20T12:11:11","guid":{"rendered":"https:\/\/bonuskongcasino.com\/login-and-registration\/"},"modified":"2026-02-27T12:26:54","modified_gmt":"2026-02-27T12:26:54","slug":"logowanie-i-rejestracja","status":"publish","type":"page","link":"https:\/\/thorfortunecasino.org\/pl\/logowanie-i-rejestracja\/","title":{"rendered":"Logowanie i rejestracja"},"content":{"rendered":"<h1>Logowanie i rejestracja konta Thorfortune<\/h1>\n<p>Proces Thorfortune login jest naprawd\u0119 prosty, niezale\u017cnie od urz\u0105dzenia, z kt\u00f3rego korzystasz. Mo\u017cesz utworzy\u0107 konto w mniej ni\u017c minut\u0119 i od razu zacz\u0105\u0107 gra\u0107 w najmodniejsze automaty. Polscy gracze nie musz\u0105 weryfikowa\u0107 swojej to\u017csamo\u015bci, aby zarejestrowa\u0107 si\u0119 w Thorfortune Casino \u2013 zajmujemy si\u0119 t\u0105 kwesti\u0105 dopiero przy pierwszej wyp\u0142acie \u015brodk\u00f3w.<\/p>\n<p><div class=\"banner-wrap\" aria-label=\"Banner\"><img src=\"https:\/\/thorfortunecasino.org\/wp-content\/uploads\/2026\/02\/Thorfortune-bnr-pc.webp\" class=\"w-100 d-none d-lg-block img-pc main-banner-img\" alt=\"thorfortune banner desktop\" fetchpriority=\"high\" decoding=\"async\"><img src=\"https:\/\/thorfortunecasino.org\/wp-content\/uploads\/2026\/02\/thorfortune-banner-mobile.webp\" class=\"w-100 d-none d-md-block d-lg-none main-banner-img\" alt=\"thorfortune banner mobile\" fetchpriority=\"high\" decoding=\"async\"><img src=\"https:\/\/thorfortunecasino.org\/wp-content\/uploads\/2026\/02\/thorfortune-banner-mobile.webp\" class=\"w-100 d-md-none\" alt=\"thorfortune banner mobile\" fetchpriority=\"high\" decoding=\"async\"><div class=\"banner-description\">\n<div class=\"banner-title\">Bonusy powitalne<\/div>\n<p class=\"banner-header-title\">1500 \u20ac<\/p>\n<div class=\"banner-header-AdditionalText\">+ 250 Darmowe spiny<\/div>\n<button data-item=\"homepage_banner_link\" class=\"goto m-button m-gradient-border m-button--primary m-button--large banner-button btn-orange\">\n            <div class=\"m-button-content\">\n                <span>Zarejestruj si\u0119 teraz<\/span>\n                <span><\/span>\n            <\/div>\n        <\/button>\n<\/div>\n<div class=\"WelcomePack\">\n<p><img loading=\"lazy\" decoding=\"async\" class=\"alignnone size-full wp-image-1848\" src=\"https:\/\/thorfortunecasino.org\/wp-content\/uploads\/2026\/02\/welcome-crown.png\" alt=\"welcome crown\" width=\"25\" height=\"26\" \/><\/p>\n<div class=\"WelcomePack-Info\">Cotygodniowy zwrot got\u00f3wki do 25%<\/div>\n<p><img loading=\"lazy\" decoding=\"async\" class=\"alignnone size-full wp-image-1848\" src=\"https:\/\/thorfortunecasino.org\/wp-content\/uploads\/2026\/02\/welcome-crown.png\" alt=\"welcome crown\" width=\"25\" height=\"26\" \/><\/p>\n<\/div>\n<\/div><div class=\"scrollable-content-wrap my-5\"><div class=\"scrollable-content-inner\"><h2>Jak za\u0142o\u017cy\u0107 konto Thorfortune?<\/h2>\n<p>Aby zarejestrowa\u0107 si\u0119 w Thorfortune Casino, wystarczy wype\u0142ni\u0107 formularz rejestracyjny podstawowymi danymi osobowymi i kilkakrotnie dotkn\u0105\u0107 ekranu. Je\u015bli po\u0142\u0105czenie internetowe jest stabilne, ca\u0142y proces zajmuje mniej ni\u017c minut\u0119. Oto jak to dzia\u0142a krok po kroku:<\/p>\n<ol>\n<li>Kliknij przycisk rejestracji w prawym g\u00f3rnym rogu ekranu.<\/li>\n<li>Wpisz sw\u00f3j adres e-mail i utw\u00f3rz silne has\u0142o.<\/li>\n<li>Zaznacz pola, aby potwierdzi\u0107, \u017ce masz uko\u0144czone 18 lat i akceptujesz nasze warunki.<\/li>\n<li>Kliknij przycisk jeszcze raz, aby kontynuowa\u0107.<\/li>\n<li>Zako\u0144cz proces, podaj\u0105c nam nast\u0119puj\u0105ce dane: imi\u0119 i nazwisko, numer telefonu oraz dat\u0119 urodzenia.<\/li>\n<\/ol>\n<p>To wszystko. Po utworzeniu konta Thorfortune mo\u017cesz dokona\u0107 pierwszej wp\u0142aty, otrzyma\u0107 pocz\u0105tkow\u0105 cz\u0119\u015b\u0107 naszego bonusu powitalnego i bezzw\u0142ocznie rozpocz\u0105\u0107 gr\u0119 w nasze gry kasynowe.<\/p>\n<h3>Niuanse prawne<\/h3>\n<p>Mimo \u017ce Thor Fortune nie weryfikuje to\u017csamo\u015bci graczy podczas rejestracji, nale\u017cy pami\u0119ta\u0107, \u017ce hazard nieletnich jest nielegalny. Dlatego tylko doro\u015bli gracze maj\u0105 prawo do pe\u0142nego korzystania z gier i wyp\u0142acania pieni\u0119dzy na naszej platformie. Je\u015bli oka\u017ce si\u0119, \u017ce masz mniej ni\u017c 18 lat, Twoje konto zostanie anulowane.<\/p>\n<p>Ponadto musisz by\u0107 mieszka\u0144cem kraju, w kt\u00f3rym hazard online jest dozwolony przez prawo. Witryna Thorfortune automatycznie wykryje Twoj\u0105 lokalizacj\u0119 i doda t\u0119 informacj\u0119 do danych Twojego konta podczas rejestracji. Nie b\u0119dziesz m\u00f3g\u0142 r\u0119cznie ustawi\u0107 innego kraju w informacjach o swoim profilu bez pomocy naszego wieloj\u0119zycznego zespo\u0142u wsparcia.<\/p>\n<h2>Jak si\u0119 zalogowa\u0107?<\/h2>\n<p>Logowanie do Thorfortune jest standardowym, intuicyjnym procesem \u2013 wystarczy wpisa\u0107 podane wcze\u015bniej dane logowania w oknie logowania i nacisn\u0105\u0107 przycisk, aby potwierdzi\u0107 ich poprawno\u015b\u0107. Je\u015bli zapomnia\u0142e\u015b has\u0142a, kliknij link \u201eNie pami\u0119tam has\u0142a\u201d w formularzu logowania Thorfortune i post\u0119puj zgodnie z instrukcjami wy\u015bwietlanymi na ekranie, aby szybko je zresetowa\u0107.<\/p>\n<p>W osobistych ustawieniach bezpiecze\u0144stwa masz mo\u017cliwo\u015b\u0107 w\u0142\u0105czenia uwierzytelniania dwusk\u0142adnikowego (2FA). W takim przypadku b\u0119dziesz musia\u0142 r\u00f3wnie\u017c wprowadzi\u0107 jednorazowy kod przy ka\u017cdym logowaniu si\u0119 na swoje konto w Thor Fortune Casino. Do dostarczania tych kod\u00f3w przy ka\u017cdym logowaniu u\u017cywamy aplikacji Google Authenticator.<\/p>\n<p><img loading=\"lazy\" decoding=\"async\" class=\"alignnone size-full wp-image-2008\" src=\"https:\/\/thorfortunecasino.org\/wp-content\/uploads\/2026\/02\/Thorfortune-login-page.webp\" alt=\"Thorfortune login page\" width=\"1248\" height=\"536\" srcset=\"https:\/\/thorfortunecasino.org\/wp-content\/uploads\/2026\/02\/Thorfortune-login-page.webp 1248w, https:\/\/thorfortunecasino.org\/wp-content\/uploads\/2026\/02\/Thorfortune-login-page-300x129.webp 300w, https:\/\/thorfortunecasino.org\/wp-content\/uploads\/2026\/02\/Thorfortune-login-page-1024x440.webp 1024w, https:\/\/thorfortunecasino.org\/wp-content\/uploads\/2026\/02\/Thorfortune-login-page-768x330.webp 768w\" sizes=\"(max-width: 1248px) 100vw, 1248px\" \/><\/p>\n<h2>Jak zarz\u0105dza\u0107 danymi na koncie Thorfortune Casino?<\/h2>\n<p>Twoje konto Thorfortune jest scentralizowanym centrum, kt\u00f3re zapewnia \u0142atwy dost\u0119p do danych zwi\u0105zanych z hazardem i wygodne narz\u0119dzia do zarz\u0105dzania. Zawiera ono nast\u0119puj\u0105ce przydatne interfejsy i ustawienia:<\/p>\n<table>\n<tbody>\n<tr>\n<td>Nazwa interfejsu<\/td>\n<td>Najwa\u017cniejsze funkcje<\/td>\n<td>Opis<\/td>\n<\/tr>\n<tr>\n<td>Historia<\/td>\n<td>Raporty dotycz\u0105ce Twojej aktywno\u015bci hazardowej i transakcji finansowych w kasynie Thorfortune.<\/td>\n<td>Tutaj mo\u017cesz zobaczy\u0107 dok\u0142adny zapis swoich sesji hazardowych i dzia\u0142a\u0144 finansowych w naszym kasynie. Raporty maj\u0105 elastyczne ustawienia, dzi\u0119ki czemu mo\u017cesz dostosowa\u0107 ich wygl\u0105d do swoich potrzeb.<\/td>\n<\/tr>\n<tr>\n<td>Portfel<\/td>\n<td>Przyciski wp\u0142at i wyp\u0142at oraz informacje o sumach pieni\u0119dzy.<\/td>\n<td>Ten interfejs zapewnia wszystkie narz\u0119dzia do zarz\u0105dzania finansami. Mo\u017cesz ustawi\u0107 swoj\u0105 walut\u0119 i sprawdzi\u0107, ile pieni\u0119dzy masz na koncie.<\/td>\n<\/tr>\n<tr>\n<td>Ustawienia og\u00f3lne<\/td>\n<td>Dane osobowe, system lojalno\u015bciowy i widget onboardingowy.<\/td>\n<td>W tym miejscu mo\u017cna edytowa\u0107 swoje dane osobowe (w tym dane kontaktowe i nazw\u0119 u\u017cytkownika) oraz sprawdzi\u0107 swoje post\u0119py w naszym systemie lojalno\u015bciowym.<\/td>\n<\/tr>\n<tr>\n<td>Ustawienia bezpiecze\u0144stwa<\/td>\n<td>Zarz\u0105dzanie has\u0142ami, 2FA, historia sesji.<\/td>\n<td>W tym miejscu mo\u017cesz zaktualizowa\u0107 swoje has\u0142o i w\u0142\u0105czy\u0107 2FA, aby zwi\u0119kszy\u0107 bezpiecze\u0144stwo konta. Szczeg\u00f3\u0142owe raporty dotycz\u0105ce logowania i sesji w Thorfortune u\u0142atwiaj\u0105 wykrywanie wszelkich podejrzanych dzia\u0142a\u0144.<\/td>\n<\/tr>\n<tr>\n<td>Kontrola hazardu<\/td>\n<td>Limity bud\u017cetu, limity sesji i samowykluczenie.<\/td>\n<td>W tym miejscu mo\u017cesz ustawi\u0107 limity wp\u0142at i czasu, aby zapobiec nadmiernym wydatkom zwi\u0105zanym z hazardem. A je\u015bli chcesz zrobi\u0107 sobie przerw\u0119 od Thorfortune, mo\u017cesz r\u00f3wnie\u017c poprosi\u0107 o samowykluczenie.<\/td>\n<\/tr>\n<\/tbody>\n<\/table>\n<h2>FAQ<\/h2>\n<h3>Czy podczas tworzenia konta Thor Fortune musz\u0119 przej\u015b\u0107 proces weryfikacji to\u017csamo\u015bci?<\/h3>\n<p>Nie, dok\u0142adn\u0105 weryfikacj\u0119 to\u017csamo\u015bci przeprowadzamy dopiero po z\u0142o\u017ceniu przez Ciebie pierwszej pro\u015bby o wyp\u0142at\u0119 \u015brodk\u00f3w \u2013 b\u0119dziesz musia\u0142 dostarczy\u0107 nam kopie paszportu, rachunk\u00f3w za media oraz karty bankowej u\u017cywanej do realizacji wyp\u0142aty. Przedtem mo\u017cesz swobodnie gra\u0107 na naszej platformie i dokonywa\u0107 wp\u0142at bez konieczno\u015bci przedstawiania nam dowodu to\u017csamo\u015bci.<\/p>\n<h3>Jakie s\u0105 korzy\u015bci z rejestracji w Thorfortune Casino?<\/h3>\n<p>Po zalogowaniu si\u0119 do Thorfortune uzyskasz dost\u0119p do tysi\u0119cy najlepszych gier kasynowych, w kt\u00f3re mo\u017cna r\u00f3wnie\u017c gra\u0107 w trybie demo. Ponadto ka\u017cdy nowo zarejestrowany u\u017cytkownik ma prawo do bonusu powitalnego \u2013 aby w pe\u0142ni z niego skorzysta\u0107, musisz utworzy\u0107 konto i dokona\u0107 co najmniej trzech wp\u0142at.<\/p>\n<h3>Jak mog\u0119 chroni\u0107 swoje konto przed nieautoryzowanym dost\u0119pem?<\/h3>\n<p>Najlepszym sposobem zapobiegania nieautoryzowanemu dost\u0119powi jest w\u0142\u0105czenie 2FA w osobistych ustawieniach bezpiecze\u0144stwa. Gdy ta funkcja jest w\u0142\u0105czona, przy ka\u017cdym logowaniu do Thorfortune konieczne b\u0119dzie wprowadzenie unikalnego kodu jednorazowego u\u017cytku. Ponadto zalecamy aktualizowanie has\u0142a co sze\u015b\u0107 miesi\u0119cy. W razie jakichkolwiek problem\u00f3w prosimy o kontakt z naszym zespo\u0142em pomocy technicznej za po\u015brednictwem poczty elektronicznej lub czatu na \u017cywo.<\/p>\n<\/div><\/div><\/p>\n","protected":false},"excerpt":{"rendered":"<p>Logowanie i rejestracja konta Thorfortune Proces Thorfortune login jest naprawd\u0119 prosty, niezale\u017cnie od urz\u0105dzenia, z kt\u00f3rego korzystasz. Mo\u017cesz utworzy\u0107 konto w mniej ni\u017c minut\u0119 i od razu zacz\u0105\u0107 gra\u0107 w najmodniejsze automaty. Polscy gracze nie musz\u0105 weryfikowa\u0107 swojej to\u017csamo\u015bci, aby zarejestrowa\u0107 si\u0119 w Thorfortune Casino \u2013 zajmujemy si\u0119 t\u0105 kwesti\u0105 dopiero przy pierwszej wyp\u0142acie \u015brodk\u00f3w.<\/p>\n","protected":false},"author":1,"featured_media":0,"parent":0,"menu_order":0,"comment_status":"closed","ping_status":"closed","template":"template-builder.php","meta":{"_acf_changed":false,"inline_featured_image":false,"footnotes":""},"class_list":["post-1486","page","type-page","status-publish","hentry"],"acf":[],"yoast_head":"<!-- This site is optimized with the Yoast SEO plugin v24.4 - https:\/\/yoast.com\/wordpress\/plugins\/seo\/ -->\n<title>Logowanie do Thorfortune \u2013 bezpieczny dost\u0119p do rejestracji i logowania<\/title>\n<meta name=\"description\" content=\"Logowanie do Thorfortune \u2013 uzyskaj bezpieczny dost\u0119p do swojego konta lub utw\u00f3rz nowe w ci\u0105gu kilku minut. Zarz\u0105dzaj weryfikacj\u0105, odzyskiwaniem has\u0142a i ustawieniami konta w Thorfortune.\" \/>\n<meta name=\"robots\" content=\"index, follow, max-snippet:-1, max-image-preview:large, max-video-preview:-1\" \/>\n<link rel=\"canonical\" href=\"https:\/\/thorfortunecasino.org\/pl\/logowanie-i-rejestracja\/\" \/>\n<meta property=\"og:locale\" content=\"pl_PL\" \/>\n<meta property=\"og:type\" content=\"article\" \/>\n<meta property=\"og:title\" content=\"Logowanie do Thorfortune \u2013 bezpieczny dost\u0119p do rejestracji i logowania\" \/>\n<meta property=\"og:description\" content=\"Logowanie do Thorfortune \u2013 uzyskaj bezpieczny dost\u0119p do swojego konta lub utw\u00f3rz nowe w ci\u0105gu kilku minut. Zarz\u0105dzaj weryfikacj\u0105, odzyskiwaniem has\u0142a i ustawieniami konta w Thorfortune.\" \/>\n<meta property=\"og:url\" content=\"https:\/\/thorfortunecasino.org\/pl\/logowanie-i-rejestracja\/\" \/>\n<meta property=\"og:site_name\" content=\"thorfortune\" \/>\n<meta property=\"article:modified_time\" content=\"2026-02-27T12:26:54+00:00\" \/>\n<meta name=\"twitter:card\" content=\"summary_large_image\" \/>\n<meta name=\"twitter:label1\" content=\"Est. reading time\" \/>\n\t<meta name=\"twitter:data1\" content=\"1 minute\" \/>\n<script type=\"application\/ld+json\" class=\"yoast-schema-graph\">{\"@context\":\"https:\/\/schema.org\",\"@graph\":[{\"@type\":\"WebPage\",\"@id\":\"https:\/\/thorfortunecasino.org\/pl\/logowanie-i-rejestracja\/\",\"url\":\"https:\/\/thorfortunecasino.org\/pl\/logowanie-i-rejestracja\/\",\"name\":\"Logowanie do Thorfortune \u2013 bezpieczny dost\u0119p do rejestracji i logowania\",\"isPartOf\":{\"@id\":\"https:\/\/thorfortunecasino.org\/pl\/#website\"},\"datePublished\":\"2026-01-20T12:11:11+00:00\",\"dateModified\":\"2026-02-27T12:26:54+00:00\",\"description\":\"Logowanie do Thorfortune \u2013 uzyskaj bezpieczny dost\u0119p do swojego konta lub utw\u00f3rz nowe w ci\u0105gu kilku minut. Zarz\u0105dzaj weryfikacj\u0105, odzyskiwaniem has\u0142a i ustawieniami konta w Thorfortune.\",\"breadcrumb\":{\"@id\":\"https:\/\/thorfortunecasino.org\/pl\/logowanie-i-rejestracja\/#breadcrumb\"},\"inLanguage\":\"pl-PL\",\"potentialAction\":[{\"@type\":\"ReadAction\",\"target\":[\"https:\/\/thorfortunecasino.org\/pl\/logowanie-i-rejestracja\/\"]}]},{\"@type\":\"BreadcrumbList\",\"@id\":\"https:\/\/thorfortunecasino.org\/pl\/logowanie-i-rejestracja\/#breadcrumb\",\"itemListElement\":[{\"@type\":\"ListItem\",\"position\":1,\"name\":\"Thorfortune\",\"item\":\"https:\/\/thorfortunecasino.org\/pl\/\"},{\"@type\":\"ListItem\",\"position\":2,\"name\":\"Logowanie i rejestracja\"}]},{\"@type\":\"WebSite\",\"@id\":\"https:\/\/thorfortunecasino.org\/pl\/#website\",\"url\":\"https:\/\/thorfortunecasino.org\/pl\/\",\"name\":\"Thorfortune\",\"description\":\"\",\"publisher\":{\"@id\":\"https:\/\/thorfortunecasino.org\/pl\/#organization\"},\"potentialAction\":[{\"@type\":\"SearchAction\",\"target\":{\"@type\":\"EntryPoint\",\"urlTemplate\":\"https:\/\/thorfortunecasino.org\/pl\/?s={search_term_string}\"},\"query-input\":{\"@type\":\"PropertyValueSpecification\",\"valueRequired\":true,\"valueName\":\"search_term_string\"}}],\"inLanguage\":\"pl-PL\"},{\"@type\":\"Organization\",\"@id\":\"https:\/\/thorfortunecasino.org\/pl\/#organization\",\"name\":\"Thorfortune\",\"url\":\"https:\/\/thorfortunecasino.org\/pl\/\",\"logo\":{\"@type\":\"ImageObject\",\"inLanguage\":\"pl-PL\",\"@id\":\"https:\/\/thorfortunecasino.org\/pl\/#\/schema\/logo\/image\/\",\"url\":\"https:\/\/thorfortunecasino.org\/wp-content\/uploads\/2026\/02\/logo.png\",\"contentUrl\":\"https:\/\/thorfortunecasino.org\/wp-content\/uploads\/2026\/02\/logo.png\",\"width\":160,\"height\":37,\"caption\":\"Thorfortune\"},\"image\":{\"@id\":\"https:\/\/thorfortunecasino.org\/pl\/#\/schema\/logo\/image\/\"}}]}<\/script>\n<!-- \/ Yoast SEO plugin. -->","yoast_head_json":{"title":"Logowanie do Thorfortune \u2013 bezpieczny dost\u0119p do rejestracji i logowania","description":"Logowanie do Thorfortune \u2013 uzyskaj bezpieczny dost\u0119p do swojego konta lub utw\u00f3rz nowe w ci\u0105gu kilku minut. Zarz\u0105dzaj weryfikacj\u0105, odzyskiwaniem has\u0142a i ustawieniami konta w Thorfortune.","robots":{"index":"index","follow":"follow","max-snippet":"max-snippet:-1","max-image-preview":"max-image-preview:large","max-video-preview":"max-video-preview:-1"},"canonical":"https:\/\/thorfortunecasino.org\/pl\/logowanie-i-rejestracja\/","og_locale":"pl_PL","og_type":"article","og_title":"Logowanie do Thorfortune \u2013 bezpieczny dost\u0119p do rejestracji i logowania","og_description":"Logowanie do Thorfortune \u2013 uzyskaj bezpieczny dost\u0119p do swojego konta lub utw\u00f3rz nowe w ci\u0105gu kilku minut. Zarz\u0105dzaj weryfikacj\u0105, odzyskiwaniem has\u0142a i ustawieniami konta w Thorfortune.","og_url":"https:\/\/thorfortunecasino.org\/pl\/logowanie-i-rejestracja\/","og_site_name":"thorfortune","article_modified_time":"2026-02-27T12:26:54+00:00","twitter_card":"summary_large_image","twitter_misc":{"Est. reading time":"1 minute"},"schema":{"@context":"https:\/\/schema.org","@graph":[{"@type":"WebPage","@id":"https:\/\/thorfortunecasino.org\/pl\/logowanie-i-rejestracja\/","url":"https:\/\/thorfortunecasino.org\/pl\/logowanie-i-rejestracja\/","name":"Logowanie do Thorfortune \u2013 bezpieczny dost\u0119p do rejestracji i logowania","isPartOf":{"@id":"https:\/\/thorfortunecasino.org\/pl\/#website"},"datePublished":"2026-01-20T12:11:11+00:00","dateModified":"2026-02-27T12:26:54+00:00","description":"Logowanie do Thorfortune \u2013 uzyskaj bezpieczny dost\u0119p do swojego konta lub utw\u00f3rz nowe w ci\u0105gu kilku minut. Zarz\u0105dzaj weryfikacj\u0105, odzyskiwaniem has\u0142a i ustawieniami konta w Thorfortune.","breadcrumb":{"@id":"https:\/\/thorfortunecasino.org\/pl\/logowanie-i-rejestracja\/#breadcrumb"},"inLanguage":"pl-PL","potentialAction":[{"@type":"ReadAction","target":["https:\/\/thorfortunecasino.org\/pl\/logowanie-i-rejestracja\/"]}]},{"@type":"BreadcrumbList","@id":"https:\/\/thorfortunecasino.org\/pl\/logowanie-i-rejestracja\/#breadcrumb","itemListElement":[{"@type":"ListItem","position":1,"name":"Thorfortune","item":"https:\/\/thorfortunecasino.org\/pl\/"},{"@type":"ListItem","position":2,"name":"Logowanie i rejestracja"}]},{"@type":"WebSite","@id":"https:\/\/thorfortunecasino.org\/pl\/#website","url":"https:\/\/thorfortunecasino.org\/pl\/","name":"Thorfortune","description":"","publisher":{"@id":"https:\/\/thorfortunecasino.org\/pl\/#organization"},"potentialAction":[{"@type":"SearchAction","target":{"@type":"EntryPoint","urlTemplate":"https:\/\/thorfortunecasino.org\/pl\/?s={search_term_string}"},"query-input":{"@type":"PropertyValueSpecification","valueRequired":true,"valueName":"search_term_string"}}],"inLanguage":"pl-PL"},{"@type":"Organization","@id":"https:\/\/thorfortunecasino.org\/pl\/#organization","name":"Thorfortune","url":"https:\/\/thorfortunecasino.org\/pl\/","logo":{"@type":"ImageObject","inLanguage":"pl-PL","@id":"https:\/\/thorfortunecasino.org\/pl\/#\/schema\/logo\/image\/","url":"https:\/\/thorfortunecasino.org\/wp-content\/uploads\/2026\/02\/logo.png","contentUrl":"https:\/\/thorfortunecasino.org\/wp-content\/uploads\/2026\/02\/logo.png","width":160,"height":37,"caption":"Thorfortune"},"image":{"@id":"https:\/\/thorfortunecasino.org\/pl\/#\/schema\/logo\/image\/"}}]}},"_links":{"self":[{"href":"https:\/\/thorfortunecasino.org\/pl\/wp-json\/wp\/v2\/pages\/1486"}],"collection":[{"href":"https:\/\/thorfortunecasino.org\/pl\/wp-json\/wp\/v2\/pages"}],"about":[{"href":"https:\/\/thorfortunecasino.org\/pl\/wp-json\/wp\/v2\/types\/page"}],"author":[{"embeddable":true,"href":"https:\/\/thorfortunecasino.org\/pl\/wp-json\/wp\/v2\/users\/1"}],"replies":[{"embeddable":true,"href":"https:\/\/thorfortunecasino.org\/pl\/wp-json\/wp\/v2\/comments?post=1486"}],"version-history":[{"count":3,"href":"https:\/\/thorfortunecasino.org\/pl\/wp-json\/wp\/v2\/pages\/1486\/revisions"}],"predecessor-version":[{"id":2094,"href":"https:\/\/thorfortunecasino.org\/pl\/wp-json\/wp\/v2\/pages\/1486\/revisions\/2094"}],"wp:attachment":[{"href":"https:\/\/thorfortunecasino.org\/pl\/wp-json\/wp\/v2\/media?parent=1486"}],"curies":[{"name":"wp","href":"https:\/\/api.w.org\/{rel}","templated":true}]}}