{"id":1447,"date":"2026-01-20T12:08:23","date_gmt":"2026-01-20T12:08:23","guid":{"rendered":"https:\/\/bonuskongcasino.com\/app\/"},"modified":"2026-02-27T12:25:03","modified_gmt":"2026-02-27T12:25:03","slug":"aplikacja","status":"publish","type":"page","link":"https:\/\/thorfortunecasino.org\/pl\/aplikacja\/","title":{"rendered":"Aplikacja"},"content":{"rendered":"<h1>Platforma mobilna Thor Fortune<\/h1>\n<p>Thorfortune app umo\u017cliwia polskim graczom wygodny dost\u0119p do naszej platformy iGaming z dowolnego urz\u0105dzenia mobilnego, zar\u00f3wno z systemem Android, jak i iOS. Aplikacja jest bezp\u0142atna i \u0142atwa w instalacji. Mo\u017cna j\u0105 nawet doda\u0107 do pulpitu komputera, aby szybciej logowa\u0107 si\u0119 na swoje konto w Thor Fortune Casino.<\/p>\n<p><div class=\"banner-wrap\" aria-label=\"Banner\"><img src=\"https:\/\/thorfortunecasino.org\/wp-content\/uploads\/2026\/02\/Thorfortune-bnr-pc.webp\" class=\"w-100 d-none d-lg-block img-pc main-banner-img\" alt=\"thorfortune banner desktop\" fetchpriority=\"high\" decoding=\"async\"><img src=\"https:\/\/thorfortunecasino.org\/wp-content\/uploads\/2026\/02\/thorfortune-banner-mobile.webp\" class=\"w-100 d-none d-md-block d-lg-none main-banner-img\" alt=\"thorfortune banner mobile\" fetchpriority=\"high\" decoding=\"async\"><img src=\"https:\/\/thorfortunecasino.org\/wp-content\/uploads\/2026\/02\/thorfortune-banner-mobile.webp\" class=\"w-100 d-md-none\" alt=\"thorfortune banner mobile\" fetchpriority=\"high\" decoding=\"async\"><div class=\"banner-description\">\n<div class=\"banner-title\">Bonusy powitalne<\/div>\n<p class=\"banner-header-title\">1500 \u20ac<\/p>\n<div class=\"banner-header-AdditionalText\">+ 250 Darmowe spiny<\/div>\n<button data-item=\"homepage_banner_link\" class=\"goto m-button m-gradient-border m-button--primary m-button--large banner-button btn-orange\">\n            <div class=\"m-button-content\">\n                <span>Zarejestruj si\u0119 teraz<\/span>\n                <span><\/span>\n            <\/div>\n        <\/button>\n<\/div>\n<div class=\"WelcomePack\">\n<p><img loading=\"lazy\" decoding=\"async\" class=\"alignnone size-full wp-image-1848\" src=\"https:\/\/thorfortunecasino.org\/wp-content\/uploads\/2026\/02\/welcome-crown.png\" alt=\"welcome crown\" width=\"25\" height=\"26\" \/><\/p>\n<div class=\"WelcomePack-Info\">Cotygodniowy zwrot got\u00f3wki do 25%<\/div>\n<p><img loading=\"lazy\" decoding=\"async\" class=\"alignnone size-full wp-image-1848\" src=\"https:\/\/thorfortunecasino.org\/wp-content\/uploads\/2026\/02\/welcome-crown.png\" alt=\"welcome crown\" width=\"25\" height=\"26\" \/><\/p>\n<\/div>\n<\/div><div class=\"scrollable-content-wrap my-5\"><div class=\"scrollable-content-inner\"><h2>Thorfortune Casino app: najwa\u017cniejsze funkcje<\/h2>\n<p>Nasza aplikacja jest progresywn\u0105 aplikacj\u0105 internetow\u0105 (PWA), kt\u00f3ra dzia\u0142a jako skr\u00f3t do podstawowej wersji internetowej platformy Thorfortune. Zapewnia dost\u0119p do wszystkich tych samych funkcji i interfejs\u00f3w, z kt\u00f3rych mo\u017cna korzysta\u0107 na stronie internetowej. Charakteryzuje si\u0119 jednak znacznie kr\u00f3tszym czasem \u0142adowania i wi\u0119ksz\u0105 wygod\u0105 w zakresie hazardu na smartfonach lub tabletach.<\/p>\n<p>Ponadto aplikacja Thorfortune posiada powiadomienia push, kt\u00f3re mo\u017cna w\u0142\u0105czy\u0107 w ustawieniach urz\u0105dzenia. Ta funkcja b\u0119dzie Ci\u0119 informowa\u0107 o naszych najnowszych kampaniach promocyjnych i osobistych bonusach, z kt\u00f3rych mo\u017cesz skorzysta\u0107. Dzi\u0119ki w\u0142\u0105czonym powiadomieniom push nigdy nie przegapisz ograniczonej czasowo okazji do wygrania dodatkowej got\u00f3wki bonusowej lub darmowych spin\u00f3w.<\/p>\n<table>\n<tbody>\n<tr>\n<td>Funkcja aplikacji<\/td>\n<td>Szczeg\u00f3\u0142y<\/td>\n<\/tr>\n<tr>\n<td>Katalog gier<\/td>\n<td>Ciesz si\u0119 wygodnym dost\u0119pem do ponad 6 000 gier kasynowych<\/td>\n<\/tr>\n<tr>\n<td>Profil osobisty<\/td>\n<td>\u0141atwo zarz\u0105dzaj swoimi danymi osobowymi i ustawieniami bezpiecze\u0144stwa na smartfonie<\/td>\n<\/tr>\n<tr>\n<td>Czat na \u017cywo<\/td>\n<td>Szybki kontakt z naszym wieloj\u0119zycznym zespo\u0142em pomocy technicznej o ka\u017cdej porze dnia<\/td>\n<\/tr>\n<tr>\n<td>Powiadomienia push<\/td>\n<td>Otrzymuj naj\u015bwie\u017csze informacje o naszych kampaniach promocyjnych<\/td>\n<\/tr>\n<tr>\n<td>Kontrola hazardu<\/td>\n<td>Ustal limity bud\u017cetowe i ograniczenia sesji, aby zachowa\u0107 kontrol\u0119 nad swoimi zasobami<\/td>\n<\/tr>\n<tr>\n<td>Portfel<\/td>\n<td>Zarz\u0105dzaj swoimi transakcjami finansowymi w prosty spos\u00f3b<\/td>\n<\/tr>\n<tr>\n<td>Historia<\/td>\n<td>\u015aled\u017a i analizuj swoje dzia\u0142ania zwi\u0105zane z hazardem w Thor Fortune<\/td>\n<\/tr>\n<tr>\n<td>Sterowanie dotykowe<\/td>\n<td>Ciesz si\u0119 p\u0142ynn\u0105 rozgrywk\u0105 na tablecie lub telefonie<\/td>\n<\/tr>\n<tr>\n<td>Adaptacyjny projekt<\/td>\n<td>Graj w automaty online i inne gry kasynowe na dowolnym urz\u0105dzeniu \u2013 interfejsy automatycznie dostosuj\u0105 si\u0119 do rozmiaru ekranu<\/td>\n<\/tr>\n<\/tbody>\n<\/table>\n<p><img loading=\"lazy\" decoding=\"async\" class=\"alignnone size-full wp-image-2024\" src=\"https:\/\/thorfortunecasino.org\/wp-content\/uploads\/2026\/02\/Thorfortune-Desktop.webp\" alt=\"Thorfortune Desktop\" width=\"1248\" height=\"536\" srcset=\"https:\/\/thorfortunecasino.org\/wp-content\/uploads\/2026\/02\/Thorfortune-Desktop.webp 1248w, https:\/\/thorfortunecasino.org\/wp-content\/uploads\/2026\/02\/Thorfortune-Desktop-300x129.webp 300w, https:\/\/thorfortunecasino.org\/wp-content\/uploads\/2026\/02\/Thorfortune-Desktop-1024x440.webp 1024w, https:\/\/thorfortunecasino.org\/wp-content\/uploads\/2026\/02\/Thorfortune-Desktop-768x330.webp 768w\" sizes=\"(max-width: 1248px) 100vw, 1248px\" \/><\/p>\n<\/div><\/div><div style=\"clear: both\"><\/div><div class=\"d-flex justify-content-center\"><button data-item=\"decouvrez_link\" data-group=\"website_links\" class=\"goto fw-bold rounded-pill btn btn-orange\" aria-label=\"Pobierz aplikacj\u0119 Thorfortune\" >Pobierz aplikacj\u0119 Thorfortune<\/button><\/div><div class=\"scrollable-content-wrap my-5\"><div class=\"scrollable-content-inner\"><h2>G\u0142\u00f3wne zalety korzystania z Thorfortune app<\/h2>\n<p>Aplikacja PWA umo\u017cliwia znacznie szybszy dost\u0119p do kasyna Thorfortune z wszelkiego rodzaju urz\u0105dze\u0144 mobilnych. Po zainstalowaniu jej na smartfonie nie musisz logowa\u0107 si\u0119 na swoje konto przez przegl\u0105dark\u0119, wystarczy klikn\u0105\u0107 ikon\u0119 Thorfortune na ekranie g\u0142\u00f3wnym, aby natychmiast otworzy\u0107 nasz katalog gier.<\/p>\n<p>Aplikacja jest ca\u0142kowicie bezpieczna w u\u017cyciu. Nie musisz pobiera\u0107 \u017cadnych plik\u00f3w, aby zainstalowa\u0107 j\u0105 na swoim telefonie. Dzi\u0119ki temu nie zajmuje ona zbyt wiele miejsca w pami\u0119ci telefonu i nie zu\u017cywa wi\u0119cej baterii ni\u017c zwyk\u0142e gry hazardowe online.<\/p>\n<p>Oto podsumowanie wszystkich g\u0142\u00f3wnych zalet korzystania z aplikacji Thorfortune na urz\u0105dzeniu mobilnym:<\/p>\n<ul>\n<li>Szybsze \u0142adowanie<\/li>\n<li>Dost\u0119p offline do danych osobowych<\/li>\n<li>Wi\u0119ksza wygoda gry na smartfonie lub tablecie<\/li>\n<li>Niewielkie zu\u017cycie pami\u0119ci<\/li>\n<li>Najwy\u017cszy poziom ochrony danych<\/li>\n<li>Brak konieczno\u015bci r\u0119cznego aktualizowania<\/li>\n<\/ul>\n<p>Mo\u017cesz cieszy\u0107 si\u0119 wszystkimi tymi korzy\u015bciami za darmo \u2013 nie pobieramy op\u0142at od graczy za instalacj\u0119 aplikacji. Jej jedynym celem jest uczynienie Twojego do\u015bwiadczenia w Thorfortune Casino bardziej przyjemnym, niezale\u017cnie od tego, czy grasz na automatach na komputerze, czy na smartfonie.<\/p>\n<p><img loading=\"lazy\" decoding=\"async\" class=\"alignnone size-full wp-image-2040\" src=\"https:\/\/thorfortunecasino.org\/wp-content\/uploads\/2026\/02\/Thorfortune-Android.webp\" alt=\"Thorfortune Android\" width=\"1248\" height=\"536\" srcset=\"https:\/\/thorfortunecasino.org\/wp-content\/uploads\/2026\/02\/Thorfortune-Android.webp 1248w, https:\/\/thorfortunecasino.org\/wp-content\/uploads\/2026\/02\/Thorfortune-Android-300x129.webp 300w, https:\/\/thorfortunecasino.org\/wp-content\/uploads\/2026\/02\/Thorfortune-Android-1024x440.webp 1024w, https:\/\/thorfortunecasino.org\/wp-content\/uploads\/2026\/02\/Thorfortune-Android-768x330.webp 768w\" sizes=\"(max-width: 1248px) 100vw, 1248px\" \/><\/p>\n<\/div><\/div><div style=\"clear: both\"><\/div><div class=\"d-flex justify-content-center\"><button data-item=\"decouvrez_link\" data-group=\"website_links\" class=\"goto fw-bold rounded-pill btn btn-orange\" aria-label=\"Pobierz Thorfortune\" >Pobierz Thorfortune<\/button><\/div><div class=\"scrollable-content-wrap my-5\"><div class=\"scrollable-content-inner\"><h2>Jak zainstalowa\u0107 nasz\u0105 aplikacj\u0119 na urz\u0105dzeniu mobilnym<\/h2>\n<p>Nie musisz zak\u0142ada\u0107 nowego konta, aby wej\u015b\u0107 do Thorfortune Casino przez PWA ani przechodzi\u0107 procesu weryfikacji to\u017csamo\u015bci. Po zainstalowaniu aplikacji na smartfonie w mniej ni\u017c minut\u0119 mo\u017cesz po prostu uzyska\u0107 dost\u0119p do swojego profilu, u\u017cywaj\u0105c ju\u017c istniej\u0105cych danych logowania.<\/p>\n<h3>Instalacja aplikacji Thorfortune na Androidzie<\/h3>\n<p>Aplikacja Thorfortune Casino jest kompatybilna z ka\u017cdym urz\u0105dzeniem z systemem Android, a ca\u0142y proces instalacji sk\u0142ada si\u0119 zaledwie z czterech prostych krok\u00f3w:<\/p>\n<ol>\n<li>Wejd\u017a na nasz\u0105 stron\u0119 internetow\u0105 w wybranej przegl\u0105darce mobilnej.<\/li>\n<li>Kliknij ikon\u0119 z trzema kropkami, aby otworzy\u0107 ustawienia przegl\u0105darki.<\/li>\n<li>Znajd\u017a pozycj\u0119 \u201eDodaj do ekranu g\u0142\u00f3wnego\u201d w menu ustawie\u0144.<\/li>\n<li>Naci\u015bnij przycisk instalacji, aby zako\u0144czy\u0107 proces.<\/li>\n<\/ol>\n<p>W ci\u0105gu kilku sekund ikona Thorfortune pojawi si\u0119 na ekranie Twojego urz\u0105dzenia i b\u0119dziesz m\u00f3g\u0142 j\u0105 klikn\u0105\u0107 zamiast otwiera\u0107 przegl\u0105dark\u0119, gdy tylko zechcesz zagra\u0107 na automatach lub sprawdzi\u0107 informacje na swoim koncie w mobilnym kasynie.<\/p>\n<h3>Instalacja aplikacji Thor Fortune na iOS<\/h3>\n<p>Proces instalacji na urz\u0105dzeniach z systemem iOS jest prawie taki sam jak w przypadku Androida. Wystarczy otworzy\u0107 nasz\u0105 stron\u0119 internetow\u0105 na smartfonie, a nast\u0119pnie doda\u0107 ikon\u0119 Thorfortune Casino do ekranu g\u0142\u00f3wnego poprzez ustawienia przegl\u0105darki.<\/p>\n<p>W ten spos\u00f3b w mniej ni\u017c minut\u0119 uzyskasz szybki i wygodny dost\u0119p do swoich ulubionych gier kasynowych na iPhonie lub iPadzie. Nawet je\u015bli nie masz po\u0142\u0105czenia z Internetem, nadal b\u0119dziesz m\u00f3g\u0142 sprawdzi\u0107 niekt\u00f3re dane osobowe i raporty dotycz\u0105ce historii hazardu na swoim koncie Thorfortune za po\u015brednictwem naszej aplikacji PWA.<\/p>\n<p><img loading=\"lazy\" decoding=\"async\" class=\"alignnone size-full wp-image-2032\" src=\"https:\/\/thorfortunecasino.org\/wp-content\/uploads\/2026\/02\/Thorfortune-iOS.webp\" alt=\"Thorfortune iOS\" width=\"1248\" height=\"536\" srcset=\"https:\/\/thorfortunecasino.org\/wp-content\/uploads\/2026\/02\/Thorfortune-iOS.webp 1248w, https:\/\/thorfortunecasino.org\/wp-content\/uploads\/2026\/02\/Thorfortune-iOS-300x129.webp 300w, https:\/\/thorfortunecasino.org\/wp-content\/uploads\/2026\/02\/Thorfortune-iOS-1024x440.webp 1024w, https:\/\/thorfortunecasino.org\/wp-content\/uploads\/2026\/02\/Thorfortune-iOS-768x330.webp 768w\" sizes=\"(max-width: 1248px) 100vw, 1248px\" \/><\/p>\n<\/div><\/div><div style=\"clear: both\"><\/div><div class=\"d-flex justify-content-center\"><button data-item=\"decouvrez_link\" data-group=\"website_links\" class=\"goto fw-bold rounded-pill btn btn-orange\" aria-label=\"Pobierz aplikacj\u0119 Thorfortune\" >Pobierz aplikacj\u0119 Thorfortune<\/button><\/div><div class=\"scrollable-content-wrap my-5\"><div class=\"scrollable-content-inner\"><h2>FAQ<\/h2>\n<h3>Czy mog\u0119 korzysta\u0107 z aplikacji na wielu urz\u0105dzeniach?<\/h3>\n<p>Tak, aplikacja Thorfortune jest kompatybilna zar\u00f3wno z systemem Android, jak i iOS. Ponadto mo\u017cna j\u0105 doda\u0107 do pulpitu komputera, klikaj\u0105c ikon\u0119 instalacji w pasku adresu, obok adresu URL naszej strony internetowej.<\/p>\n<h3>Czy musz\u0119 utworzy\u0107 nowe konto w kasynie, aby korzysta\u0107 z Thorfortune app?<\/h3>\n<p>Nie, mo\u017cesz u\u017cywa\u0107 tych samych danych logowania, aby zalogowa\u0107 si\u0119 na swoje konto w kasynie z poziomu strony internetowej lub aplikacji PWA. Dane s\u0105 automatycznie synchronizowane mi\u0119dzy platformami i urz\u0105dzeniami, wi\u0119c raporty dotycz\u0105ce Twojej aktywno\u015bci hazardowej b\u0119d\u0105 zawiera\u0142y te same informacje niezale\u017cnie od tego, sk\u0105d uzyskasz do nich dost\u0119p.<\/p>\n<h3>Jak bezpieczne s\u0105 moje dane w Twoim kasynie mobilnym?<\/h3>\n<p>Nie musisz pobiera\u0107 \u017cadnych podejrzanych plik\u00f3w, aby uruchomi\u0107 aplikacj\u0119 Thor Fortune Casino na swoim urz\u0105dzeniu. Zainstalowana aplikacja PWA po prostu po\u0142\u0105czy Ci\u0119 z nasz\u0105 oficjaln\u0105 stron\u0105 internetow\u0105, kt\u00f3r\u0105 wyposa\u017cyli\u015bmy w najnowsze protoko\u0142y szyfrowania danych, aby zabezpieczy\u0107 Twoje poufne informacje i transakcje finansowe.<\/p>\n<\/div><\/div><\/p>\n","protected":false},"excerpt":{"rendered":"<p>Platforma mobilna Thor Fortune Thorfortune app umo\u017cliwia polskim graczom wygodny dost\u0119p do naszej platformy iGaming z dowolnego urz\u0105dzenia mobilnego, zar\u00f3wno z systemem Android, jak i iOS. Aplikacja jest bezp\u0142atna i \u0142atwa w instalacji. Mo\u017cna j\u0105 nawet doda\u0107 do pulpitu komputera, aby szybciej logowa\u0107 si\u0119 na swoje konto w Thor Fortune Casino.<\/p>\n","protected":false},"author":1,"featured_media":0,"parent":0,"menu_order":0,"comment_status":"closed","ping_status":"closed","template":"template-builder.php","meta":{"_acf_changed":false,"inline_featured_image":false,"footnotes":""},"class_list":["post-1447","page","type-page","status-publish","hentry"],"acf":[],"yoast_head":"<!-- This site is optimized with the Yoast SEO plugin v24.4 - https:\/\/yoast.com\/wordpress\/plugins\/seo\/ -->\n<title>Pobierz aplikacj\u0119 Thorfortune | iOS, Android i komputery stacjonarne<\/title>\n<meta name=\"description\" content=\"Zainstaluj aplikacj\u0119 Thorfortune na iOS, Androidzie, Windowsie i macOS, \u017ceby gra\u0107 w ponad 6000 gier kasynowych gdziekolwiek jeste\u015b. P\u0142ynne dzia\u0142anie, synchronizacja konta i wsparcie 24\/7 \u2013 wszystko to w Thorfortune.\" \/>\n<meta name=\"robots\" content=\"index, follow, max-snippet:-1, max-image-preview:large, max-video-preview:-1\" \/>\n<link rel=\"canonical\" href=\"https:\/\/thorfortunecasino.org\/pl\/aplikacja\/\" \/>\n<meta property=\"og:locale\" content=\"pl_PL\" \/>\n<meta property=\"og:type\" content=\"article\" \/>\n<meta property=\"og:title\" content=\"Pobierz aplikacj\u0119 Thorfortune | iOS, Android i komputery stacjonarne\" \/>\n<meta property=\"og:description\" content=\"Zainstaluj aplikacj\u0119 Thorfortune na iOS, Androidzie, Windowsie i macOS, \u017ceby gra\u0107 w ponad 6000 gier kasynowych gdziekolwiek jeste\u015b. P\u0142ynne dzia\u0142anie, synchronizacja konta i wsparcie 24\/7 \u2013 wszystko to w Thorfortune.\" \/>\n<meta property=\"og:url\" content=\"https:\/\/thorfortunecasino.org\/pl\/aplikacja\/\" \/>\n<meta property=\"og:site_name\" content=\"thorfortune\" \/>\n<meta property=\"article:modified_time\" content=\"2026-02-27T12:25:03+00:00\" \/>\n<meta name=\"twitter:card\" content=\"summary_large_image\" \/>\n<meta name=\"twitter:label1\" content=\"Est. reading time\" \/>\n\t<meta name=\"twitter:data1\" content=\"1 minute\" \/>\n<script type=\"application\/ld+json\" class=\"yoast-schema-graph\">{\"@context\":\"https:\/\/schema.org\",\"@graph\":[{\"@type\":\"WebPage\",\"@id\":\"https:\/\/thorfortunecasino.org\/pl\/aplikacja\/\",\"url\":\"https:\/\/thorfortunecasino.org\/pl\/aplikacja\/\",\"name\":\"Pobierz aplikacj\u0119 Thorfortune | iOS, Android i komputery stacjonarne\",\"isPartOf\":{\"@id\":\"https:\/\/thorfortunecasino.org\/pl\/#website\"},\"datePublished\":\"2026-01-20T12:08:23+00:00\",\"dateModified\":\"2026-02-27T12:25:03+00:00\",\"description\":\"Zainstaluj aplikacj\u0119 Thorfortune na iOS, Androidzie, Windowsie i macOS, \u017ceby gra\u0107 w ponad 6000 gier kasynowych gdziekolwiek jeste\u015b. P\u0142ynne dzia\u0142anie, synchronizacja konta i wsparcie 24\/7 \u2013 wszystko to w Thorfortune.\",\"breadcrumb\":{\"@id\":\"https:\/\/thorfortunecasino.org\/pl\/aplikacja\/#breadcrumb\"},\"inLanguage\":\"pl-PL\",\"potentialAction\":[{\"@type\":\"ReadAction\",\"target\":[\"https:\/\/thorfortunecasino.org\/pl\/aplikacja\/\"]}]},{\"@type\":\"BreadcrumbList\",\"@id\":\"https:\/\/thorfortunecasino.org\/pl\/aplikacja\/#breadcrumb\",\"itemListElement\":[{\"@type\":\"ListItem\",\"position\":1,\"name\":\"Thorfortune\",\"item\":\"https:\/\/thorfortunecasino.org\/pl\/\"},{\"@type\":\"ListItem\",\"position\":2,\"name\":\"Aplikacja\"}]},{\"@type\":\"WebSite\",\"@id\":\"https:\/\/thorfortunecasino.org\/pl\/#website\",\"url\":\"https:\/\/thorfortunecasino.org\/pl\/\",\"name\":\"Thorfortune\",\"description\":\"\",\"publisher\":{\"@id\":\"https:\/\/thorfortunecasino.org\/pl\/#organization\"},\"potentialAction\":[{\"@type\":\"SearchAction\",\"target\":{\"@type\":\"EntryPoint\",\"urlTemplate\":\"https:\/\/thorfortunecasino.org\/pl\/?s={search_term_string}\"},\"query-input\":{\"@type\":\"PropertyValueSpecification\",\"valueRequired\":true,\"valueName\":\"search_term_string\"}}],\"inLanguage\":\"pl-PL\"},{\"@type\":\"Organization\",\"@id\":\"https:\/\/thorfortunecasino.org\/pl\/#organization\",\"name\":\"Thorfortune\",\"url\":\"https:\/\/thorfortunecasino.org\/pl\/\",\"logo\":{\"@type\":\"ImageObject\",\"inLanguage\":\"pl-PL\",\"@id\":\"https:\/\/thorfortunecasino.org\/pl\/#\/schema\/logo\/image\/\",\"url\":\"https:\/\/thorfortunecasino.org\/wp-content\/uploads\/2026\/02\/logo.png\",\"contentUrl\":\"https:\/\/thorfortunecasino.org\/wp-content\/uploads\/2026\/02\/logo.png\",\"width\":160,\"height\":37,\"caption\":\"Thorfortune\"},\"image\":{\"@id\":\"https:\/\/thorfortunecasino.org\/pl\/#\/schema\/logo\/image\/\"}}]}<\/script>\n<!-- \/ Yoast SEO plugin. -->","yoast_head_json":{"title":"Pobierz aplikacj\u0119 Thorfortune | iOS, Android i komputery stacjonarne","description":"Zainstaluj aplikacj\u0119 Thorfortune na iOS, Androidzie, Windowsie i macOS, \u017ceby gra\u0107 w ponad 6000 gier kasynowych gdziekolwiek jeste\u015b. P\u0142ynne dzia\u0142anie, synchronizacja konta i wsparcie 24\/7 \u2013 wszystko to w Thorfortune.","robots":{"index":"index","follow":"follow","max-snippet":"max-snippet:-1","max-image-preview":"max-image-preview:large","max-video-preview":"max-video-preview:-1"},"canonical":"https:\/\/thorfortunecasino.org\/pl\/aplikacja\/","og_locale":"pl_PL","og_type":"article","og_title":"Pobierz aplikacj\u0119 Thorfortune | iOS, Android i komputery stacjonarne","og_description":"Zainstaluj aplikacj\u0119 Thorfortune na iOS, Androidzie, Windowsie i macOS, \u017ceby gra\u0107 w ponad 6000 gier kasynowych gdziekolwiek jeste\u015b. P\u0142ynne dzia\u0142anie, synchronizacja konta i wsparcie 24\/7 \u2013 wszystko to w Thorfortune.","og_url":"https:\/\/thorfortunecasino.org\/pl\/aplikacja\/","og_site_name":"thorfortune","article_modified_time":"2026-02-27T12:25:03+00:00","twitter_card":"summary_large_image","twitter_misc":{"Est. reading time":"1 minute"},"schema":{"@context":"https:\/\/schema.org","@graph":[{"@type":"WebPage","@id":"https:\/\/thorfortunecasino.org\/pl\/aplikacja\/","url":"https:\/\/thorfortunecasino.org\/pl\/aplikacja\/","name":"Pobierz aplikacj\u0119 Thorfortune | iOS, Android i komputery stacjonarne","isPartOf":{"@id":"https:\/\/thorfortunecasino.org\/pl\/#website"},"datePublished":"2026-01-20T12:08:23+00:00","dateModified":"2026-02-27T12:25:03+00:00","description":"Zainstaluj aplikacj\u0119 Thorfortune na iOS, Androidzie, Windowsie i macOS, \u017ceby gra\u0107 w ponad 6000 gier kasynowych gdziekolwiek jeste\u015b. P\u0142ynne dzia\u0142anie, synchronizacja konta i wsparcie 24\/7 \u2013 wszystko to w Thorfortune.","breadcrumb":{"@id":"https:\/\/thorfortunecasino.org\/pl\/aplikacja\/#breadcrumb"},"inLanguage":"pl-PL","potentialAction":[{"@type":"ReadAction","target":["https:\/\/thorfortunecasino.org\/pl\/aplikacja\/"]}]},{"@type":"BreadcrumbList","@id":"https:\/\/thorfortunecasino.org\/pl\/aplikacja\/#breadcrumb","itemListElement":[{"@type":"ListItem","position":1,"name":"Thorfortune","item":"https:\/\/thorfortunecasino.org\/pl\/"},{"@type":"ListItem","position":2,"name":"Aplikacja"}]},{"@type":"WebSite","@id":"https:\/\/thorfortunecasino.org\/pl\/#website","url":"https:\/\/thorfortunecasino.org\/pl\/","name":"Thorfortune","description":"","publisher":{"@id":"https:\/\/thorfortunecasino.org\/pl\/#organization"},"potentialAction":[{"@type":"SearchAction","target":{"@type":"EntryPoint","urlTemplate":"https:\/\/thorfortunecasino.org\/pl\/?s={search_term_string}"},"query-input":{"@type":"PropertyValueSpecification","valueRequired":true,"valueName":"search_term_string"}}],"inLanguage":"pl-PL"},{"@type":"Organization","@id":"https:\/\/thorfortunecasino.org\/pl\/#organization","name":"Thorfortune","url":"https:\/\/thorfortunecasino.org\/pl\/","logo":{"@type":"ImageObject","inLanguage":"pl-PL","@id":"https:\/\/thorfortunecasino.org\/pl\/#\/schema\/logo\/image\/","url":"https:\/\/thorfortunecasino.org\/wp-content\/uploads\/2026\/02\/logo.png","contentUrl":"https:\/\/thorfortunecasino.org\/wp-content\/uploads\/2026\/02\/logo.png","width":160,"height":37,"caption":"Thorfortune"},"image":{"@id":"https:\/\/thorfortunecasino.org\/pl\/#\/schema\/logo\/image\/"}}]}},"_links":{"self":[{"href":"https:\/\/thorfortunecasino.org\/pl\/wp-json\/wp\/v2\/pages\/1447"}],"collection":[{"href":"https:\/\/thorfortunecasino.org\/pl\/wp-json\/wp\/v2\/pages"}],"about":[{"href":"https:\/\/thorfortunecasino.org\/pl\/wp-json\/wp\/v2\/types\/page"}],"author":[{"embeddable":true,"href":"https:\/\/thorfortunecasino.org\/pl\/wp-json\/wp\/v2\/users\/1"}],"replies":[{"embeddable":true,"href":"https:\/\/thorfortunecasino.org\/pl\/wp-json\/wp\/v2\/comments?post=1447"}],"version-history":[{"count":3,"href":"https:\/\/thorfortunecasino.org\/pl\/wp-json\/wp\/v2\/pages\/1447\/revisions"}],"predecessor-version":[{"id":2092,"href":"https:\/\/thorfortunecasino.org\/pl\/wp-json\/wp\/v2\/pages\/1447\/revisions\/2092"}],"wp:attachment":[{"href":"https:\/\/thorfortunecasino.org\/pl\/wp-json\/wp\/v2\/media?parent=1447"}],"curies":[{"name":"wp","href":"https:\/\/api.w.org\/{rel}","templated":true}]}}