{"id":1485,"date":"2026-01-20T12:11:11","date_gmt":"2026-01-20T12:11:11","guid":{"rendered":"https:\/\/bonuskongcasino.com\/login-and-registration\/"},"modified":"2026-02-27T12:06:06","modified_gmt":"2026-02-27T12:06:06","slug":"accesso-e-registrazione","status":"publish","type":"page","link":"https:\/\/thorfortunecasino.org\/it\/accesso-e-registrazione\/","title":{"rendered":"Accesso e registrazione"},"content":{"rendered":"<h1>Accesso e registrazione all&#8217;account Thorfortune<\/h1>\n<p>Il processo di Thorfortune login \u00e8 davvero semplice, indipendentemente dal dispositivo da cui si accede. Puoi creare il tuo account in meno di un minuto e iniziare subito a giocare alle slot pi\u00f9 alla moda. Per i giocatori italiani non \u00e8 richiesta alcuna verifica iniziale dell&#8217;identit\u00e0 per registrarsi su Thorfortune Casino: ci occuperemo di questo aspetto solo al momento del tuo primo prelievo di fondi.<\/p>\n<p><div class=\"banner-wrap\" aria-label=\"Banner\"><img src=\"https:\/\/thorfortunecasino.org\/wp-content\/uploads\/2026\/02\/Thorfortune-bnr-pc.webp\" class=\"w-100 d-none d-lg-block img-pc main-banner-img\" alt=\"thorfortune banner desktop\" fetchpriority=\"high\" decoding=\"async\"><img src=\"https:\/\/thorfortunecasino.org\/wp-content\/uploads\/2026\/02\/thorfortune-banner-mobile.webp\" class=\"w-100 d-none d-md-block d-lg-none main-banner-img\" alt=\"thorfortune banner mobile\" fetchpriority=\"high\" decoding=\"async\"><img src=\"https:\/\/thorfortunecasino.org\/wp-content\/uploads\/2026\/02\/thorfortune-banner-mobile.webp\" class=\"w-100 d-md-none\" alt=\"thorfortune banner mobile\" fetchpriority=\"high\" decoding=\"async\"><div class=\"banner-description\">\n<div class=\"banner-title\">Bonus di benvenuto<\/div>\n<p class=\"banner-header-title\">1500 \u20ac<\/p>\n<div class=\"banner-header-AdditionalText\">+ 250 Giri gratuiti<\/div>\n<button data-item=\"homepage_banner_link\" class=\"goto m-button m-gradient-border m-button--primary m-button--large banner-button btn-orange\">\n            <div class=\"m-button-content\">\n                <span>Iscriviti ora<\/span>\n                <span><\/span>\n            <\/div>\n        <\/button>\n<\/div>\n<div class=\"WelcomePack\">\n<p><img loading=\"lazy\" decoding=\"async\" class=\"alignnone size-full wp-image-1847\" src=\"https:\/\/thorfortunecasino.org\/wp-content\/uploads\/2026\/02\/welcome-crown.png\" alt=\"welcome crown\" width=\"25\" height=\"26\" \/><\/p>\n<div class=\"WelcomePack-Info\">Cashback settimanale fino al 25%<\/div>\n<p><img loading=\"lazy\" decoding=\"async\" class=\"alignnone size-full wp-image-1847\" src=\"https:\/\/thorfortunecasino.org\/wp-content\/uploads\/2026\/02\/welcome-crown.png\" alt=\"welcome crown\" width=\"25\" height=\"26\" \/><\/p>\n<\/div>\n<\/div><div class=\"scrollable-content-wrap my-5\"><div class=\"scrollable-content-inner\"><h2>Come creare un account Thorfortune?<\/h2>\n<p>Per registrarti su Thorfortune Casino, tutto ci\u00f2 che devi fare \u00e8 compilare il modulo di registrazione con le tue informazioni personali di base e toccare lo schermo un paio di volte. Se la tua connessione Internet \u00e8 stabile, l&#8217;intero processo richiede meno di un minuto. Ecco come funziona passo dopo passo:<\/p>\n<ol>\n<li>Clicca sul pulsante di registrazione nell&#8217;angolo in alto a destra dello schermo.<\/li>\n<li>Digita il tuo indirizzo e-mail e crea una password sicura.<\/li>\n<li>Spunta le caselle per verificare di avere pi\u00f9 di 18 anni e accettare i nostri termini e condizioni.<\/li>\n<li>Clicca ancora una volta sul pulsante per procedere.<\/li>\n<li>Completa la procedura fornendoci i seguenti dati: nome e cognome, numero di telefono e data di nascita.<\/li>\n<\/ol>\n<p>E questo \u00e8 tutto. Una volta creato il tuo account Thorfortune, potrai effettuare il tuo primo deposito, ricevere la parte iniziale del nostro bonus di benvenuto e iniziare a giocare ai nostri giochi da casin\u00f2 senza indugio.<\/p>\n<h3>Nozioni legali<\/h3>\n<p>Anche se Thor Fortune non verifica l&#8217;identit\u00e0 dei giocatori al momento della registrazione, tieni presente che il gioco d&#8217;azzardo minorile \u00e8 illegale. Pertanto, solo i giocatori adulti hanno diritto a godere di un&#8217;esperienza di gioco completa con prelievi di denaro sulla nostra piattaforma. Se scopriamo che hai meno di 18 anni, il tuo account verr\u00e0 cancellato.<\/p>\n<p>Inoltre, devi essere residente in un paese in cui il gioco d&#8217;azzardo online \u00e8 consentito dalla legge. Il sito web Thorfortune rilever\u00e0 automaticamente la tua posizione e aggiunger\u00e0 queste informazioni ai dettagli del tuo account al momento della registrazione. Non potrai impostare manualmente un altro paese nelle informazioni del tuo profilo senza l&#8217;aiuto del nostro team di assistenza multilingue.<\/p>\n<h2>Come effettuare il login?<\/h2>\n<p>L&#8217;accesso a Thorfortune \u00e8 un processo standard e intuitivo: \u00e8 sufficiente aggiungere le credenziali indicate in precedenza al widget di accesso e toccare il pulsante per confermare che siano corrette. Se hai dimenticato la password, clicca sul link &#8220;Password dimenticata&#8221; nel modulo di accesso a Thorfortune e segui le istruzioni sullo schermo per reimpostarla rapidamente.<\/p>\n<p>Hai la possibilit\u00e0 di attivare l&#8217;autenticazione a due fattori (2FA) nelle tue impostazioni di sicurezza personali. In questo caso, dovrai anche inserire un codice monouso ogni volta che accedi al tuo account Thor Fortune Casino. Utilizziamo l&#8217;app Google Authenticator per fornirti questi codici ad ogni accesso.<\/p>\n<p><img loading=\"lazy\" decoding=\"async\" class=\"alignnone size-full wp-image-2007\" src=\"https:\/\/thorfortunecasino.org\/wp-content\/uploads\/2026\/02\/Thorfortune-login-page.webp\" alt=\"Thorfortune login page\" width=\"1248\" height=\"536\" srcset=\"https:\/\/thorfortunecasino.org\/wp-content\/uploads\/2026\/02\/Thorfortune-login-page.webp 1248w, https:\/\/thorfortunecasino.org\/wp-content\/uploads\/2026\/02\/Thorfortune-login-page-300x129.webp 300w, https:\/\/thorfortunecasino.org\/wp-content\/uploads\/2026\/02\/Thorfortune-login-page-1024x440.webp 1024w, https:\/\/thorfortunecasino.org\/wp-content\/uploads\/2026\/02\/Thorfortune-login-page-768x330.webp 768w\" sizes=\"(max-width: 1248px) 100vw, 1248px\" \/><\/p>\n<h2>Come gestire i dati nel tuo account Thorfortune Casino?<\/h2>\n<p>Il tuo account Thorfortune \u00e8 un hub centralizzato che fornisce un facile accesso ai tuoi dati relativi al gioco d&#8217;azzardo e comodi strumenti di gestione. Comprende le seguenti interfacce e impostazioni utili:<\/p>\n<table>\n<tbody>\n<tr>\n<td>Nome dell&#8217;interfaccia<\/td>\n<td>Caratteristiche principali<\/td>\n<td>Descrizione<\/td>\n<\/tr>\n<tr>\n<td>Cronologia<\/td>\n<td>Rapporti sulla tua attivit\u00e0 di gioco e sulle transazioni finanziarie presso Thorfortune Casino.<\/td>\n<td>Qui puoi vedere un resoconto accurato delle tue sessioni di gioco e delle tue attivit\u00e0 finanziarie nel nostro casin\u00f2. I rapporti hanno impostazioni flessibili, quindi puoi personalizzarne l&#8217;aspetto in base alle tue esigenze.<\/td>\n<\/tr>\n<tr>\n<td>Portafoglio<\/td>\n<td>Pulsanti di deposito e prelievo e informazioni sui tuoi saldi totali.<\/td>\n<td>Questa interfaccia fornisce tutti gli strumenti necessari per la gestione finanziaria. Qui puoi impostare la tua valuta e controllare quanto denaro hai sul tuo conto.<\/td>\n<\/tr>\n<tr>\n<td>Impostazioni generali<\/td>\n<td>Dettagli del profilo personale, tracciatore del sistema fedelt\u00e0 e widget di onboarding.<\/td>\n<td>Qui puoi modificare le tue informazioni personali (compresi i tuoi dati di contatto e il nome utente) e controllare i tuoi progressi all&#8217;interno del nostro sistema fedelt\u00e0.<\/td>\n<\/tr>\n<tr>\n<td>Impostazioni di sicurezza<\/td>\n<td>Gestione delle password, 2FA, cronologia delle sessioni.<\/td>\n<td>Qui puoi aggiornare la tua password e abilitare l&#8217;autenticazione a due fattori (2FA) per una maggiore sicurezza dell&#8217;account. I rapporti dettagliati sui tuoi accessi e sulle tue sessioni su Thorfortune rendono facile individuare eventuali attivit\u00e0 sospette.<\/td>\n<\/tr>\n<tr>\n<td>Controlli sul gioco<\/td>\n<td>Limiti di budget, limiti di sessione e autoesclusione.<\/td>\n<td>Qui puoi impostare limiti di deposito e di tempo per evitare spese eccessive legate al gioco. E se desideri prenderti una pausa da Thorfortune, puoi anche richiedere l&#8217;autoesclusione.<\/td>\n<\/tr>\n<\/tbody>\n<\/table>\n<h2>Domande frequenti<\/h2>\n<h3>Devo sottopormi a un processo di verifica dell&#8217;identit\u00e0 quando creo un account Thor Fortune?<\/h3>\n<p>No, effettuiamo un controllo approfondito dell&#8217;identit\u00e0 solo dopo che hai richiesto il tuo primo prelievo di fondi: dovrai fornirci copie del tuo passaporto, delle bollette e della carta di credito utilizzata per elaborare il prelievo. Prima di allora, sei libero di giocare sulla nostra piattaforma ed effettuare depositi senza fornirci alcuna prova di identit\u00e0.<\/p>\n<h3>Quali sono i vantaggi di registrarsi su Thorfortune Casino?<\/h3>\n<p>Dopo aver effettuato l&#8217;accesso a Thorfortune, avrai accesso a migliaia dei migliori giochi da casin\u00f2, che possono essere giocati anche in modalit\u00e0 demo. Inoltre, ogni nuovo utente registrato ha diritto a un bonus di benvenuto: per usufruirne appieno, devi creare un account ed effettuare almeno tre depositi.<\/p>\n<h3>Come posso proteggere il mio account da accessi non autorizzati?<\/h3>\n<p>Il modo migliore per prevenire accessi non autorizzati \u00e8 abilitare l&#8217;autenticazione a due fattori (2FA) nelle impostazioni di sicurezza personali. Quando questa funzione \u00e8 attiva, sar\u00e0 necessario inserire un codice monouso unico ad ogni accesso a Thorfortune. Inoltre, ti consigliamo di aggiornare la tua password ogni sei mesi. In caso di problemi, non esitare a contattare il nostro team di assistenza tramite e-mail o Live Chat.<\/p>\n<\/div><\/div><\/p>\n","protected":false},"excerpt":{"rendered":"<p>Accesso e registrazione all&#8217;account Thorfortune Il processo di Thorfortune login \u00e8 davvero semplice, indipendentemente dal dispositivo da cui si accede. Puoi creare il tuo account in meno di un minuto e iniziare subito a giocare alle slot pi\u00f9 alla moda. Per i giocatori italiani non \u00e8 richiesta alcuna verifica iniziale dell&#8217;identit\u00e0 per registrarsi su Thorfortune [&hellip;]<\/p>\n","protected":false},"author":1,"featured_media":0,"parent":0,"menu_order":0,"comment_status":"closed","ping_status":"closed","template":"template-builder.php","meta":{"_acf_changed":false,"inline_featured_image":false,"footnotes":""},"class_list":["post-1485","page","type-page","status-publish","hentry"],"acf":[],"yoast_head":"<!-- This site is optimized with the Yoast SEO plugin v24.4 - https:\/\/yoast.com\/wordpress\/plugins\/seo\/ -->\n<title>Thorfortune Login - Accesso sicuro alla registrazione e al login<\/title>\n<meta name=\"description\" content=\"Accesso a Thorfortune: accedi al tuo account in modo sicuro o creane uno nuovo in pochi minuti. Gestisci facilmente la verifica, il recupero della password e le impostazioni dell&#039;account in Thorfortune.\" \/>\n<meta name=\"robots\" content=\"index, follow, max-snippet:-1, max-image-preview:large, max-video-preview:-1\" \/>\n<link rel=\"canonical\" href=\"https:\/\/thorfortunecasino.org\/it\/accesso-e-registrazione\/\" \/>\n<meta property=\"og:locale\" content=\"it_IT\" \/>\n<meta property=\"og:type\" content=\"article\" \/>\n<meta property=\"og:title\" content=\"Thorfortune Login - Accesso sicuro alla registrazione e al login\" \/>\n<meta property=\"og:description\" content=\"Accesso a Thorfortune: accedi al tuo account in modo sicuro o creane uno nuovo in pochi minuti. Gestisci facilmente la verifica, il recupero della password e le impostazioni dell&#039;account in Thorfortune.\" \/>\n<meta property=\"og:url\" content=\"https:\/\/thorfortunecasino.org\/it\/accesso-e-registrazione\/\" \/>\n<meta property=\"og:site_name\" content=\"thorfortune\" \/>\n<meta property=\"article:modified_time\" content=\"2026-02-27T12:06:06+00:00\" \/>\n<meta name=\"twitter:card\" content=\"summary_large_image\" \/>\n<meta name=\"twitter:label1\" content=\"Est. reading time\" \/>\n\t<meta name=\"twitter:data1\" content=\"1 minute\" \/>\n<script type=\"application\/ld+json\" class=\"yoast-schema-graph\">{\"@context\":\"https:\/\/schema.org\",\"@graph\":[{\"@type\":\"WebPage\",\"@id\":\"https:\/\/thorfortunecasino.org\/it\/accesso-e-registrazione\/\",\"url\":\"https:\/\/thorfortunecasino.org\/it\/accesso-e-registrazione\/\",\"name\":\"Thorfortune Login - Accesso sicuro alla registrazione e al login\",\"isPartOf\":{\"@id\":\"https:\/\/thorfortunecasino.org\/it\/#website\"},\"datePublished\":\"2026-01-20T12:11:11+00:00\",\"dateModified\":\"2026-02-27T12:06:06+00:00\",\"description\":\"Accesso a Thorfortune: accedi al tuo account in modo sicuro o creane uno nuovo in pochi minuti. Gestisci facilmente la verifica, il recupero della password e le impostazioni dell'account in Thorfortune.\",\"breadcrumb\":{\"@id\":\"https:\/\/thorfortunecasino.org\/it\/accesso-e-registrazione\/#breadcrumb\"},\"inLanguage\":\"it-IT\",\"potentialAction\":[{\"@type\":\"ReadAction\",\"target\":[\"https:\/\/thorfortunecasino.org\/it\/accesso-e-registrazione\/\"]}]},{\"@type\":\"BreadcrumbList\",\"@id\":\"https:\/\/thorfortunecasino.org\/it\/accesso-e-registrazione\/#breadcrumb\",\"itemListElement\":[{\"@type\":\"ListItem\",\"position\":1,\"name\":\"Thorfortune\",\"item\":\"https:\/\/thorfortunecasino.org\/it\/\"},{\"@type\":\"ListItem\",\"position\":2,\"name\":\"Accesso e registrazione\"}]},{\"@type\":\"WebSite\",\"@id\":\"https:\/\/thorfortunecasino.org\/it\/#website\",\"url\":\"https:\/\/thorfortunecasino.org\/it\/\",\"name\":\"Thorfortune\",\"description\":\"\",\"publisher\":{\"@id\":\"https:\/\/thorfortunecasino.org\/it\/#organization\"},\"potentialAction\":[{\"@type\":\"SearchAction\",\"target\":{\"@type\":\"EntryPoint\",\"urlTemplate\":\"https:\/\/thorfortunecasino.org\/it\/?s={search_term_string}\"},\"query-input\":{\"@type\":\"PropertyValueSpecification\",\"valueRequired\":true,\"valueName\":\"search_term_string\"}}],\"inLanguage\":\"it-IT\"},{\"@type\":\"Organization\",\"@id\":\"https:\/\/thorfortunecasino.org\/it\/#organization\",\"name\":\"Thorfortune\",\"url\":\"https:\/\/thorfortunecasino.org\/it\/\",\"logo\":{\"@type\":\"ImageObject\",\"inLanguage\":\"it-IT\",\"@id\":\"https:\/\/thorfortunecasino.org\/it\/#\/schema\/logo\/image\/\",\"url\":\"https:\/\/thorfortunecasino.org\/wp-content\/uploads\/2026\/02\/logo.png\",\"contentUrl\":\"https:\/\/thorfortunecasino.org\/wp-content\/uploads\/2026\/02\/logo.png\",\"width\":160,\"height\":37,\"caption\":\"Thorfortune\"},\"image\":{\"@id\":\"https:\/\/thorfortunecasino.org\/it\/#\/schema\/logo\/image\/\"}}]}<\/script>\n<!-- \/ Yoast SEO plugin. -->","yoast_head_json":{"title":"Thorfortune Login - Accesso sicuro alla registrazione e al login","description":"Accesso a Thorfortune: accedi al tuo account in modo sicuro o creane uno nuovo in pochi minuti. Gestisci facilmente la verifica, il recupero della password e le impostazioni dell'account in Thorfortune.","robots":{"index":"index","follow":"follow","max-snippet":"max-snippet:-1","max-image-preview":"max-image-preview:large","max-video-preview":"max-video-preview:-1"},"canonical":"https:\/\/thorfortunecasino.org\/it\/accesso-e-registrazione\/","og_locale":"it_IT","og_type":"article","og_title":"Thorfortune Login - Accesso sicuro alla registrazione e al login","og_description":"Accesso a Thorfortune: accedi al tuo account in modo sicuro o creane uno nuovo in pochi minuti. Gestisci facilmente la verifica, il recupero della password e le impostazioni dell'account in Thorfortune.","og_url":"https:\/\/thorfortunecasino.org\/it\/accesso-e-registrazione\/","og_site_name":"thorfortune","article_modified_time":"2026-02-27T12:06:06+00:00","twitter_card":"summary_large_image","twitter_misc":{"Est. reading time":"1 minute"},"schema":{"@context":"https:\/\/schema.org","@graph":[{"@type":"WebPage","@id":"https:\/\/thorfortunecasino.org\/it\/accesso-e-registrazione\/","url":"https:\/\/thorfortunecasino.org\/it\/accesso-e-registrazione\/","name":"Thorfortune Login - Accesso sicuro alla registrazione e al login","isPartOf":{"@id":"https:\/\/thorfortunecasino.org\/it\/#website"},"datePublished":"2026-01-20T12:11:11+00:00","dateModified":"2026-02-27T12:06:06+00:00","description":"Accesso a Thorfortune: accedi al tuo account in modo sicuro o creane uno nuovo in pochi minuti. Gestisci facilmente la verifica, il recupero della password e le impostazioni dell'account in Thorfortune.","breadcrumb":{"@id":"https:\/\/thorfortunecasino.org\/it\/accesso-e-registrazione\/#breadcrumb"},"inLanguage":"it-IT","potentialAction":[{"@type":"ReadAction","target":["https:\/\/thorfortunecasino.org\/it\/accesso-e-registrazione\/"]}]},{"@type":"BreadcrumbList","@id":"https:\/\/thorfortunecasino.org\/it\/accesso-e-registrazione\/#breadcrumb","itemListElement":[{"@type":"ListItem","position":1,"name":"Thorfortune","item":"https:\/\/thorfortunecasino.org\/it\/"},{"@type":"ListItem","position":2,"name":"Accesso e registrazione"}]},{"@type":"WebSite","@id":"https:\/\/thorfortunecasino.org\/it\/#website","url":"https:\/\/thorfortunecasino.org\/it\/","name":"Thorfortune","description":"","publisher":{"@id":"https:\/\/thorfortunecasino.org\/it\/#organization"},"potentialAction":[{"@type":"SearchAction","target":{"@type":"EntryPoint","urlTemplate":"https:\/\/thorfortunecasino.org\/it\/?s={search_term_string}"},"query-input":{"@type":"PropertyValueSpecification","valueRequired":true,"valueName":"search_term_string"}}],"inLanguage":"it-IT"},{"@type":"Organization","@id":"https:\/\/thorfortunecasino.org\/it\/#organization","name":"Thorfortune","url":"https:\/\/thorfortunecasino.org\/it\/","logo":{"@type":"ImageObject","inLanguage":"it-IT","@id":"https:\/\/thorfortunecasino.org\/it\/#\/schema\/logo\/image\/","url":"https:\/\/thorfortunecasino.org\/wp-content\/uploads\/2026\/02\/logo.png","contentUrl":"https:\/\/thorfortunecasino.org\/wp-content\/uploads\/2026\/02\/logo.png","width":160,"height":37,"caption":"Thorfortune"},"image":{"@id":"https:\/\/thorfortunecasino.org\/it\/#\/schema\/logo\/image\/"}}]}},"_links":{"self":[{"href":"https:\/\/thorfortunecasino.org\/it\/wp-json\/wp\/v2\/pages\/1485"}],"collection":[{"href":"https:\/\/thorfortunecasino.org\/it\/wp-json\/wp\/v2\/pages"}],"about":[{"href":"https:\/\/thorfortunecasino.org\/it\/wp-json\/wp\/v2\/types\/page"}],"author":[{"embeddable":true,"href":"https:\/\/thorfortunecasino.org\/it\/wp-json\/wp\/v2\/users\/1"}],"replies":[{"embeddable":true,"href":"https:\/\/thorfortunecasino.org\/it\/wp-json\/wp\/v2\/comments?post=1485"}],"version-history":[{"count":3,"href":"https:\/\/thorfortunecasino.org\/it\/wp-json\/wp\/v2\/pages\/1485\/revisions"}],"predecessor-version":[{"id":2086,"href":"https:\/\/thorfortunecasino.org\/it\/wp-json\/wp\/v2\/pages\/1485\/revisions\/2086"}],"wp:attachment":[{"href":"https:\/\/thorfortunecasino.org\/it\/wp-json\/wp\/v2\/media?parent=1485"}],"curies":[{"name":"wp","href":"https:\/\/api.w.org\/{rel}","templated":true}]}}