{"id":1445,"date":"2026-01-20T12:08:23","date_gmt":"2026-01-20T12:08:23","guid":{"rendered":"https:\/\/bonuskongcasino.com\/app\/"},"modified":"2026-02-27T11:54:14","modified_gmt":"2026-02-27T11:54:14","slug":"applicazione","status":"publish","type":"page","link":"https:\/\/thorfortunecasino.org\/it\/applicazione\/","title":{"rendered":"Applicazione"},"content":{"rendered":"<h1>Piattaforma mobile Thor Fortune<\/h1>\n<p>Thorfortune app consente ai giocatori italiani di accedere comodamente alla nostra piattaforma iGaming da qualsiasi dispositivo mobile, sia Android che iOS. L&#8217;applicazione \u00e8 gratuita e facile da installare. Puoi anche aggiungerla al desktop del tuo computer per accedere pi\u00f9 rapidamente al tuo conto Thor Fortune Casino.<\/p>\n<p><div class=\"banner-wrap\" aria-label=\"Banner\"><img src=\"https:\/\/thorfortunecasino.org\/wp-content\/uploads\/2026\/02\/Thorfortune-bnr-pc.webp\" class=\"w-100 d-none d-lg-block img-pc main-banner-img\" alt=\"thorfortune banner desktop\" fetchpriority=\"high\" decoding=\"async\"><img src=\"https:\/\/thorfortunecasino.org\/wp-content\/uploads\/2026\/02\/thorfortune-banner-mobile.webp\" class=\"w-100 d-none d-md-block d-lg-none main-banner-img\" alt=\"thorfortune banner mobile\" fetchpriority=\"high\" decoding=\"async\"><img src=\"https:\/\/thorfortunecasino.org\/wp-content\/uploads\/2026\/02\/thorfortune-banner-mobile.webp\" class=\"w-100 d-md-none\" alt=\"thorfortune banner mobile\" fetchpriority=\"high\" decoding=\"async\"><div class=\"banner-description\">\n<div class=\"banner-title\">Bonus di benvenuto<\/div>\n<p class=\"banner-header-title\">1500 \u20ac<\/p>\n<div class=\"banner-header-AdditionalText\">+ 250 Giri gratuiti<\/div>\n<button data-item=\"homepage_banner_link\" class=\"goto m-button m-gradient-border m-button--primary m-button--large banner-button btn-orange\">\n            <div class=\"m-button-content\">\n                <span>Iscriviti ora<\/span>\n                <span><\/span>\n            <\/div>\n        <\/button>\n<\/div>\n<div class=\"WelcomePack\">\n<p><img loading=\"lazy\" decoding=\"async\" class=\"alignnone size-full wp-image-1847\" src=\"https:\/\/thorfortunecasino.org\/wp-content\/uploads\/2026\/02\/welcome-crown.png\" alt=\"welcome crown\" width=\"25\" height=\"26\" \/><\/p>\n<div class=\"WelcomePack-Info\">Cashback settimanale fino al 25%<\/div>\n<p><img loading=\"lazy\" decoding=\"async\" class=\"alignnone size-full wp-image-1847\" src=\"https:\/\/thorfortunecasino.org\/wp-content\/uploads\/2026\/02\/welcome-crown.png\" alt=\"welcome crown\" width=\"25\" height=\"26\" \/><\/p>\n<\/div>\n<\/div><div class=\"scrollable-content-wrap my-5\"><div class=\"scrollable-content-inner\"><h2>Thorfortune Casino app: caratteristiche principali<\/h2>\n<p>La nostra app \u00e8 un&#8217;applicazione web progressiva (PWA) che funziona come una scorciatoia alla versione web principale della piattaforma Thorfortune. Fornisce accesso a tutte le stesse caratteristiche e interfacce che puoi trovare sul sito web. Tuttavia, \u00e8 caratterizzata da tempi di caricamento molto pi\u00f9 rapidi e da una maggiore comodit\u00e0 in termini di gioco d&#8217;azzardo su smartphone o tablet.<\/p>\n<p>Inoltre, l&#8217;app Thorfortune dispone di notifiche push, che puoi abilitare nelle impostazioni del tuo dispositivo. Questa funzione ti terr\u00e0 informato sulle nostre ultime campagne promozionali e sui bonus personali di cui puoi usufruire. Con le notifiche push attivate, non rischierai mai di perdere un&#8217;opportunit\u00e0 limitata nel tempo per vincere bonus in denaro extra o giri gratuiti.<\/p>\n<table>\n<tbody>\n<tr>\n<td>Funzionalit\u00e0 dell&#8217;app<\/td>\n<td>Dettagli<\/td>\n<\/tr>\n<tr>\n<td>Catalogo dei giochi<\/td>\n<td>Goditi un comodo accesso a oltre 6.000 giochi da casin\u00f2<\/td>\n<\/tr>\n<tr>\n<td>Profilo personale<\/td>\n<td>Gestisci facilmente i tuoi dati personali e le impostazioni di sicurezza sul tuo smartphone<\/td>\n<\/tr>\n<tr>\n<td>Live chat<\/td>\n<td>Contatta rapidamente il nostro team di assistenza multilingue in qualsiasi momento della giornata<\/td>\n<\/tr>\n<tr>\n<td>Notifiche push<\/td>\n<td>Ricevi tempestivamente le ultime informazioni sulle nostre campagne promozionali<\/td>\n<\/tr>\n<tr>\n<td>Controlli sul gioco<\/td>\n<td>Imposta limiti di budget e limiti di sessione per mantenere il controllo delle tue risorse<\/td>\n<\/tr>\n<tr>\n<td>Portafoglio<\/td>\n<td>Gestisci le tue transazioni finanziarie in modo semplice<\/td>\n<\/tr>\n<tr>\n<td>Cronologia<\/td>\n<td>Tieni traccia e analizza le tue attivit\u00e0 di gioco su Thor Fortune<\/td>\n<\/tr>\n<tr>\n<td>Comandi touch<\/td>\n<td>Goditi un&#8217;esperienza di gioco senza interruzioni sul tuo tablet o telefono<\/td>\n<\/tr>\n<tr>\n<td>Design adattivo<\/td>\n<td>Gioca alle slot online e ad altri giochi da casin\u00f2 su qualsiasi dispositivo: le interfacce si adatteranno automaticamente alle dimensioni del tuo schermo<\/td>\n<\/tr>\n<\/tbody>\n<\/table>\n<p><img loading=\"lazy\" decoding=\"async\" class=\"alignnone size-full wp-image-2023\" src=\"https:\/\/thorfortunecasino.org\/wp-content\/uploads\/2026\/02\/Thorfortune-Desktop.webp\" alt=\"Thorfortune Desktop\" width=\"1248\" height=\"536\" srcset=\"https:\/\/thorfortunecasino.org\/wp-content\/uploads\/2026\/02\/Thorfortune-Desktop.webp 1248w, https:\/\/thorfortunecasino.org\/wp-content\/uploads\/2026\/02\/Thorfortune-Desktop-300x129.webp 300w, https:\/\/thorfortunecasino.org\/wp-content\/uploads\/2026\/02\/Thorfortune-Desktop-1024x440.webp 1024w, https:\/\/thorfortunecasino.org\/wp-content\/uploads\/2026\/02\/Thorfortune-Desktop-768x330.webp 768w\" sizes=\"(max-width: 1248px) 100vw, 1248px\" \/><\/p>\n<\/div><\/div><div style=\"clear: both\"><\/div><div class=\"d-flex justify-content-center\"><button data-item=\"decouvrez_link\" data-group=\"website_links\" class=\"goto fw-bold rounded-pill btn btn-orange\" aria-label=\"Scarica l&#039;app Thotfortune\" >Scarica l&#039;app Thotfortune<\/button><\/div><div class=\"scrollable-content-wrap my-5\"><div class=\"scrollable-content-inner\"><h2>Principali vantaggi dell&#8217;utilizzo dell&#8217;app Thorfortune<\/h2>\n<p>La PWA consente un accesso molto pi\u00f9 rapido a Thorfortune Casino da dispositivi mobili di ogni tipo. Dopo averla installata sul tuo smartphone, non dovrai pi\u00f9 accedere al tuo account tramite il browser, ma potrai semplicemente toccare l&#8217;icona Thorfortune sulla schermata iniziale per aprire il nostro catalogo di giochi in un istante.<\/p>\n<p>L&#8217;app \u00e8 assolutamente sicura da usare. Non \u00e8 necessario scaricare alcun file per installarla sul telefono. Ecco perch\u00e9 non occupa troppo spazio nella memoria del telefono e non consuma la batteria pi\u00f9 delle normali attivit\u00e0 di gioco online.<\/p>\n<p>Ecco una sintesi di tutti i principali vantaggi dell&#8217;utilizzo dell&#8217;app Thorfortune sul tuo dispositivo mobile:<\/p>\n<ul>\n<li>Tempi di caricamento pi\u00f9 rapidi<\/li>\n<li>Accesso offline alle tue informazioni personali<\/li>\n<li>Gioco pi\u00f9 comodo su smartphone o tablet<\/li>\n<li>Ingombro di memoria insignificante<\/li>\n<li>Protezione dei dati di prim&#8217;ordine<\/li>\n<li>Nessuna necessit\u00e0 di aggiornamenti manuali<\/li>\n<\/ul>\n<p>Puoi godere di tutti questi vantaggi gratuitamente: non addebitiamo alcun costo ai nostri giocatori per l&#8217;installazione dell&#8217;app. Il suo unico scopo \u00e8 quello di rendere pi\u00f9 piacevole la tua esperienza su Thorfortune Casino, indipendentemente dal fatto che tu giochi alle slot su un computer o su uno smartphone.<\/p>\n<p><img loading=\"lazy\" decoding=\"async\" class=\"alignnone size-full wp-image-2039\" src=\"https:\/\/thorfortunecasino.org\/wp-content\/uploads\/2026\/02\/Thorfortune-Android.webp\" alt=\"Thorfortune Android\" width=\"1248\" height=\"536\" srcset=\"https:\/\/thorfortunecasino.org\/wp-content\/uploads\/2026\/02\/Thorfortune-Android.webp 1248w, https:\/\/thorfortunecasino.org\/wp-content\/uploads\/2026\/02\/Thorfortune-Android-300x129.webp 300w, https:\/\/thorfortunecasino.org\/wp-content\/uploads\/2026\/02\/Thorfortune-Android-1024x440.webp 1024w, https:\/\/thorfortunecasino.org\/wp-content\/uploads\/2026\/02\/Thorfortune-Android-768x330.webp 768w\" sizes=\"(max-width: 1248px) 100vw, 1248px\" \/><\/p>\n<\/div><\/div><div style=\"clear: both\"><\/div><div class=\"d-flex justify-content-center\"><button data-item=\"decouvrez_link\" data-group=\"website_links\" class=\"goto fw-bold rounded-pill btn btn-orange\" aria-label=\"Scarica Thorfortune\" >Scarica Thorfortune<\/button><\/div><div class=\"scrollable-content-wrap my-5\"><div class=\"scrollable-content-inner\"><h2>Come installare la nostra app sul tuo dispositivo mobile<\/h2>\n<p>Non \u00e8 necessario creare un nuovo account per accedere a Thorfortune Casino tramite la PWA n\u00e9 sottoporsi a un processo di verifica dell&#8217;identit\u00e0. Puoi semplicemente accedere al tuo profilo utilizzando le credenziali gi\u00e0 esistenti dopo aver installato l&#8217;app sul tuo smartphone in meno di un minuto.<\/p>\n<h3>Installazione dell&#8217;app Thorfortune su Android<\/h3>\n<p>L&#8217;app Thorfortune Casino \u00e8 compatibile con qualsiasi dispositivo Android e l&#8217;intero processo di installazione comprende solo quattro semplici passaggi:<\/p>\n<ol>\n<li>Vai al nostro sito web dal browser mobile che preferisci.<\/li>\n<li>Clicca sull&#8217;icona con i tre puntini per aprire le impostazioni del browser.<\/li>\n<li>Individua la voce &#8220;Aggiungi alla Schermata Home&#8221; nel menu delle impostazioni.<\/li>\n<li>Tocca il pulsante di installazione per completare il processo.<\/li>\n<\/ol>\n<p>In pochi secondi, l&#8217;icona Thorfortune apparir\u00e0 sullo schermo del tuo dispositivo e potrai cliccarci sopra invece di aprire il browser ogni volta che desideri giocare alle slot o controllare alcune informazioni nel tuo account del casin\u00f2 mobile.<\/p>\n<h3>Installazione dell&#8217;app Thor Fortune su iOS<\/h3>\n<p>Il processo di installazione per i dispositivi iOS \u00e8 praticamente identico a quello per Android. Basta aprire il nostro sito web sul tuo smartphone e poi aggiungere l&#8217;icona di Thorfortune Casino alla schermata iniziale tramite le impostazioni del browser.<\/p>\n<p>In questo modo, in meno di un minuto, potrai accedere in modo rapido e comodo ai tuoi giochi da casin\u00f2 preferiti su iPhone o iPad. E anche se la tua connessione Internet \u00e8 disattivata, potrai comunque controllare alcune informazioni personali e i rapporti sulla cronologia delle scommesse nel tuo account Thorfortune tramite la nostra PWA.<\/p>\n<p><img loading=\"lazy\" decoding=\"async\" class=\"alignnone size-full wp-image-2031\" src=\"https:\/\/thorfortunecasino.org\/wp-content\/uploads\/2026\/02\/Thorfortune-iOS.webp\" alt=\"Thorfortune iOS\" width=\"1248\" height=\"536\" srcset=\"https:\/\/thorfortunecasino.org\/wp-content\/uploads\/2026\/02\/Thorfortune-iOS.webp 1248w, https:\/\/thorfortunecasino.org\/wp-content\/uploads\/2026\/02\/Thorfortune-iOS-300x129.webp 300w, https:\/\/thorfortunecasino.org\/wp-content\/uploads\/2026\/02\/Thorfortune-iOS-1024x440.webp 1024w, https:\/\/thorfortunecasino.org\/wp-content\/uploads\/2026\/02\/Thorfortune-iOS-768x330.webp 768w\" sizes=\"(max-width: 1248px) 100vw, 1248px\" \/><\/p>\n<\/div><\/div><div style=\"clear: both\"><\/div><div class=\"d-flex justify-content-center\"><button data-item=\"decouvrez_link\" data-group=\"website_links\" class=\"goto fw-bold rounded-pill btn btn-orange\" aria-label=\"Scarica l&#039;app Thorfortune\" >Scarica l&#039;app Thorfortune<\/button><\/div><div class=\"scrollable-content-wrap my-5\"><div class=\"scrollable-content-inner\"><h2>Domande frequenti<\/h2>\n<h3>Posso utilizzare la vostra app su pi\u00f9 dispositivi?<\/h3>\n<p>S\u00ec, l&#8217;app Thorfortune \u00e8 compatibile sia con Android che con iOS. Inoltre, puoi aggiungerla al desktop del tuo computer cliccando sull&#8217;icona di installazione nella barra degli indirizzi, accanto all&#8217;URL del nostro sito web.<\/p>\n<h3>Devo creare un nuovo account casin\u00f2 per utilizzare la Thorfortune app?<\/h3>\n<p>No, puoi utilizzare le stesse credenziali per accedere al tuo account del casin\u00f2 dal web o dalla PWA. I dati vengono sincronizzati automaticamente tra piattaforme e dispositivi, quindi i tuoi rapporti sulle attivit\u00e0 di gioco conterranno le stesse informazioni indipendentemente da dove accedi.<\/p>\n<h3>Quanto sono sicuri i miei dati nel vostro casin\u00f2 mobile?<\/h3>\n<p>Non \u00e8 necessario scaricare alcun file sospetto per avviare l&#8217;app Thor Fortune Casino sul tuo dispositivo. La PWA installata ti collegher\u00e0 semplicemente al nostro sito web ufficiale, che abbiamo dotato dei pi\u00f9 recenti protocolli di crittografia dei dati per proteggere le tue informazioni riservate e le tue transazioni finanziarie.<\/p>\n<\/div><\/div><\/p>\n","protected":false},"excerpt":{"rendered":"<p>Piattaforma mobile Thor Fortune Thorfortune app consente ai giocatori italiani di accedere comodamente alla nostra piattaforma iGaming da qualsiasi dispositivo mobile, sia Android che iOS. L&#8217;applicazione \u00e8 gratuita e facile da installare. Puoi anche aggiungerla al desktop del tuo computer per accedere pi\u00f9 rapidamente al tuo conto Thor Fortune Casino.<\/p>\n","protected":false},"author":1,"featured_media":0,"parent":0,"menu_order":0,"comment_status":"closed","ping_status":"closed","template":"template-builder.php","meta":{"_acf_changed":false,"inline_featured_image":false,"footnotes":""},"class_list":["post-1445","page","type-page","status-publish","hentry"],"acf":[],"yoast_head":"<!-- This site is optimized with the Yoast SEO plugin v24.4 - https:\/\/yoast.com\/wordpress\/plugins\/seo\/ -->\n<title>Scarica l&#039;app Thorfortune | iOS, Android e desktop<\/title>\n<meta name=\"description\" content=\"Installa l&#039;app Thorfortune su iOS, Android, Windows e macOS per giocare a oltre 6000 giochi da casin\u00f2 ovunque ti trovi. Prestazioni fluide, sincronizzazione dell&#039;account e assistenza 24 ore su 24, 7 giorni su 7: tutto questo in Thorfortune.\" \/>\n<meta name=\"robots\" content=\"index, follow, max-snippet:-1, max-image-preview:large, max-video-preview:-1\" \/>\n<link rel=\"canonical\" href=\"https:\/\/thorfortunecasino.org\/it\/applicazione\/\" \/>\n<meta property=\"og:locale\" content=\"it_IT\" \/>\n<meta property=\"og:type\" content=\"article\" \/>\n<meta property=\"og:title\" content=\"Scarica l&#039;app Thorfortune | iOS, Android e desktop\" \/>\n<meta property=\"og:description\" content=\"Installa l&#039;app Thorfortune su iOS, Android, Windows e macOS per giocare a oltre 6000 giochi da casin\u00f2 ovunque ti trovi. Prestazioni fluide, sincronizzazione dell&#039;account e assistenza 24 ore su 24, 7 giorni su 7: tutto questo in Thorfortune.\" \/>\n<meta property=\"og:url\" content=\"https:\/\/thorfortunecasino.org\/it\/applicazione\/\" \/>\n<meta property=\"og:site_name\" content=\"thorfortune\" \/>\n<meta property=\"article:modified_time\" content=\"2026-02-27T11:54:14+00:00\" \/>\n<meta name=\"twitter:card\" content=\"summary_large_image\" \/>\n<meta name=\"twitter:label1\" content=\"Est. reading time\" \/>\n\t<meta name=\"twitter:data1\" content=\"1 minute\" \/>\n<script type=\"application\/ld+json\" class=\"yoast-schema-graph\">{\"@context\":\"https:\/\/schema.org\",\"@graph\":[{\"@type\":\"WebPage\",\"@id\":\"https:\/\/thorfortunecasino.org\/it\/applicazione\/\",\"url\":\"https:\/\/thorfortunecasino.org\/it\/applicazione\/\",\"name\":\"Scarica l'app Thorfortune | iOS, Android e desktop\",\"isPartOf\":{\"@id\":\"https:\/\/thorfortunecasino.org\/it\/#website\"},\"datePublished\":\"2026-01-20T12:08:23+00:00\",\"dateModified\":\"2026-02-27T11:54:14+00:00\",\"description\":\"Installa l'app Thorfortune su iOS, Android, Windows e macOS per giocare a oltre 6000 giochi da casin\u00f2 ovunque ti trovi. Prestazioni fluide, sincronizzazione dell'account e assistenza 24 ore su 24, 7 giorni su 7: tutto questo in Thorfortune.\",\"breadcrumb\":{\"@id\":\"https:\/\/thorfortunecasino.org\/it\/applicazione\/#breadcrumb\"},\"inLanguage\":\"it-IT\",\"potentialAction\":[{\"@type\":\"ReadAction\",\"target\":[\"https:\/\/thorfortunecasino.org\/it\/applicazione\/\"]}]},{\"@type\":\"BreadcrumbList\",\"@id\":\"https:\/\/thorfortunecasino.org\/it\/applicazione\/#breadcrumb\",\"itemListElement\":[{\"@type\":\"ListItem\",\"position\":1,\"name\":\"Thorfortune\",\"item\":\"https:\/\/thorfortunecasino.org\/it\/\"},{\"@type\":\"ListItem\",\"position\":2,\"name\":\"Applicazione\"}]},{\"@type\":\"WebSite\",\"@id\":\"https:\/\/thorfortunecasino.org\/it\/#website\",\"url\":\"https:\/\/thorfortunecasino.org\/it\/\",\"name\":\"Thorfortune\",\"description\":\"\",\"publisher\":{\"@id\":\"https:\/\/thorfortunecasino.org\/it\/#organization\"},\"potentialAction\":[{\"@type\":\"SearchAction\",\"target\":{\"@type\":\"EntryPoint\",\"urlTemplate\":\"https:\/\/thorfortunecasino.org\/it\/?s={search_term_string}\"},\"query-input\":{\"@type\":\"PropertyValueSpecification\",\"valueRequired\":true,\"valueName\":\"search_term_string\"}}],\"inLanguage\":\"it-IT\"},{\"@type\":\"Organization\",\"@id\":\"https:\/\/thorfortunecasino.org\/it\/#organization\",\"name\":\"Thorfortune\",\"url\":\"https:\/\/thorfortunecasino.org\/it\/\",\"logo\":{\"@type\":\"ImageObject\",\"inLanguage\":\"it-IT\",\"@id\":\"https:\/\/thorfortunecasino.org\/it\/#\/schema\/logo\/image\/\",\"url\":\"https:\/\/thorfortunecasino.org\/wp-content\/uploads\/2026\/02\/logo.png\",\"contentUrl\":\"https:\/\/thorfortunecasino.org\/wp-content\/uploads\/2026\/02\/logo.png\",\"width\":160,\"height\":37,\"caption\":\"Thorfortune\"},\"image\":{\"@id\":\"https:\/\/thorfortunecasino.org\/it\/#\/schema\/logo\/image\/\"}}]}<\/script>\n<!-- \/ Yoast SEO plugin. -->","yoast_head_json":{"title":"Scarica l'app Thorfortune | iOS, Android e desktop","description":"Installa l'app Thorfortune su iOS, Android, Windows e macOS per giocare a oltre 6000 giochi da casin\u00f2 ovunque ti trovi. Prestazioni fluide, sincronizzazione dell'account e assistenza 24 ore su 24, 7 giorni su 7: tutto questo in Thorfortune.","robots":{"index":"index","follow":"follow","max-snippet":"max-snippet:-1","max-image-preview":"max-image-preview:large","max-video-preview":"max-video-preview:-1"},"canonical":"https:\/\/thorfortunecasino.org\/it\/applicazione\/","og_locale":"it_IT","og_type":"article","og_title":"Scarica l'app Thorfortune | iOS, Android e desktop","og_description":"Installa l'app Thorfortune su iOS, Android, Windows e macOS per giocare a oltre 6000 giochi da casin\u00f2 ovunque ti trovi. Prestazioni fluide, sincronizzazione dell'account e assistenza 24 ore su 24, 7 giorni su 7: tutto questo in Thorfortune.","og_url":"https:\/\/thorfortunecasino.org\/it\/applicazione\/","og_site_name":"thorfortune","article_modified_time":"2026-02-27T11:54:14+00:00","twitter_card":"summary_large_image","twitter_misc":{"Est. reading time":"1 minute"},"schema":{"@context":"https:\/\/schema.org","@graph":[{"@type":"WebPage","@id":"https:\/\/thorfortunecasino.org\/it\/applicazione\/","url":"https:\/\/thorfortunecasino.org\/it\/applicazione\/","name":"Scarica l'app Thorfortune | iOS, Android e desktop","isPartOf":{"@id":"https:\/\/thorfortunecasino.org\/it\/#website"},"datePublished":"2026-01-20T12:08:23+00:00","dateModified":"2026-02-27T11:54:14+00:00","description":"Installa l'app Thorfortune su iOS, Android, Windows e macOS per giocare a oltre 6000 giochi da casin\u00f2 ovunque ti trovi. Prestazioni fluide, sincronizzazione dell'account e assistenza 24 ore su 24, 7 giorni su 7: tutto questo in Thorfortune.","breadcrumb":{"@id":"https:\/\/thorfortunecasino.org\/it\/applicazione\/#breadcrumb"},"inLanguage":"it-IT","potentialAction":[{"@type":"ReadAction","target":["https:\/\/thorfortunecasino.org\/it\/applicazione\/"]}]},{"@type":"BreadcrumbList","@id":"https:\/\/thorfortunecasino.org\/it\/applicazione\/#breadcrumb","itemListElement":[{"@type":"ListItem","position":1,"name":"Thorfortune","item":"https:\/\/thorfortunecasino.org\/it\/"},{"@type":"ListItem","position":2,"name":"Applicazione"}]},{"@type":"WebSite","@id":"https:\/\/thorfortunecasino.org\/it\/#website","url":"https:\/\/thorfortunecasino.org\/it\/","name":"Thorfortune","description":"","publisher":{"@id":"https:\/\/thorfortunecasino.org\/it\/#organization"},"potentialAction":[{"@type":"SearchAction","target":{"@type":"EntryPoint","urlTemplate":"https:\/\/thorfortunecasino.org\/it\/?s={search_term_string}"},"query-input":{"@type":"PropertyValueSpecification","valueRequired":true,"valueName":"search_term_string"}}],"inLanguage":"it-IT"},{"@type":"Organization","@id":"https:\/\/thorfortunecasino.org\/it\/#organization","name":"Thorfortune","url":"https:\/\/thorfortunecasino.org\/it\/","logo":{"@type":"ImageObject","inLanguage":"it-IT","@id":"https:\/\/thorfortunecasino.org\/it\/#\/schema\/logo\/image\/","url":"https:\/\/thorfortunecasino.org\/wp-content\/uploads\/2026\/02\/logo.png","contentUrl":"https:\/\/thorfortunecasino.org\/wp-content\/uploads\/2026\/02\/logo.png","width":160,"height":37,"caption":"Thorfortune"},"image":{"@id":"https:\/\/thorfortunecasino.org\/it\/#\/schema\/logo\/image\/"}}]}},"_links":{"self":[{"href":"https:\/\/thorfortunecasino.org\/it\/wp-json\/wp\/v2\/pages\/1445"}],"collection":[{"href":"https:\/\/thorfortunecasino.org\/it\/wp-json\/wp\/v2\/pages"}],"about":[{"href":"https:\/\/thorfortunecasino.org\/it\/wp-json\/wp\/v2\/types\/page"}],"author":[{"embeddable":true,"href":"https:\/\/thorfortunecasino.org\/it\/wp-json\/wp\/v2\/users\/1"}],"replies":[{"embeddable":true,"href":"https:\/\/thorfortunecasino.org\/it\/wp-json\/wp\/v2\/comments?post=1445"}],"version-history":[{"count":3,"href":"https:\/\/thorfortunecasino.org\/it\/wp-json\/wp\/v2\/pages\/1445\/revisions"}],"predecessor-version":[{"id":2084,"href":"https:\/\/thorfortunecasino.org\/it\/wp-json\/wp\/v2\/pages\/1445\/revisions\/2084"}],"wp:attachment":[{"href":"https:\/\/thorfortunecasino.org\/it\/wp-json\/wp\/v2\/media?parent=1445"}],"curies":[{"name":"wp","href":"https:\/\/api.w.org\/{rel}","templated":true}]}}