{"id":1482,"date":"2026-01-20T12:11:11","date_gmt":"2026-01-20T12:11:11","guid":{"rendered":"https:\/\/bonuskongcasino.com\/login-and-registration\/"},"modified":"2026-02-27T09:22:48","modified_gmt":"2026-02-27T09:22:48","slug":"connexion-et-inscription","status":"publish","type":"page","link":"https:\/\/thorfortunecasino.org\/fr\/connexion-et-inscription\/","title":{"rendered":"Connexion et inscription"},"content":{"rendered":"<h1>Connexion et inscription \u00e0 un compte Thorfortune<\/h1>\n<p>Le processus de Thorfortune login est vraiment simple, quel que soit l&rsquo;appareil \u00e0 partir duquel vous y acc\u00e9dez. Vous pouvez cr\u00e9er votre compte en moins d&rsquo;une minute et commencer \u00e0 jouer imm\u00e9diatement aux machines \u00e0 sous les plus tendance. Aucune v\u00e9rification d&rsquo;identit\u00e9 initiale n&rsquo;est requise pour s&rsquo;inscrire sur Thorfortune Casino. Nous nous occupons de cette question uniquement lors de votre premier retrait de fonds.<\/p>\n<p><div class=\"banner-wrap\" aria-label=\"Banner\"><img src=\"https:\/\/thorfortunecasino.org\/wp-content\/uploads\/2026\/02\/Thorfortune-bnr-pc.webp\" class=\"w-100 d-none d-lg-block img-pc main-banner-img\" alt=\"thorfortune banner desktop\" fetchpriority=\"high\" decoding=\"async\"><img src=\"https:\/\/thorfortunecasino.org\/wp-content\/uploads\/2026\/02\/thorfortune-banner-mobile.webp\" class=\"w-100 d-none d-md-block d-lg-none main-banner-img\" alt=\"thorfortune banner mobile\" fetchpriority=\"high\" decoding=\"async\"><img src=\"https:\/\/thorfortunecasino.org\/wp-content\/uploads\/2026\/02\/thorfortune-banner-mobile.webp\" class=\"w-100 d-md-none\" alt=\"thorfortune banner mobile\" fetchpriority=\"high\" decoding=\"async\"><div class=\"banner-description\">\n<div class=\"banner-title\">Bonus de bienvenue<\/div>\n<p class=\"banner-header-title\">1500 \u20ac<\/p>\n<div class=\"banner-header-AdditionalText\">+ 250 Tours gratuits<\/div>\n<button data-item=\"homepage_banner_link\" class=\"goto m-button m-gradient-border m-button--primary m-button--large banner-button btn-orange\">\n            <div class=\"m-button-content\">\n                <span>Inscrivez-vous d\u00e8s maintenant<\/span>\n                <span><\/span>\n            <\/div>\n        <\/button>\n<\/div>\n<div class=\"WelcomePack\">\n<p><img loading=\"lazy\" decoding=\"async\" class=\"alignnone size-full wp-image-1844\" src=\"https:\/\/thorfortunecasino.org\/wp-content\/uploads\/2026\/02\/welcome-crown.png\" alt=\"welcome crown\" width=\"25\" height=\"26\" \/><\/p>\n<div class=\"WelcomePack-Info\">Cashback hebdomadaire jusqu&rsquo;\u00e0 25 %<\/div>\n<p><img loading=\"lazy\" decoding=\"async\" class=\"alignnone size-full wp-image-1844\" src=\"https:\/\/thorfortunecasino.org\/wp-content\/uploads\/2026\/02\/welcome-crown.png\" alt=\"welcome crown\" width=\"25\" height=\"26\" \/><\/p>\n<\/div>\n<\/div><div class=\"scrollable-content-wrap my-5\"><div class=\"scrollable-content-inner\"><h2>Comment cr\u00e9er un compte Thorfortune ?<\/h2>\n<p>Pour vous inscrire sur Thorfortune Casino, il vous suffit de remplir le formulaire d&rsquo;inscription avec vos informations personnelles de base et d&rsquo;appuyer plusieurs fois sur l&rsquo;\u00e9cran. Si votre connexion Internet est stable, l&rsquo;ensemble du processus prend moins d&rsquo;une minute. Voici comment cela fonctionne, \u00e9tape par \u00e9tape :<\/p>\n<ol>\n<li>Cliquez sur le bouton d&rsquo;inscription dans le coin sup\u00e9rieur droit de l&rsquo;\u00e9cran.<\/li>\n<li>Saisissez votre adresse e-mail et cr\u00e9ez un mot de passe fort.<\/li>\n<li>Cochez les cases pour confirmer que vous avez plus de 18 ans et que vous acceptez nos conditions g\u00e9n\u00e9rales.<\/li>\n<li>Appuyez une nouvelle fois sur le bouton pour continuer.<\/li>\n<li>Terminez le processus en nous fournissant les informations suivantes : vos nom et pr\u00e9nom, votre num\u00e9ro de t\u00e9l\u00e9phone et votre date de naissance.<\/li>\n<\/ol>\n<p>Et voil\u00e0 ! Une fois votre compte Thorfortune cr\u00e9\u00e9, vous pouvez effectuer votre premier d\u00e9p\u00f4t, recevoir la premi\u00e8re partie de notre bonus de bienvenue et commencer \u00e0 jouer \u00e0 nos jeux de casino sans attendre.<\/p>\n<h3>Nuances juridiques<\/h3>\n<p>M\u00eame si Thor Fortune ne v\u00e9rifie pas l&rsquo;identit\u00e9 des joueurs lors de leur inscription, n&rsquo;oubliez pas que le jeu est ill\u00e9gal pour les mineurs. Ainsi, seuls les joueurs adultes ont le droit de profiter d&rsquo;une exp\u00e9rience de jeu compl\u00e8te avec des retraits d&rsquo;argent sur notre plateforme. Si nous d\u00e9couvrons que vous avez moins de 18 ans, votre compte sera annul\u00e9.<\/p>\n<p>En outre, vous devez \u00eatre r\u00e9sident d&rsquo;un pays o\u00f9 les jeux d&rsquo;argent en ligne sont autoris\u00e9s par la loi. Le site web Thorfortune d\u00e9tectera automatiquement votre emplacement et ajoutera cette information aux d\u00e9tails de votre compte lors de votre inscription. Vous ne pourrez pas d\u00e9finir manuellement un autre pays dans les informations de votre profil sans l&rsquo;aide de notre \u00e9quipe d&rsquo;assistance multilingue.<\/p>\n<h2>Comment se connecter ?<\/h2>\n<p>La connexion \u00e0 Thorfortune est un processus standard et intuitif : il vous suffit d&rsquo;ajouter les identifiants indiqu\u00e9s pr\u00e9c\u00e9demment dans le widget de connexion et d&rsquo;appuyer sur le bouton pour confirmer qu&rsquo;ils sont exacts. Si vous avez oubli\u00e9 votre mot de passe, cliquez sur le lien \u00ab Mot de passe oubli\u00e9 \u00bb dans le formulaire de connexion Thorfortune et suivez les instructions \u00e0 l&rsquo;\u00e9cran pour le r\u00e9initialiser rapidement.<\/p>\n<p>Vous avez la possibilit\u00e9 d&rsquo;activer l&rsquo;authentification \u00e0 deux facteurs (2FA) dans vos param\u00e8tres de s\u00e9curit\u00e9 personnels. Dans ce cas, vous devrez \u00e9galement saisir un code \u00e0 usage unique chaque fois que vous vous connecterez \u00e0 votre compte Thor Fortune Casino. Nous utilisons l&rsquo;application Google Authenticator pour vous fournir ces codes \u00e0 chaque connexion.<\/p>\n<p><img loading=\"lazy\" decoding=\"async\" class=\"alignnone size-full wp-image-2004\" src=\"https:\/\/thorfortunecasino.org\/wp-content\/uploads\/2026\/02\/Thorfortune-login-page.webp\" alt=\"Thorfortune login page\" width=\"1248\" height=\"536\" srcset=\"https:\/\/thorfortunecasino.org\/wp-content\/uploads\/2026\/02\/Thorfortune-login-page.webp 1248w, https:\/\/thorfortunecasino.org\/wp-content\/uploads\/2026\/02\/Thorfortune-login-page-300x129.webp 300w, https:\/\/thorfortunecasino.org\/wp-content\/uploads\/2026\/02\/Thorfortune-login-page-1024x440.webp 1024w, https:\/\/thorfortunecasino.org\/wp-content\/uploads\/2026\/02\/Thorfortune-login-page-768x330.webp 768w\" sizes=\"(max-width: 1248px) 100vw, 1248px\" \/><\/p>\n<h2>Comment g\u00e9rer les donn\u00e9es de votre compte Thorfortune Casino ?<\/h2>\n<p>Votre compte Thorfortune est une plateforme centralis\u00e9e qui vous permet d&rsquo;acc\u00e9der facilement \u00e0 vos donn\u00e9es relatives aux jeux d&rsquo;argent et \u00e0 des outils de gestion pratiques. Il comprend les interfaces et param\u00e8tres pratiques suivants :<\/p>\n<table>\n<tbody>\n<tr>\n<td>Nom de l&rsquo;interface<\/td>\n<td>Caract\u00e9ristiques principales<\/td>\n<td>Description<\/td>\n<\/tr>\n<tr>\n<td>Historique<\/td>\n<td>Rapports sur votre activit\u00e9 de jeu et vos transactions financi\u00e8res au casino Thorfortune.<\/td>\n<td>Vous trouverez ici un historique pr\u00e9cis de vos sessions de jeu et de vos activit\u00e9s financi\u00e8res dans notre casino. Les rapports disposent de param\u00e8tres flexibles qui vous permettent de personnaliser leur apparence en fonction de vos besoins.<\/td>\n<\/tr>\n<tr>\n<td>Portefeuille<\/td>\n<td>Boutons de d\u00e9p\u00f4t et de retrait et informations sur le total de vos fonds.<\/td>\n<td>Cette interface fournit tous les outils n\u00e9cessaires \u00e0 la gestion financi\u00e8re. Vous pouvez y d\u00e9finir votre devise et v\u00e9rifier le solde de votre compte.<\/td>\n<\/tr>\n<tr>\n<td>Param\u00e8tres g\u00e9n\u00e9raux<\/td>\n<td>D\u00e9tails du profil personnel, suivi du syst\u00e8me de fid\u00e9lit\u00e9 et widget d&rsquo;int\u00e9gration.<\/td>\n<td>Vous pouvez ici modifier vos informations personnelles (y compris vos coordonn\u00e9es et votre nom d&rsquo;utilisateur) et v\u00e9rifier votre progression dans notre syst\u00e8me de fid\u00e9lit\u00e9.<\/td>\n<\/tr>\n<tr>\n<td>Param\u00e8tres de s\u00e9curit\u00e9<\/td>\n<td>Gestion des mots de passe, 2FA, historique des sessions.<\/td>\n<td>Vous pouvez ici mettre \u00e0 jour votre mot de passe et activer la 2FA pour une meilleure s\u00e9curit\u00e9 de votre compte. Des rapports d\u00e9taill\u00e9s sur votre connexion et vos sessions Thorfortune vous permettent de d\u00e9tecter facilement toute activit\u00e9 suspecte.<\/td>\n<\/tr>\n<tr>\n<td>Contr\u00f4les des jeux<\/td>\n<td>Limites budg\u00e9taires, limites de session et auto-exclusion.<\/td>\n<td>Vous pouvez d\u00e9finir ici des limites de d\u00e9p\u00f4t et de temps afin d&rsquo;\u00e9viter les d\u00e9penses excessives li\u00e9es au jeu. Et si vous souhaitez faire une pause sur Thorfortune, vous pouvez \u00e9galement demander votre auto-exclusion.<\/td>\n<\/tr>\n<\/tbody>\n<\/table>\n<h2>FAQ<\/h2>\n<h3>Dois-je passer par un processus de v\u00e9rification d&rsquo;identit\u00e9 lors de la cr\u00e9ation d&rsquo;un compte Thor Fortune ?<\/h3>\n<p>Non, nous effectuons une v\u00e9rification d&rsquo;identit\u00e9 approfondie uniquement apr\u00e8s votre premi\u00e8re demande de retrait de fonds. Vous devrez alors nous fournir des copies de votre passeport, de vos factures de services publics et de la carte bancaire utilis\u00e9e pour traiter le retrait. Avant cela, vous \u00eates libre de jouer sur notre plateforme et d&rsquo;effectuer des d\u00e9p\u00f4ts sans nous fournir de preuve d&rsquo;identit\u00e9.<\/p>\n<h3>Quels sont les avantages de s&rsquo;inscrire sur Thorfortune Casino ?<\/h3>\n<p>Apr\u00e8s vous \u00eatre connect\u00e9 \u00e0 Thorfortune, vous avez acc\u00e8s \u00e0 des milliers des meilleurs jeux de casino, auxquels vous pouvez \u00e9galement jouer en mode d\u00e9mo. De plus, chaque nouvel utilisateur inscrit a droit \u00e0 un bonus de bienvenue. Vous devez cr\u00e9er un compte et effectuer au moins trois d\u00e9p\u00f4ts pour en profiter pleinement.<\/p>\n<h3>Comment puis-je prot\u00e9ger mon compte contre tout acc\u00e8s non autoris\u00e9 ?<\/h3>\n<p>La meilleure fa\u00e7on d&#8217;emp\u00eacher tout acc\u00e8s non autoris\u00e9 est d&rsquo;activer la 2FA dans vos param\u00e8tres de s\u00e9curit\u00e9 personnels. Lorsque cette fonctionnalit\u00e9 est activ\u00e9e, vous devrez saisir un code unique \u00e0 usage unique \u00e0 chaque connexion \u00e0 Thorfortune. De plus, nous vous recommandons de mettre \u00e0 jour votre mot de passe tous les six mois. En cas de probl\u00e8me, n&rsquo;h\u00e9sitez pas \u00e0 contacter notre \u00e9quipe d&rsquo;assistance par e-mail ou par chat en direct.<\/p>\n<\/div><\/div><\/p>\n","protected":false},"excerpt":{"rendered":"<p>Connexion et inscription \u00e0 un compte Thorfortune Le processus de Thorfortune login est vraiment simple, quel que soit l&rsquo;appareil \u00e0 partir duquel vous y acc\u00e9dez. Vous pouvez cr\u00e9er votre compte en moins d&rsquo;une minute et commencer \u00e0 jouer imm\u00e9diatement aux machines \u00e0 sous les plus tendance. Aucune v\u00e9rification d&rsquo;identit\u00e9 initiale n&rsquo;est requise pour s&rsquo;inscrire sur [&hellip;]<\/p>\n","protected":false},"author":1,"featured_media":0,"parent":0,"menu_order":0,"comment_status":"closed","ping_status":"closed","template":"template-builder.php","meta":{"_acf_changed":false,"inline_featured_image":false,"footnotes":""},"class_list":["post-1482","page","type-page","status-publish","hentry"],"acf":[],"yoast_head":"<!-- This site is optimized with the Yoast SEO plugin v24.4 - https:\/\/yoast.com\/wordpress\/plugins\/seo\/ -->\n<title>Thorfortune Login - Acc\u00e8s s\u00e9curis\u00e9 \u00e0 l&#039;inscription et \u00e0 la connexion<\/title>\n<meta name=\"description\" content=\"Connexion \u00e0 Thorfortune : acc\u00e9dez \u00e0 votre compte en toute s\u00e9curit\u00e9 ou cr\u00e9ez-en un nouveau en quelques minutes. G\u00e9rez facilement la v\u00e9rification, la r\u00e9cup\u00e9ration de mot de passe et les param\u00e8tres de votre compte dans Thorfortune.\" \/>\n<meta name=\"robots\" content=\"index, follow, max-snippet:-1, max-image-preview:large, max-video-preview:-1\" \/>\n<link rel=\"canonical\" href=\"https:\/\/thorfortunecasino.org\/fr\/connexion-et-inscription\/\" \/>\n<meta property=\"og:locale\" content=\"fr_FR\" \/>\n<meta property=\"og:type\" content=\"article\" \/>\n<meta property=\"og:title\" content=\"Thorfortune Login - Acc\u00e8s s\u00e9curis\u00e9 \u00e0 l&#039;inscription et \u00e0 la connexion\" \/>\n<meta property=\"og:description\" content=\"Connexion \u00e0 Thorfortune : acc\u00e9dez \u00e0 votre compte en toute s\u00e9curit\u00e9 ou cr\u00e9ez-en un nouveau en quelques minutes. G\u00e9rez facilement la v\u00e9rification, la r\u00e9cup\u00e9ration de mot de passe et les param\u00e8tres de votre compte dans Thorfortune.\" \/>\n<meta property=\"og:url\" content=\"https:\/\/thorfortunecasino.org\/fr\/connexion-et-inscription\/\" \/>\n<meta property=\"og:site_name\" content=\"thorfortune\" \/>\n<meta property=\"article:modified_time\" content=\"2026-02-27T09:22:48+00:00\" \/>\n<meta name=\"twitter:card\" content=\"summary_large_image\" \/>\n<meta name=\"twitter:label1\" content=\"Dur\u00e9e de lecture estim\u00e9e\" \/>\n\t<meta name=\"twitter:data1\" content=\"1 minute\" \/>\n<script type=\"application\/ld+json\" class=\"yoast-schema-graph\">{\"@context\":\"https:\/\/schema.org\",\"@graph\":[{\"@type\":\"WebPage\",\"@id\":\"https:\/\/thorfortunecasino.org\/fr\/connexion-et-inscription\/\",\"url\":\"https:\/\/thorfortunecasino.org\/fr\/connexion-et-inscription\/\",\"name\":\"Thorfortune Login - Acc\u00e8s s\u00e9curis\u00e9 \u00e0 l'inscription et \u00e0 la connexion\",\"isPartOf\":{\"@id\":\"https:\/\/thorfortunecasino.org\/fr\/#website\"},\"datePublished\":\"2026-01-20T12:11:11+00:00\",\"dateModified\":\"2026-02-27T09:22:48+00:00\",\"description\":\"Connexion \u00e0 Thorfortune : acc\u00e9dez \u00e0 votre compte en toute s\u00e9curit\u00e9 ou cr\u00e9ez-en un nouveau en quelques minutes. G\u00e9rez facilement la v\u00e9rification, la r\u00e9cup\u00e9ration de mot de passe et les param\u00e8tres de votre compte dans Thorfortune.\",\"breadcrumb\":{\"@id\":\"https:\/\/thorfortunecasino.org\/fr\/connexion-et-inscription\/#breadcrumb\"},\"inLanguage\":\"fr-FR\",\"potentialAction\":[{\"@type\":\"ReadAction\",\"target\":[\"https:\/\/thorfortunecasino.org\/fr\/connexion-et-inscription\/\"]}]},{\"@type\":\"BreadcrumbList\",\"@id\":\"https:\/\/thorfortunecasino.org\/fr\/connexion-et-inscription\/#breadcrumb\",\"itemListElement\":[{\"@type\":\"ListItem\",\"position\":1,\"name\":\"Thorfortune\",\"item\":\"https:\/\/thorfortunecasino.org\/fr\/\"},{\"@type\":\"ListItem\",\"position\":2,\"name\":\"Connexion et inscription\"}]},{\"@type\":\"WebSite\",\"@id\":\"https:\/\/thorfortunecasino.org\/fr\/#website\",\"url\":\"https:\/\/thorfortunecasino.org\/fr\/\",\"name\":\"Thorfortune\",\"description\":\"\",\"publisher\":{\"@id\":\"https:\/\/thorfortunecasino.org\/fr\/#organization\"},\"potentialAction\":[{\"@type\":\"SearchAction\",\"target\":{\"@type\":\"EntryPoint\",\"urlTemplate\":\"https:\/\/thorfortunecasino.org\/fr\/?s={search_term_string}\"},\"query-input\":{\"@type\":\"PropertyValueSpecification\",\"valueRequired\":true,\"valueName\":\"search_term_string\"}}],\"inLanguage\":\"fr-FR\"},{\"@type\":\"Organization\",\"@id\":\"https:\/\/thorfortunecasino.org\/fr\/#organization\",\"name\":\"Thorfortune\",\"url\":\"https:\/\/thorfortunecasino.org\/fr\/\",\"logo\":{\"@type\":\"ImageObject\",\"inLanguage\":\"fr-FR\",\"@id\":\"https:\/\/thorfortunecasino.org\/fr\/#\/schema\/logo\/image\/\",\"url\":\"https:\/\/thorfortunecasino.org\/wp-content\/uploads\/2026\/02\/logo.png\",\"contentUrl\":\"https:\/\/thorfortunecasino.org\/wp-content\/uploads\/2026\/02\/logo.png\",\"width\":160,\"height\":37,\"caption\":\"Thorfortune\"},\"image\":{\"@id\":\"https:\/\/thorfortunecasino.org\/fr\/#\/schema\/logo\/image\/\"}}]}<\/script>\n<!-- \/ Yoast SEO plugin. -->","yoast_head_json":{"title":"Thorfortune Login - Acc\u00e8s s\u00e9curis\u00e9 \u00e0 l'inscription et \u00e0 la connexion","description":"Connexion \u00e0 Thorfortune : acc\u00e9dez \u00e0 votre compte en toute s\u00e9curit\u00e9 ou cr\u00e9ez-en un nouveau en quelques minutes. G\u00e9rez facilement la v\u00e9rification, la r\u00e9cup\u00e9ration de mot de passe et les param\u00e8tres de votre compte dans Thorfortune.","robots":{"index":"index","follow":"follow","max-snippet":"max-snippet:-1","max-image-preview":"max-image-preview:large","max-video-preview":"max-video-preview:-1"},"canonical":"https:\/\/thorfortunecasino.org\/fr\/connexion-et-inscription\/","og_locale":"fr_FR","og_type":"article","og_title":"Thorfortune Login - Acc\u00e8s s\u00e9curis\u00e9 \u00e0 l'inscription et \u00e0 la connexion","og_description":"Connexion \u00e0 Thorfortune : acc\u00e9dez \u00e0 votre compte en toute s\u00e9curit\u00e9 ou cr\u00e9ez-en un nouveau en quelques minutes. G\u00e9rez facilement la v\u00e9rification, la r\u00e9cup\u00e9ration de mot de passe et les param\u00e8tres de votre compte dans Thorfortune.","og_url":"https:\/\/thorfortunecasino.org\/fr\/connexion-et-inscription\/","og_site_name":"thorfortune","article_modified_time":"2026-02-27T09:22:48+00:00","twitter_card":"summary_large_image","twitter_misc":{"Dur\u00e9e de lecture estim\u00e9e":"1 minute"},"schema":{"@context":"https:\/\/schema.org","@graph":[{"@type":"WebPage","@id":"https:\/\/thorfortunecasino.org\/fr\/connexion-et-inscription\/","url":"https:\/\/thorfortunecasino.org\/fr\/connexion-et-inscription\/","name":"Thorfortune Login - Acc\u00e8s s\u00e9curis\u00e9 \u00e0 l'inscription et \u00e0 la connexion","isPartOf":{"@id":"https:\/\/thorfortunecasino.org\/fr\/#website"},"datePublished":"2026-01-20T12:11:11+00:00","dateModified":"2026-02-27T09:22:48+00:00","description":"Connexion \u00e0 Thorfortune : acc\u00e9dez \u00e0 votre compte en toute s\u00e9curit\u00e9 ou cr\u00e9ez-en un nouveau en quelques minutes. G\u00e9rez facilement la v\u00e9rification, la r\u00e9cup\u00e9ration de mot de passe et les param\u00e8tres de votre compte dans Thorfortune.","breadcrumb":{"@id":"https:\/\/thorfortunecasino.org\/fr\/connexion-et-inscription\/#breadcrumb"},"inLanguage":"fr-FR","potentialAction":[{"@type":"ReadAction","target":["https:\/\/thorfortunecasino.org\/fr\/connexion-et-inscription\/"]}]},{"@type":"BreadcrumbList","@id":"https:\/\/thorfortunecasino.org\/fr\/connexion-et-inscription\/#breadcrumb","itemListElement":[{"@type":"ListItem","position":1,"name":"Thorfortune","item":"https:\/\/thorfortunecasino.org\/fr\/"},{"@type":"ListItem","position":2,"name":"Connexion et inscription"}]},{"@type":"WebSite","@id":"https:\/\/thorfortunecasino.org\/fr\/#website","url":"https:\/\/thorfortunecasino.org\/fr\/","name":"Thorfortune","description":"","publisher":{"@id":"https:\/\/thorfortunecasino.org\/fr\/#organization"},"potentialAction":[{"@type":"SearchAction","target":{"@type":"EntryPoint","urlTemplate":"https:\/\/thorfortunecasino.org\/fr\/?s={search_term_string}"},"query-input":{"@type":"PropertyValueSpecification","valueRequired":true,"valueName":"search_term_string"}}],"inLanguage":"fr-FR"},{"@type":"Organization","@id":"https:\/\/thorfortunecasino.org\/fr\/#organization","name":"Thorfortune","url":"https:\/\/thorfortunecasino.org\/fr\/","logo":{"@type":"ImageObject","inLanguage":"fr-FR","@id":"https:\/\/thorfortunecasino.org\/fr\/#\/schema\/logo\/image\/","url":"https:\/\/thorfortunecasino.org\/wp-content\/uploads\/2026\/02\/logo.png","contentUrl":"https:\/\/thorfortunecasino.org\/wp-content\/uploads\/2026\/02\/logo.png","width":160,"height":37,"caption":"Thorfortune"},"image":{"@id":"https:\/\/thorfortunecasino.org\/fr\/#\/schema\/logo\/image\/"}}]}},"_links":{"self":[{"href":"https:\/\/thorfortunecasino.org\/fr\/wp-json\/wp\/v2\/pages\/1482"}],"collection":[{"href":"https:\/\/thorfortunecasino.org\/fr\/wp-json\/wp\/v2\/pages"}],"about":[{"href":"https:\/\/thorfortunecasino.org\/fr\/wp-json\/wp\/v2\/types\/page"}],"author":[{"embeddable":true,"href":"https:\/\/thorfortunecasino.org\/fr\/wp-json\/wp\/v2\/users\/1"}],"replies":[{"embeddable":true,"href":"https:\/\/thorfortunecasino.org\/fr\/wp-json\/wp\/v2\/comments?post=1482"}],"version-history":[{"count":3,"href":"https:\/\/thorfortunecasino.org\/fr\/wp-json\/wp\/v2\/pages\/1482\/revisions"}],"predecessor-version":[{"id":2063,"href":"https:\/\/thorfortunecasino.org\/fr\/wp-json\/wp\/v2\/pages\/1482\/revisions\/2063"}],"wp:attachment":[{"href":"https:\/\/thorfortunecasino.org\/fr\/wp-json\/wp\/v2\/media?parent=1482"}],"curies":[{"name":"wp","href":"https:\/\/api.w.org\/{rel}","templated":true}]}}