{"id":1440,"date":"2026-01-20T12:08:23","date_gmt":"2026-01-20T12:08:23","guid":{"rendered":"https:\/\/bonuskongcasino.com\/app\/"},"modified":"2026-02-27T09:20:55","modified_gmt":"2026-02-27T09:20:55","slug":"app","status":"publish","type":"page","link":"https:\/\/thorfortunecasino.org\/fr\/app\/","title":{"rendered":"App"},"content":{"rendered":"<h1>Plateforme mobile Thor Fortune<\/h1>\n<p>Thorfortune app permet d&rsquo;acc\u00e9der facilement \u00e0 notre plateforme iGaming depuis n&rsquo;importe quel appareil mobile, qu&rsquo;il s&rsquo;agisse d&rsquo;Android ou d&rsquo;iOS. L&rsquo;application est gratuite et facile \u00e0 installer. Vous pouvez m\u00eame l&rsquo;ajouter au bureau de votre ordinateur pour vous connecter plus rapidement \u00e0 votre compte Thor Fortune Casino.<\/p>\n<p><div class=\"banner-wrap\" aria-label=\"Banner\"><img src=\"https:\/\/thorfortunecasino.org\/wp-content\/uploads\/2026\/02\/Thorfortune-bnr-pc.webp\" class=\"w-100 d-none d-lg-block img-pc main-banner-img\" alt=\"thorfortune banner desktop\" fetchpriority=\"high\" decoding=\"async\"><img src=\"https:\/\/thorfortunecasino.org\/wp-content\/uploads\/2026\/02\/thorfortune-banner-mobile.webp\" class=\"w-100 d-none d-md-block d-lg-none main-banner-img\" alt=\"thorfortune banner mobile\" fetchpriority=\"high\" decoding=\"async\"><img src=\"https:\/\/thorfortunecasino.org\/wp-content\/uploads\/2026\/02\/thorfortune-banner-mobile.webp\" class=\"w-100 d-md-none\" alt=\"thorfortune banner mobile\" fetchpriority=\"high\" decoding=\"async\"><div class=\"banner-description\">\n<div class=\"banner-title\">Bonus de bienvenue<\/div>\n<p class=\"banner-header-title\">1500 \u20ac<\/p>\n<div class=\"banner-header-AdditionalText\">+ 250 Tours gratuits<\/div>\n<button data-item=\"homepage_banner_link\" class=\"goto m-button m-gradient-border m-button--primary m-button--large banner-button btn-orange\">\n            <div class=\"m-button-content\">\n                <span>Inscrivez-vous d\u00e8s maintenant<\/span>\n                <span><\/span>\n            <\/div>\n        <\/button>\n<\/div>\n<div class=\"WelcomePack\">\n<p><img loading=\"lazy\" decoding=\"async\" class=\"alignnone size-full wp-image-1844\" src=\"https:\/\/thorfortunecasino.org\/wp-content\/uploads\/2026\/02\/welcome-crown.png\" alt=\"welcome crown\" width=\"25\" height=\"26\" \/><\/p>\n<div class=\"WelcomePack-Info\">Cashback hebdomadaire jusqu&rsquo;\u00e0 25 %<\/div>\n<p><img loading=\"lazy\" decoding=\"async\" class=\"alignnone size-full wp-image-1844\" src=\"https:\/\/thorfortunecasino.org\/wp-content\/uploads\/2026\/02\/welcome-crown.png\" alt=\"welcome crown\" width=\"25\" height=\"26\" \/><\/p>\n<\/div>\n<\/div><div class=\"scrollable-content-wrap my-5\"><div class=\"scrollable-content-inner\"><h2>Application Thorfortune Casino : principales fonctionnalit\u00e9s<\/h2>\n<p>Notre application est une application web progressive (PWA) qui fonctionne comme un raccourci vers la version web principale de la plateforme Thorfortune. Elle donne acc\u00e8s \u00e0 toutes les fonctionnalit\u00e9s et interfaces dont vous pouvez profiter sur le site web. Cependant, elle se caract\u00e9rise par des temps de chargement beaucoup plus rapides et une plus grande commodit\u00e9 en termes de jeux d&rsquo;argent sur smartphones ou tablettes.<\/p>\n<p>En outre, l&rsquo;application Thorfortune dispose de notifications push, que vous pouvez activer dans les param\u00e8tres de votre appareil. Cette fonctionnalit\u00e9 vous tiendra inform\u00e9 de nos derni\u00e8res campagnes promotionnelles et des bonus personnels dont vous pouvez profiter. Avec les notifications push activ\u00e9es, vous ne risquerez jamais de manquer une occasion limit\u00e9e dans le temps de gagner des bonus suppl\u00e9mentaires ou des tours gratuits.<\/p>\n<table>\n<tbody>\n<tr>\n<td>Fonctionnalit\u00e9 de l&rsquo;application<\/td>\n<td>D\u00e9tails<\/td>\n<\/tr>\n<tr>\n<td>Catalogue de jeux<\/td>\n<td>Profitez d&rsquo;un acc\u00e8s pratique \u00e0 plus de 6 000 jeux de casino<\/td>\n<\/tr>\n<tr>\n<td>Profil personnel<\/td>\n<td>G\u00e9rez facilement vos informations personnelles et vos param\u00e8tres de s\u00e9curit\u00e9 sur votre smartphone<\/td>\n<\/tr>\n<tr>\n<td>Chat en direct<\/td>\n<td>Contactez rapidement notre \u00e9quipe d&rsquo;assistance multilingue \u00e0 tout moment de la journ\u00e9e<\/td>\n<\/tr>\n<tr>\n<td>Notifications push<\/td>\n<td>Recevez rapidement les derni\u00e8res informations sur nos campagnes promotionnelles<\/td>\n<\/tr>\n<tr>\n<td>Contr\u00f4les des jeux<\/td>\n<td>D\u00e9finissez des limites budg\u00e9taires et des plafonds de session pour garder le contr\u00f4le de vos ressources<\/td>\n<\/tr>\n<tr>\n<td>Portefeuille<\/td>\n<td>G\u00e9rez vos transactions financi\u00e8res de mani\u00e8re simple<\/td>\n<\/tr>\n<tr>\n<td>Historique<\/td>\n<td>Suivez et analysez vos activit\u00e9s li\u00e9es au jeu sur Thor Fortune<\/td>\n<\/tr>\n<tr>\n<td>Commandes tactiles<\/td>\n<td>Profitez d&rsquo;une exp\u00e9rience de jeu fluide sur votre tablette ou votre t\u00e9l\u00e9phone<\/td>\n<\/tr>\n<tr>\n<td>Conception adaptative<\/td>\n<td>Jouez aux machines \u00e0 sous en ligne et \u00e0 d&rsquo;autres jeux de casino sur n&rsquo;importe quel appareil : les interfaces s&rsquo;adaptent automatiquement \u00e0 la taille de votre \u00e9cran<\/td>\n<\/tr>\n<\/tbody>\n<\/table>\n<p><img loading=\"lazy\" decoding=\"async\" class=\"alignnone size-full wp-image-2020\" src=\"https:\/\/thorfortunecasino.org\/wp-content\/uploads\/2026\/02\/Thorfortune-Desktop.webp\" alt=\"Thorfortune Desktop\" width=\"1248\" height=\"536\" srcset=\"https:\/\/thorfortunecasino.org\/wp-content\/uploads\/2026\/02\/Thorfortune-Desktop.webp 1248w, https:\/\/thorfortunecasino.org\/wp-content\/uploads\/2026\/02\/Thorfortune-Desktop-300x129.webp 300w, https:\/\/thorfortunecasino.org\/wp-content\/uploads\/2026\/02\/Thorfortune-Desktop-1024x440.webp 1024w, https:\/\/thorfortunecasino.org\/wp-content\/uploads\/2026\/02\/Thorfortune-Desktop-768x330.webp 768w\" sizes=\"(max-width: 1248px) 100vw, 1248px\" \/><\/p>\n<\/div><\/div><div style=\"clear: both\"><\/div><div class=\"d-flex justify-content-center\"><button data-item=\"decouvrez_link\" data-group=\"website_links\" class=\"goto fw-bold rounded-pill btn btn-orange\" aria-label=\"T\u00e9l\u00e9chargez l&#039;application Thorfortune\" >T\u00e9l\u00e9chargez l&#039;application Thorfortune<\/button><\/div><div class=\"scrollable-content-wrap my-5\"><div class=\"scrollable-content-inner\"><h2>Principaux avantages de l&rsquo;application Thorfortune<\/h2>\n<p>La PWA permet un acc\u00e8s beaucoup plus rapide \u00e0 Thorfortune Casino depuis tous types d&rsquo;appareils mobiles. Apr\u00e8s l&rsquo;avoir install\u00e9e sur votre smartphone, vous n&rsquo;aurez plus besoin de vous connecter \u00e0 votre compte via le navigateur, mais pourrez simplement appuyer sur l&rsquo;ic\u00f4ne Thorfortune sur votre \u00e9cran d&rsquo;accueil pour ouvrir notre catalogue de jeux en un instant.<\/p>\n<p>L&rsquo;application est absolument s\u00fbre \u00e0 utiliser. Vous n&rsquo;avez pas besoin de t\u00e9l\u00e9charger de fichiers pour l&rsquo;installer sur votre t\u00e9l\u00e9phone. C&rsquo;est pourquoi elle ne prend pas trop de place dans la m\u00e9moire de votre t\u00e9l\u00e9phone et ne consomme pas plus de batterie que vos activit\u00e9s de jeu en ligne habituelles.<\/p>\n<p>Voici un r\u00e9capitulatif des principaux avantages de l&rsquo;utilisation de l&rsquo;application Thorfortune sur votre appareil mobile :<\/p>\n<ul>\n<li>Temps de chargement plus rapides<\/li>\n<li>Acc\u00e8s hors ligne \u00e0 vos informations personnelles<\/li>\n<li>Une exp\u00e9rience de jeu plus pratique sur smartphone ou tablette<\/li>\n<li>Encombrement de stockage insignifiant<\/li>\n<li>Protection des donn\u00e9es de premier ordre<\/li>\n<li>Pas besoin de mises \u00e0 jour manuelles<\/li>\n<\/ul>\n<p>Vous pouvez profiter gratuitement de tous ces avantages : nous ne facturons pas l&rsquo;installation de l&rsquo;application \u00e0 nos joueurs. Son seul objectif est de rendre votre exp\u00e9rience sur Thorfortune Casino plus agr\u00e9able, que vous jouiez aux machines \u00e0 sous sur un ordinateur ou un smartphone.<\/p>\n<p><img loading=\"lazy\" decoding=\"async\" class=\"alignnone size-full wp-image-2036\" src=\"https:\/\/thorfortunecasino.org\/wp-content\/uploads\/2026\/02\/Thorfortune-Android.webp\" alt=\"Thorfortune Android\" width=\"1248\" height=\"536\" srcset=\"https:\/\/thorfortunecasino.org\/wp-content\/uploads\/2026\/02\/Thorfortune-Android.webp 1248w, https:\/\/thorfortunecasino.org\/wp-content\/uploads\/2026\/02\/Thorfortune-Android-300x129.webp 300w, https:\/\/thorfortunecasino.org\/wp-content\/uploads\/2026\/02\/Thorfortune-Android-1024x440.webp 1024w, https:\/\/thorfortunecasino.org\/wp-content\/uploads\/2026\/02\/Thorfortune-Android-768x330.webp 768w\" sizes=\"(max-width: 1248px) 100vw, 1248px\" \/><\/p>\n<\/div><\/div><div style=\"clear: both\"><\/div><div class=\"d-flex justify-content-center\"><button data-item=\"decouvrez_link\" data-group=\"website_links\" class=\"goto fw-bold rounded-pill btn btn-orange\" aria-label=\"T\u00e9l\u00e9charger Thorfortune\" >T\u00e9l\u00e9charger Thorfortune<\/button><\/div><div class=\"scrollable-content-wrap my-5\"><div class=\"scrollable-content-inner\"><h2>Comment installer notre application sur votre appareil mobile<\/h2>\n<p>Vous n&rsquo;avez pas besoin de cr\u00e9er un nouveau compte pour acc\u00e9der \u00e0 Thorfortune Casino via la PWA ni de passer par un processus de v\u00e9rification d&rsquo;identit\u00e9. Il vous suffit d&rsquo;acc\u00e9der \u00e0 votre profil \u00e0 l&rsquo;aide de vos identifiants existants apr\u00e8s avoir install\u00e9 l&rsquo;application sur votre smartphone en moins d&rsquo;une minute.<\/p>\n<h3>Installation de l&rsquo;application Thorfortune sur Android<\/h3>\n<p>L&rsquo;application Thorfortune Casino est compatible avec tous les appareils Android, et le processus d&rsquo;installation ne comprend que quatre \u00e9tapes simples :<\/p>\n<ol>\n<li>Rendez-vous sur notre site web dans le navigateur mobile de votre choix.<\/li>\n<li>Cliquez sur l&rsquo;ic\u00f4ne \u00e0 trois points pour ouvrir les param\u00e8tres du navigateur.<\/li>\n<li>Recherchez l&rsquo;option \u00ab Ajouter \u00e0 l&rsquo;\u00e9cran d&rsquo;accueil \u00bb dans le menu des param\u00e8tres.<\/li>\n<li>Appuyez sur le bouton d&rsquo;installation pour terminer le processus.<\/li>\n<\/ol>\n<p>En quelques secondes, l&rsquo;ic\u00f4ne Thorfortune appara\u00eetra sur l&rsquo;\u00e9cran de votre appareil, et vous pourrez cliquer dessus au lieu d&rsquo;ouvrir le navigateur chaque fois que vous voudrez jouer aux machines \u00e0 sous ou consulter certaines informations dans votre compte de casino mobile.<\/p>\n<h3>Installation de l&rsquo;application Thor Fortune sur iOS<\/h3>\n<p>Le processus d&rsquo;installation pour les appareils iOS est pratiquement identique \u00e0 celui pour Android. Il vous suffit d&rsquo;ouvrir notre site web sur votre smartphone, puis d&rsquo;ajouter l&rsquo;ic\u00f4ne Thorfortune Casino \u00e0 votre \u00e9cran d&rsquo;accueil via les param\u00e8tres du navigateur.<\/p>\n<p>Ainsi, en moins d&rsquo;une minute, vous pourrez profiter d&rsquo;un acc\u00e8s rapide et pratique \u00e0 vos jeux de casino pr\u00e9f\u00e9r\u00e9s sur iPhone ou iPad. Et m\u00eame si votre connexion Internet est coup\u00e9e, vous pourrez toujours consulter certaines informations personnelles et l&rsquo;historique de vos paris dans votre compte Thorfortune via notre PWA.<\/p>\n<p><img loading=\"lazy\" decoding=\"async\" class=\"alignnone size-full wp-image-2028\" src=\"https:\/\/thorfortunecasino.org\/wp-content\/uploads\/2026\/02\/Thorfortune-iOS.webp\" alt=\"Thorfortune iOS\" width=\"1248\" height=\"536\" srcset=\"https:\/\/thorfortunecasino.org\/wp-content\/uploads\/2026\/02\/Thorfortune-iOS.webp 1248w, https:\/\/thorfortunecasino.org\/wp-content\/uploads\/2026\/02\/Thorfortune-iOS-300x129.webp 300w, https:\/\/thorfortunecasino.org\/wp-content\/uploads\/2026\/02\/Thorfortune-iOS-1024x440.webp 1024w, https:\/\/thorfortunecasino.org\/wp-content\/uploads\/2026\/02\/Thorfortune-iOS-768x330.webp 768w\" sizes=\"(max-width: 1248px) 100vw, 1248px\" \/><\/p>\n<\/div><\/div><div style=\"clear: both\"><\/div><div class=\"d-flex justify-content-center\"><button data-item=\"decouvrez_link\" data-group=\"website_links\" class=\"goto fw-bold rounded-pill btn btn-orange\" aria-label=\"T\u00e9l\u00e9chargez l&#039;application Thorfortune\" >T\u00e9l\u00e9chargez l&#039;application Thorfortune<\/button><\/div><div class=\"scrollable-content-wrap my-5\"><div class=\"scrollable-content-inner\"><h2>FAQ<\/h2>\n<h3>Puis-je utiliser votre application sur plusieurs appareils ?<\/h3>\n<p>Oui, l&rsquo;application Thorfortune est compatible avec Android et iOS. De plus, vous pouvez l&rsquo;ajouter au bureau de votre ordinateur en cliquant sur l&rsquo;ic\u00f4ne d&rsquo;installation dans la barre d&rsquo;adresse, \u00e0 c\u00f4t\u00e9 de l&rsquo;URL de notre site web.<\/p>\n<h3>Dois-je cr\u00e9er un nouveau compte de casino pour utiliser l&rsquo;application Thorfortune ?<\/h3>\n<p>Non, vous pouvez utiliser les m\u00eames identifiants pour vous connecter \u00e0 votre compte casino depuis le web ou la PWA. Les donn\u00e9es sont automatiquement synchronis\u00e9es entre les plateformes et les appareils, de sorte que vos rapports d&rsquo;activit\u00e9 de jeu contiendront les m\u00eames informations, quel que soit l&rsquo;endroit d&rsquo;o\u00f9 vous y acc\u00e9dez.<\/p>\n<h3>Mes donn\u00e9es sont-elles en s\u00e9curit\u00e9 dans votre casino mobile ?<\/h3>\n<p>Vous n&rsquo;avez pas besoin de t\u00e9l\u00e9charger de fichiers suspects pour lancer l&rsquo;application Thor Fortune Casino sur votre appareil. La PWA install\u00e9e vous connectera simplement \u00e0 notre site web officiel, que nous avons \u00e9quip\u00e9 des derniers protocoles de cryptage des donn\u00e9es afin de s\u00e9curiser vos informations confidentielles et vos transactions financi\u00e8res.<\/p>\n<\/div><\/div><\/p>\n","protected":false},"excerpt":{"rendered":"<p>Plateforme mobile Thor Fortune Thorfortune app permet d&rsquo;acc\u00e9der facilement \u00e0 notre plateforme iGaming depuis n&rsquo;importe quel appareil mobile, qu&rsquo;il s&rsquo;agisse d&rsquo;Android ou d&rsquo;iOS. L&rsquo;application est gratuite et facile \u00e0 installer. Vous pouvez m\u00eame l&rsquo;ajouter au bureau de votre ordinateur pour vous connecter plus rapidement \u00e0 votre compte Thor Fortune Casino.<\/p>\n","protected":false},"author":1,"featured_media":0,"parent":0,"menu_order":0,"comment_status":"closed","ping_status":"closed","template":"template-builder.php","meta":{"_acf_changed":false,"inline_featured_image":false,"footnotes":""},"class_list":["post-1440","page","type-page","status-publish","hentry"],"acf":[],"yoast_head":"<!-- This site is optimized with the Yoast SEO plugin v24.4 - https:\/\/yoast.com\/wordpress\/plugins\/seo\/ -->\n<title>T\u00e9l\u00e9chargement de l&#039;application Thorfortune | iOS, Android et ordinateur de bureau<\/title>\n<meta name=\"description\" content=\"Installez l&#039;application Thorfortune sur iOS, Android, Windows et macOS pour jouer \u00e0 plus de 6 000 jeux de casino o\u00f9 que vous soyez. Performances fluides, synchronisation des comptes et assistance 24 h\/24, 7 j\/7 : tout cela dans Thorfortune.\" \/>\n<meta name=\"robots\" content=\"index, follow, max-snippet:-1, max-image-preview:large, max-video-preview:-1\" \/>\n<link rel=\"canonical\" href=\"https:\/\/thorfortunecasino.org\/fr\/app\/\" \/>\n<meta property=\"og:locale\" content=\"fr_FR\" \/>\n<meta property=\"og:type\" content=\"article\" \/>\n<meta property=\"og:title\" content=\"T\u00e9l\u00e9chargement de l&#039;application Thorfortune | iOS, Android et ordinateur de bureau\" \/>\n<meta property=\"og:description\" content=\"Installez l&#039;application Thorfortune sur iOS, Android, Windows et macOS pour jouer \u00e0 plus de 6 000 jeux de casino o\u00f9 que vous soyez. Performances fluides, synchronisation des comptes et assistance 24 h\/24, 7 j\/7 : tout cela dans Thorfortune.\" \/>\n<meta property=\"og:url\" content=\"https:\/\/thorfortunecasino.org\/fr\/app\/\" \/>\n<meta property=\"og:site_name\" content=\"thorfortune\" \/>\n<meta property=\"article:modified_time\" content=\"2026-02-27T09:20:55+00:00\" \/>\n<meta name=\"twitter:card\" content=\"summary_large_image\" \/>\n<meta name=\"twitter:label1\" content=\"Dur\u00e9e de lecture estim\u00e9e\" \/>\n\t<meta name=\"twitter:data1\" content=\"1 minute\" \/>\n<script type=\"application\/ld+json\" class=\"yoast-schema-graph\">{\"@context\":\"https:\/\/schema.org\",\"@graph\":[{\"@type\":\"WebPage\",\"@id\":\"https:\/\/thorfortunecasino.org\/fr\/app\/\",\"url\":\"https:\/\/thorfortunecasino.org\/fr\/app\/\",\"name\":\"T\u00e9l\u00e9chargement de l'application Thorfortune | iOS, Android et ordinateur de bureau\",\"isPartOf\":{\"@id\":\"https:\/\/thorfortunecasino.org\/fr\/#website\"},\"datePublished\":\"2026-01-20T12:08:23+00:00\",\"dateModified\":\"2026-02-27T09:20:55+00:00\",\"description\":\"Installez l'application Thorfortune sur iOS, Android, Windows et macOS pour jouer \u00e0 plus de 6 000 jeux de casino o\u00f9 que vous soyez. Performances fluides, synchronisation des comptes et assistance 24 h\/24, 7 j\/7 : tout cela dans Thorfortune.\",\"breadcrumb\":{\"@id\":\"https:\/\/thorfortunecasino.org\/fr\/app\/#breadcrumb\"},\"inLanguage\":\"fr-FR\",\"potentialAction\":[{\"@type\":\"ReadAction\",\"target\":[\"https:\/\/thorfortunecasino.org\/fr\/app\/\"]}]},{\"@type\":\"BreadcrumbList\",\"@id\":\"https:\/\/thorfortunecasino.org\/fr\/app\/#breadcrumb\",\"itemListElement\":[{\"@type\":\"ListItem\",\"position\":1,\"name\":\"Thorfortune\",\"item\":\"https:\/\/thorfortunecasino.org\/fr\/\"},{\"@type\":\"ListItem\",\"position\":2,\"name\":\"App\"}]},{\"@type\":\"WebSite\",\"@id\":\"https:\/\/thorfortunecasino.org\/fr\/#website\",\"url\":\"https:\/\/thorfortunecasino.org\/fr\/\",\"name\":\"Thorfortune\",\"description\":\"\",\"publisher\":{\"@id\":\"https:\/\/thorfortunecasino.org\/fr\/#organization\"},\"potentialAction\":[{\"@type\":\"SearchAction\",\"target\":{\"@type\":\"EntryPoint\",\"urlTemplate\":\"https:\/\/thorfortunecasino.org\/fr\/?s={search_term_string}\"},\"query-input\":{\"@type\":\"PropertyValueSpecification\",\"valueRequired\":true,\"valueName\":\"search_term_string\"}}],\"inLanguage\":\"fr-FR\"},{\"@type\":\"Organization\",\"@id\":\"https:\/\/thorfortunecasino.org\/fr\/#organization\",\"name\":\"Thorfortune\",\"url\":\"https:\/\/thorfortunecasino.org\/fr\/\",\"logo\":{\"@type\":\"ImageObject\",\"inLanguage\":\"fr-FR\",\"@id\":\"https:\/\/thorfortunecasino.org\/fr\/#\/schema\/logo\/image\/\",\"url\":\"https:\/\/thorfortunecasino.org\/wp-content\/uploads\/2026\/02\/logo.png\",\"contentUrl\":\"https:\/\/thorfortunecasino.org\/wp-content\/uploads\/2026\/02\/logo.png\",\"width\":160,\"height\":37,\"caption\":\"Thorfortune\"},\"image\":{\"@id\":\"https:\/\/thorfortunecasino.org\/fr\/#\/schema\/logo\/image\/\"}}]}<\/script>\n<!-- \/ Yoast SEO plugin. -->","yoast_head_json":{"title":"T\u00e9l\u00e9chargement de l'application Thorfortune | iOS, Android et ordinateur de bureau","description":"Installez l'application Thorfortune sur iOS, Android, Windows et macOS pour jouer \u00e0 plus de 6 000 jeux de casino o\u00f9 que vous soyez. Performances fluides, synchronisation des comptes et assistance 24 h\/24, 7 j\/7 : tout cela dans Thorfortune.","robots":{"index":"index","follow":"follow","max-snippet":"max-snippet:-1","max-image-preview":"max-image-preview:large","max-video-preview":"max-video-preview:-1"},"canonical":"https:\/\/thorfortunecasino.org\/fr\/app\/","og_locale":"fr_FR","og_type":"article","og_title":"T\u00e9l\u00e9chargement de l'application Thorfortune | iOS, Android et ordinateur de bureau","og_description":"Installez l'application Thorfortune sur iOS, Android, Windows et macOS pour jouer \u00e0 plus de 6 000 jeux de casino o\u00f9 que vous soyez. Performances fluides, synchronisation des comptes et assistance 24 h\/24, 7 j\/7 : tout cela dans Thorfortune.","og_url":"https:\/\/thorfortunecasino.org\/fr\/app\/","og_site_name":"thorfortune","article_modified_time":"2026-02-27T09:20:55+00:00","twitter_card":"summary_large_image","twitter_misc":{"Dur\u00e9e de lecture estim\u00e9e":"1 minute"},"schema":{"@context":"https:\/\/schema.org","@graph":[{"@type":"WebPage","@id":"https:\/\/thorfortunecasino.org\/fr\/app\/","url":"https:\/\/thorfortunecasino.org\/fr\/app\/","name":"T\u00e9l\u00e9chargement de l'application Thorfortune | iOS, Android et ordinateur de bureau","isPartOf":{"@id":"https:\/\/thorfortunecasino.org\/fr\/#website"},"datePublished":"2026-01-20T12:08:23+00:00","dateModified":"2026-02-27T09:20:55+00:00","description":"Installez l'application Thorfortune sur iOS, Android, Windows et macOS pour jouer \u00e0 plus de 6 000 jeux de casino o\u00f9 que vous soyez. Performances fluides, synchronisation des comptes et assistance 24 h\/24, 7 j\/7 : tout cela dans Thorfortune.","breadcrumb":{"@id":"https:\/\/thorfortunecasino.org\/fr\/app\/#breadcrumb"},"inLanguage":"fr-FR","potentialAction":[{"@type":"ReadAction","target":["https:\/\/thorfortunecasino.org\/fr\/app\/"]}]},{"@type":"BreadcrumbList","@id":"https:\/\/thorfortunecasino.org\/fr\/app\/#breadcrumb","itemListElement":[{"@type":"ListItem","position":1,"name":"Thorfortune","item":"https:\/\/thorfortunecasino.org\/fr\/"},{"@type":"ListItem","position":2,"name":"App"}]},{"@type":"WebSite","@id":"https:\/\/thorfortunecasino.org\/fr\/#website","url":"https:\/\/thorfortunecasino.org\/fr\/","name":"Thorfortune","description":"","publisher":{"@id":"https:\/\/thorfortunecasino.org\/fr\/#organization"},"potentialAction":[{"@type":"SearchAction","target":{"@type":"EntryPoint","urlTemplate":"https:\/\/thorfortunecasino.org\/fr\/?s={search_term_string}"},"query-input":{"@type":"PropertyValueSpecification","valueRequired":true,"valueName":"search_term_string"}}],"inLanguage":"fr-FR"},{"@type":"Organization","@id":"https:\/\/thorfortunecasino.org\/fr\/#organization","name":"Thorfortune","url":"https:\/\/thorfortunecasino.org\/fr\/","logo":{"@type":"ImageObject","inLanguage":"fr-FR","@id":"https:\/\/thorfortunecasino.org\/fr\/#\/schema\/logo\/image\/","url":"https:\/\/thorfortunecasino.org\/wp-content\/uploads\/2026\/02\/logo.png","contentUrl":"https:\/\/thorfortunecasino.org\/wp-content\/uploads\/2026\/02\/logo.png","width":160,"height":37,"caption":"Thorfortune"},"image":{"@id":"https:\/\/thorfortunecasino.org\/fr\/#\/schema\/logo\/image\/"}}]}},"_links":{"self":[{"href":"https:\/\/thorfortunecasino.org\/fr\/wp-json\/wp\/v2\/pages\/1440"}],"collection":[{"href":"https:\/\/thorfortunecasino.org\/fr\/wp-json\/wp\/v2\/pages"}],"about":[{"href":"https:\/\/thorfortunecasino.org\/fr\/wp-json\/wp\/v2\/types\/page"}],"author":[{"embeddable":true,"href":"https:\/\/thorfortunecasino.org\/fr\/wp-json\/wp\/v2\/users\/1"}],"replies":[{"embeddable":true,"href":"https:\/\/thorfortunecasino.org\/fr\/wp-json\/wp\/v2\/comments?post=1440"}],"version-history":[{"count":3,"href":"https:\/\/thorfortunecasino.org\/fr\/wp-json\/wp\/v2\/pages\/1440\/revisions"}],"predecessor-version":[{"id":2061,"href":"https:\/\/thorfortunecasino.org\/fr\/wp-json\/wp\/v2\/pages\/1440\/revisions\/2061"}],"wp:attachment":[{"href":"https:\/\/thorfortunecasino.org\/fr\/wp-json\/wp\/v2\/media?parent=1440"}],"curies":[{"name":"wp","href":"https:\/\/api.w.org\/{rel}","templated":true}]}}