{"id":1487,"date":"2026-01-20T12:11:11","date_gmt":"2026-01-20T12:11:11","guid":{"rendered":"https:\/\/bonuskongcasino.com\/login-and-registration\/"},"modified":"2026-02-27T12:40:40","modified_gmt":"2026-02-27T12:40:40","slug":"inicio-de-sesion-y-registro","status":"publish","type":"page","link":"https:\/\/thorfortunecasino.org\/es\/inicio-de-sesion-y-registro\/","title":{"rendered":"Inicio de sesi\u00f3n y Registro"},"content":{"rendered":"<h1>Inicio de sesi\u00f3n y registro en la cuenta de Thorfortune<\/h1>\n<p>El proceso de Thorfortune login es realmente sencillo, independientemente del dispositivo desde el que acceda. Puede crear su cuenta en menos de un minuto y empezar a jugar a las tragamonedas m\u00e1s modernas de inmediato. Los jugadores espa\u00f1oles no necesitan verificar su identidad para registrarse en Thorfortune Casino; solo lo hacemos cuando realizan su primer retiro de fondos.<\/p>\n<p><div class=\"banner-wrap\" aria-label=\"Banner\"><img src=\"https:\/\/thorfortunecasino.org\/wp-content\/uploads\/2026\/02\/Thorfortune-bnr-pc.webp\" class=\"w-100 d-none d-lg-block img-pc main-banner-img\" alt=\"thorfortune banner desktop\" fetchpriority=\"high\" decoding=\"async\"><img src=\"https:\/\/thorfortunecasino.org\/wp-content\/uploads\/2026\/02\/thorfortune-banner-mobile.webp\" class=\"w-100 d-none d-md-block d-lg-none main-banner-img\" alt=\"thorfortune banner mobile\" fetchpriority=\"high\" decoding=\"async\"><img src=\"https:\/\/thorfortunecasino.org\/wp-content\/uploads\/2026\/02\/thorfortune-banner-mobile.webp\" class=\"w-100 d-md-none\" alt=\"thorfortune banner mobile\" fetchpriority=\"high\" decoding=\"async\"><div class=\"banner-description\">\n<div class=\"banner-title\">Bonos de bienvenida<\/div>\n<p class=\"banner-header-title\">1500 \u20ac<\/p>\n<div class=\"banner-header-AdditionalText\">+ 250 Tiradas gratis<\/div>\n<button data-item=\"homepage_banner_link\" class=\"goto m-button m-gradient-border m-button--primary m-button--large banner-button btn-orange\">\n            <div class=\"m-button-content\">\n                <span>Reg\u00edstrate ahora<\/span>\n                <span><\/span>\n            <\/div>\n        <\/button>\n<\/div>\n<div class=\"WelcomePack\">\n<p><img loading=\"lazy\" decoding=\"async\" class=\"alignnone size-full wp-image-1849\" src=\"https:\/\/thorfortunecasino.org\/wp-content\/uploads\/2026\/02\/welcome-crown.png\" alt=\"welcome crown\" width=\"25\" height=\"26\" \/><\/p>\n<div class=\"WelcomePack-Info\">Reembolso semanal de hasta el 25 %<\/div>\n<p><img loading=\"lazy\" decoding=\"async\" class=\"alignnone size-full wp-image-1849\" src=\"https:\/\/thorfortunecasino.org\/wp-content\/uploads\/2026\/02\/welcome-crown.png\" alt=\"welcome crown\" width=\"25\" height=\"26\" \/><\/p>\n<\/div>\n<\/div><div class=\"scrollable-content-wrap my-5\"><div class=\"scrollable-content-inner\"><h2>\u00bfC\u00f3mo crear una cuenta en Thorfortune?<\/h2>\n<p>Para registrarte en Thorfortune Casino, solo tienes que rellenar el formulario de registro con tu informaci\u00f3n personal b\u00e1sica y tocar la pantalla un par de veces. Si tu conexi\u00f3n a Internet es estable, todo el proceso te llevar\u00e1 menos de un minuto. As\u00ed es como funciona paso a paso:<\/p>\n<ol>\n<li>Haga clic en el bot\u00f3n de registro situado en la esquina superior derecha de la pantalla.<\/li>\n<li>Escribe tu direcci\u00f3n de correo electr\u00f3nico y crea una contrase\u00f1a segura.<\/li>\n<li>Marca las casillas para verificar que eres mayor de 18 a\u00f1os y acepta nuestros t\u00e9rminos y condiciones.<\/li>\n<li>Vuelve a pulsar el bot\u00f3n para continuar.<\/li>\n<li>Finaliza el proceso proporcion\u00e1ndonos los siguientes datos: tu nombre y apellidos, n\u00famero de tel\u00e9fono y fecha de nacimiento.<\/li>\n<\/ol>\n<p>Y eso es todo. Una vez creada su cuenta Thorfortune, podr\u00e1 realizar su primer dep\u00f3sito, recibir la parte inicial de nuestro bono de bienvenida y empezar a jugar a nuestros juegos de casino sin demora.<\/p>\n<h3>Matices legales<\/h3>\n<p>Aunque Thor Fortune no verifica la identidad de los jugadores al registrarse, ten en cuenta que el juego de menores de edad es ilegal. Por lo tanto, solo los jugadores adultos tienen derecho a disfrutar de una experiencia de juego completa con retiradas de dinero en nuestra plataforma. En caso de que descubramos que eres menor de 18 a\u00f1os, tu cuenta ser\u00e1 cancelada.<\/p>\n<p>Adem\u00e1s, debe ser residente de un pa\u00eds donde el juego online est\u00e9 permitido por la ley. El sitio web de Thorfortune detectar\u00e1 su ubicaci\u00f3n autom\u00e1ticamente y a\u00f1adir\u00e1 esta informaci\u00f3n a los datos de su cuenta al registrarse. No podr\u00e1 establecer manualmente otro pa\u00eds en la informaci\u00f3n de su perfil sin la ayuda de nuestro equipo de asistencia multiling\u00fce.<\/p>\n<h2>\u00bfC\u00f3mo iniciar sesi\u00f3n?<\/h2>\n<p>El inicio de sesi\u00f3n en Thorfortune es un proceso est\u00e1ndar e intuitivo: solo tienes que a\u00f1adir las credenciales indicadas anteriormente al widget de inicio de sesi\u00f3n y pulsar el bot\u00f3n para confirmar que son correctas. Si has olvidado tu contrase\u00f1a, haz clic en el enlace \u00abOlvid\u00e9 mi contrase\u00f1a\u00bb en el formulario de inicio de sesi\u00f3n de Thorfortune y sigue las instrucciones que aparecen en pantalla para restablecerla r\u00e1pidamente.<\/p>\n<p>Tienes la opci\u00f3n de activar la autenticaci\u00f3n de dos factores (2FA) en tu configuraci\u00f3n de seguridad personal. En este caso, tambi\u00e9n tendr\u00e1s que introducir un c\u00f3digo de un solo uso cada vez que accedas a tu cuenta de Thor Fortune Casino. Utilizamos la aplicaci\u00f3n Google Authenticator para proporcionarte estos c\u00f3digos cada vez que inicias sesi\u00f3n.<\/p>\n<p><img loading=\"lazy\" decoding=\"async\" class=\"alignnone size-full wp-image-2009\" src=\"https:\/\/thorfortunecasino.org\/wp-content\/uploads\/2026\/02\/Thorfortune-login-page.webp\" alt=\"Thorfortune login page\" width=\"1248\" height=\"536\" srcset=\"https:\/\/thorfortunecasino.org\/wp-content\/uploads\/2026\/02\/Thorfortune-login-page.webp 1248w, https:\/\/thorfortunecasino.org\/wp-content\/uploads\/2026\/02\/Thorfortune-login-page-300x129.webp 300w, https:\/\/thorfortunecasino.org\/wp-content\/uploads\/2026\/02\/Thorfortune-login-page-1024x440.webp 1024w, https:\/\/thorfortunecasino.org\/wp-content\/uploads\/2026\/02\/Thorfortune-login-page-768x330.webp 768w\" sizes=\"(max-width: 1248px) 100vw, 1248px\" \/><\/p>\n<h2>\u00bfC\u00f3mo gestionar los datos de su cuenta de Thorfortune Casino?<\/h2>\n<p>Su cuenta de Thorfortune es un centro centralizado que le proporciona un f\u00e1cil acceso a sus datos relacionados con el juego y c\u00f3modas herramientas de gesti\u00f3n. Incluye las siguientes interfaces y ajustes pr\u00e1cticos:<\/p>\n<table>\n<tbody>\n<tr>\n<td>Nombre de la interfaz<\/td>\n<td>Caracter\u00edsticas principales<\/td>\n<td>Descripci\u00f3n<\/td>\n<\/tr>\n<tr>\n<td>Historial<\/td>\n<td>Informes sobre su actividad de juego y transacciones financieras en Thorfortune Casino.<\/td>\n<td>Aqu\u00ed puede ver un registro preciso de sus sesiones de juego y actividades financieras en nuestro casino. Los informes tienen una configuraci\u00f3n flexible para que pueda personalizar su aspecto seg\u00fan sus necesidades.<\/td>\n<\/tr>\n<tr>\n<td>Monedero<\/td>\n<td>Botones de dep\u00f3sito y retirada e informaci\u00f3n sobre el total de su dinero.<\/td>\n<td>Esta interfaz proporciona todas las herramientas necesarias para la gesti\u00f3n financiera. Aqu\u00ed puedes configurar tu moneda y comprobar cu\u00e1nto dinero tienes en tu cuenta.<\/td>\n<\/tr>\n<tr>\n<td>Configuraci\u00f3n general<\/td>\n<td>Detalles del perfil personal, seguimiento del sistema de fidelizaci\u00f3n y widget de incorporaci\u00f3n.<\/td>\n<td>Aqu\u00ed puede editar su informaci\u00f3n personal (incluidos sus datos de contacto y nombre de usuario) y comprobar su progreso dentro de nuestro sistema de fidelizaci\u00f3n.<\/td>\n<\/tr>\n<tr>\n<td>Configuraci\u00f3n de seguridad<\/td>\n<td>Gesti\u00f3n de contrase\u00f1as, 2FA, historial de sesiones.<\/td>\n<td>Aqu\u00ed puedes actualizar tu contrase\u00f1a y habilitar la autenticaci\u00f3n de dos factores (2FA) para mejorar la seguridad de tu cuenta. Los informes detallados sobre tu inicio de sesi\u00f3n y tus sesiones en Thorfortune facilitan la detecci\u00f3n de cualquier actividad sospechosa.<\/td>\n<\/tr>\n<tr>\n<td>Controles de juego<\/td>\n<td>L\u00edmites de presupuesto, l\u00edmites de sesi\u00f3n y autoexclusi\u00f3n.<\/td>\n<td>Aqu\u00ed puede establecer l\u00edmites de dep\u00f3sito y de tiempo para evitar gastos excesivos relacionados con el juego. Y en caso de que desee tomarse un descanso de Thorfortune, tambi\u00e9n puede solicitar la autoexclusi\u00f3n.<\/td>\n<\/tr>\n<\/tbody>\n<\/table>\n<h2>Preguntas frecuentes<\/h2>\n<h3>\u00bfTengo que someterme a un proceso de verificaci\u00f3n de identidad al crear una cuenta en Thor Fortune?<\/h3>\n<p>No, solo realizamos una verificaci\u00f3n de identidad exhaustiva despu\u00e9s de que solicites tu primer retiro de fondos; tendr\u00e1s que proporcionarnos copias de tu pasaporte, facturas de servicios p\u00fablicos y tarjeta bancaria utilizada para procesar el retiro. Antes de eso, eres libre de apostar en nuestra plataforma y realizar dep\u00f3sitos sin proporcionarnos ninguna prueba de identidad.<\/p>\n<h3>\u00bfCu\u00e1les son las ventajas de registrarse en Thorfortune Casino?<\/h3>\n<p>Despu\u00e9s de iniciar sesi\u00f3n en Thorfortune, tendr\u00e1 acceso a miles de los mejores juegos de casino, que tambi\u00e9n se pueden jugar en modo demo. Adem\u00e1s, todos los usuarios reci\u00e9n registrados tienen derecho a un bono de bienvenida. Debe crear una cuenta y realizar al menos tres dep\u00f3sitos para aprovecharlo al m\u00e1ximo.<\/p>\n<h3>\u00bfC\u00f3mo puedo proteger mi cuenta del acceso no autorizado?<\/h3>\n<p>La mejor manera de evitar el acceso no autorizado es habilitando la autenticaci\u00f3n de dos factores (2FA) en su configuraci\u00f3n de seguridad personal. Cuando esta funci\u00f3n est\u00e1 activada, deber\u00e1 introducir un c\u00f3digo \u00fanico de un solo uso cada vez que inicie sesi\u00f3n en Thorfortune. Adem\u00e1s, le recomendamos que actualice su contrase\u00f1a cada seis meses. En caso de cualquier problema, no dude en ponerse en contacto con nuestro equipo de asistencia por correo electr\u00f3nico o chat en vivo.<\/p>\n<\/div><\/div><\/p>\n","protected":false},"excerpt":{"rendered":"<p>Inicio de sesi\u00f3n y registro en la cuenta de Thorfortune El proceso de Thorfortune login es realmente sencillo, independientemente del dispositivo desde el que acceda. Puede crear su cuenta en menos de un minuto y empezar a jugar a las tragamonedas m\u00e1s modernas de inmediato. Los jugadores espa\u00f1oles no necesitan verificar su identidad para registrarse [&hellip;]<\/p>\n","protected":false},"author":1,"featured_media":0,"parent":0,"menu_order":0,"comment_status":"closed","ping_status":"closed","template":"template-builder.php","meta":{"_acf_changed":false,"inline_featured_image":false,"footnotes":""},"class_list":["post-1487","page","type-page","status-publish","hentry"],"acf":[],"yoast_head":"<!-- This site is optimized with the Yoast SEO plugin v24.4 - https:\/\/yoast.com\/wordpress\/plugins\/seo\/ -->\n<title>Thorfortune Login: acceso seguro al registro y al inicio de sesi\u00f3n<\/title>\n<meta name=\"description\" content=\"Inicio de sesi\u00f3n en Thorfortune: acceda a su cuenta de forma segura o cree una nueva en cuesti\u00f3n de minutos. Gestione f\u00e1cilmente la verificaci\u00f3n, la recuperaci\u00f3n de contrase\u00f1a y la configuraci\u00f3n de la cuenta en Thorfortune.\" \/>\n<meta name=\"robots\" content=\"index, follow, max-snippet:-1, max-image-preview:large, max-video-preview:-1\" \/>\n<link rel=\"canonical\" href=\"https:\/\/thorfortunecasino.org\/es\/inicio-de-sesion-y-registro\/\" \/>\n<meta property=\"og:locale\" content=\"es_ES\" \/>\n<meta property=\"og:type\" content=\"article\" \/>\n<meta property=\"og:title\" content=\"Thorfortune Login: acceso seguro al registro y al inicio de sesi\u00f3n\" \/>\n<meta property=\"og:description\" content=\"Inicio de sesi\u00f3n en Thorfortune: acceda a su cuenta de forma segura o cree una nueva en cuesti\u00f3n de minutos. Gestione f\u00e1cilmente la verificaci\u00f3n, la recuperaci\u00f3n de contrase\u00f1a y la configuraci\u00f3n de la cuenta en Thorfortune.\" \/>\n<meta property=\"og:url\" content=\"https:\/\/thorfortunecasino.org\/es\/inicio-de-sesion-y-registro\/\" \/>\n<meta property=\"og:site_name\" content=\"thorfortune\" \/>\n<meta property=\"article:modified_time\" content=\"2026-02-27T12:40:40+00:00\" \/>\n<meta name=\"twitter:card\" content=\"summary_large_image\" \/>\n<meta name=\"twitter:label1\" content=\"Est. reading time\" \/>\n\t<meta name=\"twitter:data1\" content=\"1 minute\" \/>\n<script type=\"application\/ld+json\" class=\"yoast-schema-graph\">{\"@context\":\"https:\/\/schema.org\",\"@graph\":[{\"@type\":\"WebPage\",\"@id\":\"https:\/\/thorfortunecasino.org\/es\/inicio-de-sesion-y-registro\/\",\"url\":\"https:\/\/thorfortunecasino.org\/es\/inicio-de-sesion-y-registro\/\",\"name\":\"Thorfortune Login: acceso seguro al registro y al inicio de sesi\u00f3n\",\"isPartOf\":{\"@id\":\"https:\/\/thorfortunecasino.org\/es\/#website\"},\"datePublished\":\"2026-01-20T12:11:11+00:00\",\"dateModified\":\"2026-02-27T12:40:40+00:00\",\"description\":\"Inicio de sesi\u00f3n en Thorfortune: acceda a su cuenta de forma segura o cree una nueva en cuesti\u00f3n de minutos. Gestione f\u00e1cilmente la verificaci\u00f3n, la recuperaci\u00f3n de contrase\u00f1a y la configuraci\u00f3n de la cuenta en Thorfortune.\",\"breadcrumb\":{\"@id\":\"https:\/\/thorfortunecasino.org\/es\/inicio-de-sesion-y-registro\/#breadcrumb\"},\"inLanguage\":\"es-ES\",\"potentialAction\":[{\"@type\":\"ReadAction\",\"target\":[\"https:\/\/thorfortunecasino.org\/es\/inicio-de-sesion-y-registro\/\"]}]},{\"@type\":\"BreadcrumbList\",\"@id\":\"https:\/\/thorfortunecasino.org\/es\/inicio-de-sesion-y-registro\/#breadcrumb\",\"itemListElement\":[{\"@type\":\"ListItem\",\"position\":1,\"name\":\"Thorfortune\",\"item\":\"https:\/\/thorfortunecasino.org\/es\/\"},{\"@type\":\"ListItem\",\"position\":2,\"name\":\"Inicio de sesi\u00f3n y Registro\"}]},{\"@type\":\"WebSite\",\"@id\":\"https:\/\/thorfortunecasino.org\/es\/#website\",\"url\":\"https:\/\/thorfortunecasino.org\/es\/\",\"name\":\"Thorfortune\",\"description\":\"\",\"publisher\":{\"@id\":\"https:\/\/thorfortunecasino.org\/es\/#organization\"},\"potentialAction\":[{\"@type\":\"SearchAction\",\"target\":{\"@type\":\"EntryPoint\",\"urlTemplate\":\"https:\/\/thorfortunecasino.org\/es\/?s={search_term_string}\"},\"query-input\":{\"@type\":\"PropertyValueSpecification\",\"valueRequired\":true,\"valueName\":\"search_term_string\"}}],\"inLanguage\":\"es-ES\"},{\"@type\":\"Organization\",\"@id\":\"https:\/\/thorfortunecasino.org\/es\/#organization\",\"name\":\"Thorfortune\",\"url\":\"https:\/\/thorfortunecasino.org\/es\/\",\"logo\":{\"@type\":\"ImageObject\",\"inLanguage\":\"es-ES\",\"@id\":\"https:\/\/thorfortunecasino.org\/es\/#\/schema\/logo\/image\/\",\"url\":\"https:\/\/thorfortunecasino.org\/wp-content\/uploads\/2026\/02\/logo.png\",\"contentUrl\":\"https:\/\/thorfortunecasino.org\/wp-content\/uploads\/2026\/02\/logo.png\",\"width\":160,\"height\":37,\"caption\":\"Thorfortune\"},\"image\":{\"@id\":\"https:\/\/thorfortunecasino.org\/es\/#\/schema\/logo\/image\/\"}}]}<\/script>\n<!-- \/ Yoast SEO plugin. -->","yoast_head_json":{"title":"Thorfortune Login: acceso seguro al registro y al inicio de sesi\u00f3n","description":"Inicio de sesi\u00f3n en Thorfortune: acceda a su cuenta de forma segura o cree una nueva en cuesti\u00f3n de minutos. Gestione f\u00e1cilmente la verificaci\u00f3n, la recuperaci\u00f3n de contrase\u00f1a y la configuraci\u00f3n de la cuenta en Thorfortune.","robots":{"index":"index","follow":"follow","max-snippet":"max-snippet:-1","max-image-preview":"max-image-preview:large","max-video-preview":"max-video-preview:-1"},"canonical":"https:\/\/thorfortunecasino.org\/es\/inicio-de-sesion-y-registro\/","og_locale":"es_ES","og_type":"article","og_title":"Thorfortune Login: acceso seguro al registro y al inicio de sesi\u00f3n","og_description":"Inicio de sesi\u00f3n en Thorfortune: acceda a su cuenta de forma segura o cree una nueva en cuesti\u00f3n de minutos. Gestione f\u00e1cilmente la verificaci\u00f3n, la recuperaci\u00f3n de contrase\u00f1a y la configuraci\u00f3n de la cuenta en Thorfortune.","og_url":"https:\/\/thorfortunecasino.org\/es\/inicio-de-sesion-y-registro\/","og_site_name":"thorfortune","article_modified_time":"2026-02-27T12:40:40+00:00","twitter_card":"summary_large_image","twitter_misc":{"Est. reading time":"1 minute"},"schema":{"@context":"https:\/\/schema.org","@graph":[{"@type":"WebPage","@id":"https:\/\/thorfortunecasino.org\/es\/inicio-de-sesion-y-registro\/","url":"https:\/\/thorfortunecasino.org\/es\/inicio-de-sesion-y-registro\/","name":"Thorfortune Login: acceso seguro al registro y al inicio de sesi\u00f3n","isPartOf":{"@id":"https:\/\/thorfortunecasino.org\/es\/#website"},"datePublished":"2026-01-20T12:11:11+00:00","dateModified":"2026-02-27T12:40:40+00:00","description":"Inicio de sesi\u00f3n en Thorfortune: acceda a su cuenta de forma segura o cree una nueva en cuesti\u00f3n de minutos. Gestione f\u00e1cilmente la verificaci\u00f3n, la recuperaci\u00f3n de contrase\u00f1a y la configuraci\u00f3n de la cuenta en Thorfortune.","breadcrumb":{"@id":"https:\/\/thorfortunecasino.org\/es\/inicio-de-sesion-y-registro\/#breadcrumb"},"inLanguage":"es-ES","potentialAction":[{"@type":"ReadAction","target":["https:\/\/thorfortunecasino.org\/es\/inicio-de-sesion-y-registro\/"]}]},{"@type":"BreadcrumbList","@id":"https:\/\/thorfortunecasino.org\/es\/inicio-de-sesion-y-registro\/#breadcrumb","itemListElement":[{"@type":"ListItem","position":1,"name":"Thorfortune","item":"https:\/\/thorfortunecasino.org\/es\/"},{"@type":"ListItem","position":2,"name":"Inicio de sesi\u00f3n y Registro"}]},{"@type":"WebSite","@id":"https:\/\/thorfortunecasino.org\/es\/#website","url":"https:\/\/thorfortunecasino.org\/es\/","name":"Thorfortune","description":"","publisher":{"@id":"https:\/\/thorfortunecasino.org\/es\/#organization"},"potentialAction":[{"@type":"SearchAction","target":{"@type":"EntryPoint","urlTemplate":"https:\/\/thorfortunecasino.org\/es\/?s={search_term_string}"},"query-input":{"@type":"PropertyValueSpecification","valueRequired":true,"valueName":"search_term_string"}}],"inLanguage":"es-ES"},{"@type":"Organization","@id":"https:\/\/thorfortunecasino.org\/es\/#organization","name":"Thorfortune","url":"https:\/\/thorfortunecasino.org\/es\/","logo":{"@type":"ImageObject","inLanguage":"es-ES","@id":"https:\/\/thorfortunecasino.org\/es\/#\/schema\/logo\/image\/","url":"https:\/\/thorfortunecasino.org\/wp-content\/uploads\/2026\/02\/logo.png","contentUrl":"https:\/\/thorfortunecasino.org\/wp-content\/uploads\/2026\/02\/logo.png","width":160,"height":37,"caption":"Thorfortune"},"image":{"@id":"https:\/\/thorfortunecasino.org\/es\/#\/schema\/logo\/image\/"}}]}},"_links":{"self":[{"href":"https:\/\/thorfortunecasino.org\/es\/wp-json\/wp\/v2\/pages\/1487"}],"collection":[{"href":"https:\/\/thorfortunecasino.org\/es\/wp-json\/wp\/v2\/pages"}],"about":[{"href":"https:\/\/thorfortunecasino.org\/es\/wp-json\/wp\/v2\/types\/page"}],"author":[{"embeddable":true,"href":"https:\/\/thorfortunecasino.org\/es\/wp-json\/wp\/v2\/users\/1"}],"replies":[{"embeddable":true,"href":"https:\/\/thorfortunecasino.org\/es\/wp-json\/wp\/v2\/comments?post=1487"}],"version-history":[{"count":3,"href":"https:\/\/thorfortunecasino.org\/es\/wp-json\/wp\/v2\/pages\/1487\/revisions"}],"predecessor-version":[{"id":2102,"href":"https:\/\/thorfortunecasino.org\/es\/wp-json\/wp\/v2\/pages\/1487\/revisions\/2102"}],"wp:attachment":[{"href":"https:\/\/thorfortunecasino.org\/es\/wp-json\/wp\/v2\/media?parent=1487"}],"curies":[{"name":"wp","href":"https:\/\/api.w.org\/{rel}","templated":true}]}}