{"id":1449,"date":"2026-01-20T12:08:23","date_gmt":"2026-01-20T12:08:23","guid":{"rendered":"https:\/\/bonuskongcasino.com\/app-2\/"},"modified":"2026-02-27T12:39:16","modified_gmt":"2026-02-27T12:39:16","slug":"aplicacion","status":"publish","type":"page","link":"https:\/\/thorfortunecasino.org\/es\/aplicacion\/","title":{"rendered":"Aplicaci\u00f3n"},"content":{"rendered":"<h1>Plataforma m\u00f3vil Thor Fortune<\/h1>\n<p>La Thorfortune app permite a los jugadores espa\u00f1oles acceder c\u00f3modamente a nuestra plataforma de iGaming desde cualquier dispositivo m\u00f3vil, ya sea Android o iOS. La aplicaci\u00f3n es gratuita y f\u00e1cil de instalar. Incluso puede a\u00f1adirla al escritorio de su ordenador para iniciar sesi\u00f3n m\u00e1s r\u00e1pidamente en su cuenta de Thor Fortune Casino.<\/p>\n<p><div class=\"banner-wrap\" aria-label=\"Banner\"><img src=\"https:\/\/thorfortunecasino.org\/wp-content\/uploads\/2026\/02\/Thorfortune-bnr-pc.webp\" class=\"w-100 d-none d-lg-block img-pc main-banner-img\" alt=\"thorfortune banner desktop\" fetchpriority=\"high\" decoding=\"async\"><img src=\"https:\/\/thorfortunecasino.org\/wp-content\/uploads\/2026\/02\/thorfortune-banner-mobile.webp\" class=\"w-100 d-none d-md-block d-lg-none main-banner-img\" alt=\"thorfortune banner mobile\" fetchpriority=\"high\" decoding=\"async\"><img src=\"https:\/\/thorfortunecasino.org\/wp-content\/uploads\/2026\/02\/thorfortune-banner-mobile.webp\" class=\"w-100 d-md-none\" alt=\"thorfortune banner mobile\" fetchpriority=\"high\" decoding=\"async\"><div class=\"banner-description\">\n<div class=\"banner-title\">Bonos de bienvenida<\/div>\n<p class=\"banner-header-title\">1500 \u20ac<\/p>\n<div class=\"banner-header-AdditionalText\">+ 250 Tiradas gratis<\/div>\n<button data-item=\"homepage_banner_link\" class=\"goto m-button m-gradient-border m-button--primary m-button--large banner-button btn-orange\">\n            <div class=\"m-button-content\">\n                <span>Reg\u00edstrate ahora<\/span>\n                <span><\/span>\n            <\/div>\n        <\/button>\n<\/div>\n<div class=\"WelcomePack\">\n<p><img loading=\"lazy\" decoding=\"async\" class=\"alignnone size-full wp-image-1849\" src=\"https:\/\/thorfortunecasino.org\/wp-content\/uploads\/2026\/02\/welcome-crown.png\" alt=\"welcome crown\" width=\"25\" height=\"26\" \/><\/p>\n<div class=\"WelcomePack-Info\">Reembolso semanal de hasta el 25 %<\/div>\n<p><img loading=\"lazy\" decoding=\"async\" class=\"alignnone size-full wp-image-1849\" src=\"https:\/\/thorfortunecasino.org\/wp-content\/uploads\/2026\/02\/welcome-crown.png\" alt=\"welcome crown\" width=\"25\" height=\"26\" \/><\/p>\n<\/div>\n<\/div><div class=\"scrollable-content-wrap my-5\"><div class=\"scrollable-content-inner\"><h2>Thorfortune Casino app: caracter\u00edsticas principales<\/h2>\n<p>Nuestra aplicaci\u00f3n es una aplicaci\u00f3n web progresiva (PWA) que funciona como un acceso directo a la versi\u00f3n web principal de la plataforma Thorfortune. Proporciona acceso a todas las mismas caracter\u00edsticas e interfaces que puedes disfrutar en el sitio web. Sin embargo, se caracteriza por tiempos de carga mucho m\u00e1s r\u00e1pidos y una mayor comodidad a la hora de apostar en smartphones o tabletas.<\/p>\n<p>Adem\u00e1s, la aplicaci\u00f3n Thorfortune cuenta con notificaciones push, que puedes activar en la configuraci\u00f3n de tu dispositivo. Esta funci\u00f3n te mantendr\u00e1 informado sobre nuestras \u00faltimas campa\u00f1as promocionales y bonificaciones personales que puedes aprovechar. Con las notificaciones push activadas, nunca correr\u00e1s el riesgo de perderte una oportunidad por tiempo limitado de ganar bonificaciones en efectivo o giros gratis adicionales.<\/p>\n<table>\n<tbody>\n<tr>\n<td>Caracter\u00edsticas de la aplicaci\u00f3n<\/td>\n<td>Detalles<\/td>\n<\/tr>\n<tr>\n<td>Cat\u00e1logo de juegos<\/td>\n<td>Disfruta de un c\u00f3modo acceso a m\u00e1s de 6000 juegos de casino<\/td>\n<\/tr>\n<tr>\n<td>Perfil personal<\/td>\n<td>Gestiona f\u00e1cilmente tus datos personales y la configuraci\u00f3n de seguridad desde tu smartphone<\/td>\n<\/tr>\n<tr>\n<td>Chat en vivo<\/td>\n<td>Ponte en contacto r\u00e1pidamente con nuestro equipo de asistencia multiling\u00fce en cualquier momento del d\u00eda<\/td>\n<\/tr>\n<tr>\n<td>Notificaciones push<\/td>\n<td>Reciba r\u00e1pidamente la informaci\u00f3n m\u00e1s reciente sobre nuestras campa\u00f1as promocionales<\/td>\n<\/tr>\n<tr>\n<td>Controles de juego<\/td>\n<td>Establece l\u00edmites presupuestarios y l\u00edmites de sesi\u00f3n para mantener el control de tus recursos<\/td>\n<\/tr>\n<tr>\n<td>Monedero<\/td>\n<td>Gestiona tus transacciones financieras de forma sencilla.<\/td>\n<\/tr>\n<tr>\n<td>Historial<\/td>\n<td>Realice un seguimiento y analice sus actividades relacionadas con el juego en Thor Fortune<\/td>\n<\/tr>\n<tr>\n<td>Controles t\u00e1ctiles<\/td>\n<td>Disfruta de una experiencia de juego fluida en tu tableta o tel\u00e9fono<\/td>\n<\/tr>\n<tr>\n<td>Dise\u00f1o adaptable<\/td>\n<td>Juega a tragamonedas en l\u00ednea y otros juegos de casino en cualquier dispositivo: las interfaces se adaptar\u00e1n autom\u00e1ticamente al tama\u00f1o de tu pantalla<\/td>\n<\/tr>\n<\/tbody>\n<\/table>\n<p><img loading=\"lazy\" decoding=\"async\" class=\"alignnone size-full wp-image-2025\" src=\"https:\/\/thorfortunecasino.org\/wp-content\/uploads\/2026\/02\/Thorfortune-Desktop.webp\" alt=\"Thorfortune Desktop\" width=\"1248\" height=\"536\" srcset=\"https:\/\/thorfortunecasino.org\/wp-content\/uploads\/2026\/02\/Thorfortune-Desktop.webp 1248w, https:\/\/thorfortunecasino.org\/wp-content\/uploads\/2026\/02\/Thorfortune-Desktop-300x129.webp 300w, https:\/\/thorfortunecasino.org\/wp-content\/uploads\/2026\/02\/Thorfortune-Desktop-1024x440.webp 1024w, https:\/\/thorfortunecasino.org\/wp-content\/uploads\/2026\/02\/Thorfortune-Desktop-768x330.webp 768w\" sizes=\"(max-width: 1248px) 100vw, 1248px\" \/><\/p>\n<\/div><\/div><div style=\"clear: both\"><\/div><div class=\"d-flex justify-content-center\"><button data-item=\"decouvrez_link\" data-group=\"website_links\" class=\"goto fw-bold rounded-pill btn btn-orange\" aria-label=\"Descarga la aplicaci\u00f3n Thorfortune\" >Descarga la aplicaci\u00f3n Thorfortune<\/button><\/div><div class=\"scrollable-content-wrap my-5\"><div class=\"scrollable-content-inner\"><h2>Principales ventajas de utilizar la Thorfortune app<\/h2>\n<p>La PWA permite un acceso mucho m\u00e1s r\u00e1pido a Thorfortune Casino desde todo tipo de dispositivos m\u00f3viles. Despu\u00e9s de instalarla en tu smartphone, no tendr\u00e1s que iniciar sesi\u00f3n en tu cuenta a trav\u00e9s del navegador, sino que simplemente podr\u00e1s tocar el icono de Thorfortune en tu pantalla de inicio para abrir nuestro cat\u00e1logo de juegos en un instante.<\/p>\n<p>La aplicaci\u00f3n es totalmente segura. No es necesario descargar ning\u00fan archivo para instalarla en tu tel\u00e9fono. Por eso tampoco ocupa demasiado espacio en la memoria de tu tel\u00e9fono y no consume m\u00e1s bater\u00eda que tus actividades habituales de juego online.<\/p>\n<p>A continuaci\u00f3n, te resumimos las principales ventajas de utilizar la aplicaci\u00f3n Thorfortune en tu dispositivo m\u00f3vil:<\/p>\n<ul>\n<li>Tiempos de carga m\u00e1s r\u00e1pidos<\/li>\n<li>Acceso sin conexi\u00f3n a tu informaci\u00f3n personal<\/li>\n<li>Mayor comodidad para jugar en un smartphone o tableta<\/li>\n<li>Ocupa muy poco espacio de almacenamiento<\/li>\n<li>Protecci\u00f3n de datos de primera categor\u00eda<\/li>\n<li>Sin necesidad de actualizaciones manuales<\/li>\n<\/ul>\n<p>Puedes disfrutar de todas estas ventajas de forma gratuita: no cobramos a nuestros jugadores por instalar la aplicaci\u00f3n. Su \u00fanico objetivo es hacer que tu experiencia en Thorfortune Casino sea m\u00e1s agradable, tanto si juegas a las tragaperras en un ordenador como en un smartphone.<\/p>\n<p><img loading=\"lazy\" decoding=\"async\" class=\"alignnone size-full wp-image-2041\" src=\"https:\/\/thorfortunecasino.org\/wp-content\/uploads\/2026\/02\/Thorfortune-Android.webp\" alt=\"Thorfortune Android\" width=\"1248\" height=\"536\" srcset=\"https:\/\/thorfortunecasino.org\/wp-content\/uploads\/2026\/02\/Thorfortune-Android.webp 1248w, https:\/\/thorfortunecasino.org\/wp-content\/uploads\/2026\/02\/Thorfortune-Android-300x129.webp 300w, https:\/\/thorfortunecasino.org\/wp-content\/uploads\/2026\/02\/Thorfortune-Android-1024x440.webp 1024w, https:\/\/thorfortunecasino.org\/wp-content\/uploads\/2026\/02\/Thorfortune-Android-768x330.webp 768w\" sizes=\"(max-width: 1248px) 100vw, 1248px\" \/><\/p>\n<\/div><\/div><div style=\"clear: both\"><\/div><div class=\"d-flex justify-content-center\"><button data-item=\"decouvrez_link\" data-group=\"website_links\" class=\"goto fw-bold rounded-pill btn btn-orange\" aria-label=\"Descargar Thorfortune\" >Descargar Thorfortune<\/button><\/div><div class=\"scrollable-content-wrap my-5\"><div class=\"scrollable-content-inner\"><h2>C\u00f3mo instalar nuestra aplicaci\u00f3n en tu dispositivo m\u00f3vil<\/h2>\n<p>No es necesario crear una nueva cuenta para entrar en Thorfortune Casino a trav\u00e9s de la PWA ni someterse a un proceso de verificaci\u00f3n de identidad. Solo tiene que acceder a su perfil con las credenciales ya existentes despu\u00e9s de instalar la aplicaci\u00f3n en su smartphone en menos de un minuto.<\/p>\n<h3>Instalaci\u00f3n de la aplicaci\u00f3n Thorfortune en Android<\/h3>\n<p>La aplicaci\u00f3n Thorfortune Casino es compatible con cualquier dispositivo Android, y todo el proceso de instalaci\u00f3n consta de solo cuatro sencillos pasos:<\/p>\n<ol>\n<li>Ve a nuestro sitio web en el navegador m\u00f3vil que prefieras.<\/li>\n<li>Haz clic en el icono de tres puntos para abrir la configuraci\u00f3n del navegador.<\/li>\n<li>Busca la opci\u00f3n \u00abA\u00f1adir a la pantalla de inicio\u00bb en el men\u00fa de configuraci\u00f3n.<\/li>\n<li>Pulsa el bot\u00f3n de instalaci\u00f3n para completar el proceso.<\/li>\n<\/ol>\n<p>En cuesti\u00f3n de segundos, el icono de Thorfortune aparecer\u00e1 en la pantalla de tu dispositivo y podr\u00e1s hacer clic en \u00e9l en lugar de abrir el navegador cada vez que quieras jugar a las tragaperras o consultar alguna informaci\u00f3n en tu cuenta de casino m\u00f3vil.<\/p>\n<h3>Instalaci\u00f3n de la aplicaci\u00f3n Thor Fortune en iOS<\/h3>\n<p>El proceso de instalaci\u00f3n para dispositivos iOS es pr\u00e1cticamente el mismo que para Android. Solo tienes que abrir nuestro sitio web en tu smartphone y a\u00f1adir el icono de Thorfortune Casino a tu pantalla de inicio a trav\u00e9s de la configuraci\u00f3n del navegador.<\/p>\n<p>De esta manera, en menos de un minuto, podr\u00e1s disfrutar de un acceso r\u00e1pido y c\u00f3modo a tus juegos de casino favoritos en tu iPhone o iPad. E incluso si tu conexi\u00f3n a Internet est\u00e1 desconectada, podr\u00e1s consultar cierta informaci\u00f3n personal e informes del historial de juego en tu cuenta de Thorfortune a trav\u00e9s de nuestra PWA.<\/p>\n<p><img loading=\"lazy\" decoding=\"async\" class=\"alignnone size-full wp-image-2033\" src=\"https:\/\/thorfortunecasino.org\/wp-content\/uploads\/2026\/02\/Thorfortune-iOS.webp\" alt=\"Thorfortune iOS\" width=\"1248\" height=\"536\" srcset=\"https:\/\/thorfortunecasino.org\/wp-content\/uploads\/2026\/02\/Thorfortune-iOS.webp 1248w, https:\/\/thorfortunecasino.org\/wp-content\/uploads\/2026\/02\/Thorfortune-iOS-300x129.webp 300w, https:\/\/thorfortunecasino.org\/wp-content\/uploads\/2026\/02\/Thorfortune-iOS-1024x440.webp 1024w, https:\/\/thorfortunecasino.org\/wp-content\/uploads\/2026\/02\/Thorfortune-iOS-768x330.webp 768w\" sizes=\"(max-width: 1248px) 100vw, 1248px\" \/><\/p>\n<\/div><\/div><div style=\"clear: both\"><\/div><div class=\"d-flex justify-content-center\"><button data-item=\"decouvrez_link\" data-group=\"website_links\" class=\"goto fw-bold rounded-pill btn btn-orange\" aria-label=\"Descarga la aplicaci\u00f3n Thorfortune\" >Descarga la aplicaci\u00f3n Thorfortune<\/button><\/div><div class=\"scrollable-content-wrap my-5\"><div class=\"scrollable-content-inner\"><h2>Preguntas frecuentes<\/h2>\n<h3>\u00bfPuedo usar su aplicaci\u00f3n en varios dispositivos?<\/h3>\n<p>S\u00ed, la aplicaci\u00f3n Thorfortune es compatible tanto con Android como con iOS. Adem\u00e1s, puede a\u00f1adirla al escritorio de su ordenador haciendo clic en el icono de instalaci\u00f3n de la barra de direcciones, junto a la URL de nuestro sitio web.<\/p>\n<h3>\u00bfTengo que crear una nueva cuenta de casino para usar la aplicaci\u00f3n Thorfortune?<\/h3>\n<p>No, puedes utilizar las mismas credenciales para acceder a tu cuenta de casino desde la web o la PWA. Los datos se sincronizan autom\u00e1ticamente entre plataformas y dispositivos, por lo que tus informes de actividad de juego contendr\u00e1n la misma informaci\u00f3n independientemente de d\u00f3nde accedas a ellos.<\/p>\n<h3>\u00bfQu\u00e9 seguridad tienen mis datos en su casino m\u00f3vil?<\/h3>\n<p>No tienes que descargar ning\u00fan archivo sospechoso para iniciar la aplicaci\u00f3n Thor Fortune Casino en tu dispositivo. La PWA instalada simplemente te conectar\u00e1 a nuestro sitio web oficial, que hemos equipado con los \u00faltimos protocolos de encriptaci\u00f3n de datos para proteger tu informaci\u00f3n confidencial y tus transacciones financieras.<\/p>\n<\/div><\/div><\/p>\n","protected":false},"excerpt":{"rendered":"<p>Plataforma m\u00f3vil Thor Fortune La Thorfortune app permite a los jugadores espa\u00f1oles acceder c\u00f3modamente a nuestra plataforma de iGaming desde cualquier dispositivo m\u00f3vil, ya sea Android o iOS. La aplicaci\u00f3n es gratuita y f\u00e1cil de instalar. Incluso puede a\u00f1adirla al escritorio de su ordenador para iniciar sesi\u00f3n m\u00e1s r\u00e1pidamente en su cuenta de Thor Fortune [&hellip;]<\/p>\n","protected":false},"author":1,"featured_media":0,"parent":0,"menu_order":0,"comment_status":"closed","ping_status":"closed","template":"template-builder.php","meta":{"_acf_changed":false,"inline_featured_image":false,"footnotes":""},"class_list":["post-1449","page","type-page","status-publish","hentry"],"acf":[],"yoast_head":"<!-- This site is optimized with the Yoast SEO plugin v24.4 - https:\/\/yoast.com\/wordpress\/plugins\/seo\/ -->\n<title>Descargar la aplicaci\u00f3n Thorfortune | iOS, Android y escritorio<\/title>\n<meta name=\"description\" content=\"Instala la aplicaci\u00f3n Thorfortune en iOS, Android, Windows y macOS para jugar a m\u00e1s de 6000 juegos de casino en cualquier lugar. Rendimiento fluido, sincronizaci\u00f3n de cuentas y asistencia 24\/7: todo en Thorfortune.\" \/>\n<meta name=\"robots\" content=\"index, follow, max-snippet:-1, max-image-preview:large, max-video-preview:-1\" \/>\n<link rel=\"canonical\" href=\"https:\/\/thorfortunecasino.org\/es\/aplicacion\/\" \/>\n<meta property=\"og:locale\" content=\"es_ES\" \/>\n<meta property=\"og:type\" content=\"article\" \/>\n<meta property=\"og:title\" content=\"Descargar la aplicaci\u00f3n Thorfortune | iOS, Android y escritorio\" \/>\n<meta property=\"og:description\" content=\"Instala la aplicaci\u00f3n Thorfortune en iOS, Android, Windows y macOS para jugar a m\u00e1s de 6000 juegos de casino en cualquier lugar. Rendimiento fluido, sincronizaci\u00f3n de cuentas y asistencia 24\/7: todo en Thorfortune.\" \/>\n<meta property=\"og:url\" content=\"https:\/\/thorfortunecasino.org\/es\/aplicacion\/\" \/>\n<meta property=\"og:site_name\" content=\"thorfortune\" \/>\n<meta property=\"article:modified_time\" content=\"2026-02-27T12:39:16+00:00\" \/>\n<meta name=\"twitter:card\" content=\"summary_large_image\" \/>\n<meta name=\"twitter:label1\" content=\"Est. reading time\" \/>\n\t<meta name=\"twitter:data1\" content=\"1 minute\" \/>\n<script type=\"application\/ld+json\" class=\"yoast-schema-graph\">{\"@context\":\"https:\/\/schema.org\",\"@graph\":[{\"@type\":\"WebPage\",\"@id\":\"https:\/\/thorfortunecasino.org\/es\/aplicacion\/\",\"url\":\"https:\/\/thorfortunecasino.org\/es\/aplicacion\/\",\"name\":\"Descargar la aplicaci\u00f3n Thorfortune | iOS, Android y escritorio\",\"isPartOf\":{\"@id\":\"https:\/\/thorfortunecasino.org\/es\/#website\"},\"datePublished\":\"2026-01-20T12:08:23+00:00\",\"dateModified\":\"2026-02-27T12:39:16+00:00\",\"description\":\"Instala la aplicaci\u00f3n Thorfortune en iOS, Android, Windows y macOS para jugar a m\u00e1s de 6000 juegos de casino en cualquier lugar. Rendimiento fluido, sincronizaci\u00f3n de cuentas y asistencia 24\/7: todo en Thorfortune.\",\"breadcrumb\":{\"@id\":\"https:\/\/thorfortunecasino.org\/es\/aplicacion\/#breadcrumb\"},\"inLanguage\":\"es-ES\",\"potentialAction\":[{\"@type\":\"ReadAction\",\"target\":[\"https:\/\/thorfortunecasino.org\/es\/aplicacion\/\"]}]},{\"@type\":\"BreadcrumbList\",\"@id\":\"https:\/\/thorfortunecasino.org\/es\/aplicacion\/#breadcrumb\",\"itemListElement\":[{\"@type\":\"ListItem\",\"position\":1,\"name\":\"Thorfortune\",\"item\":\"https:\/\/thorfortunecasino.org\/es\/\"},{\"@type\":\"ListItem\",\"position\":2,\"name\":\"Aplicaci\u00f3n\"}]},{\"@type\":\"WebSite\",\"@id\":\"https:\/\/thorfortunecasino.org\/es\/#website\",\"url\":\"https:\/\/thorfortunecasino.org\/es\/\",\"name\":\"Thorfortune\",\"description\":\"\",\"publisher\":{\"@id\":\"https:\/\/thorfortunecasino.org\/es\/#organization\"},\"potentialAction\":[{\"@type\":\"SearchAction\",\"target\":{\"@type\":\"EntryPoint\",\"urlTemplate\":\"https:\/\/thorfortunecasino.org\/es\/?s={search_term_string}\"},\"query-input\":{\"@type\":\"PropertyValueSpecification\",\"valueRequired\":true,\"valueName\":\"search_term_string\"}}],\"inLanguage\":\"es-ES\"},{\"@type\":\"Organization\",\"@id\":\"https:\/\/thorfortunecasino.org\/es\/#organization\",\"name\":\"Thorfortune\",\"url\":\"https:\/\/thorfortunecasino.org\/es\/\",\"logo\":{\"@type\":\"ImageObject\",\"inLanguage\":\"es-ES\",\"@id\":\"https:\/\/thorfortunecasino.org\/es\/#\/schema\/logo\/image\/\",\"url\":\"https:\/\/thorfortunecasino.org\/wp-content\/uploads\/2026\/02\/logo.png\",\"contentUrl\":\"https:\/\/thorfortunecasino.org\/wp-content\/uploads\/2026\/02\/logo.png\",\"width\":160,\"height\":37,\"caption\":\"Thorfortune\"},\"image\":{\"@id\":\"https:\/\/thorfortunecasino.org\/es\/#\/schema\/logo\/image\/\"}}]}<\/script>\n<!-- \/ Yoast SEO plugin. -->","yoast_head_json":{"title":"Descargar la aplicaci\u00f3n Thorfortune | iOS, Android y escritorio","description":"Instala la aplicaci\u00f3n Thorfortune en iOS, Android, Windows y macOS para jugar a m\u00e1s de 6000 juegos de casino en cualquier lugar. Rendimiento fluido, sincronizaci\u00f3n de cuentas y asistencia 24\/7: todo en Thorfortune.","robots":{"index":"index","follow":"follow","max-snippet":"max-snippet:-1","max-image-preview":"max-image-preview:large","max-video-preview":"max-video-preview:-1"},"canonical":"https:\/\/thorfortunecasino.org\/es\/aplicacion\/","og_locale":"es_ES","og_type":"article","og_title":"Descargar la aplicaci\u00f3n Thorfortune | iOS, Android y escritorio","og_description":"Instala la aplicaci\u00f3n Thorfortune en iOS, Android, Windows y macOS para jugar a m\u00e1s de 6000 juegos de casino en cualquier lugar. Rendimiento fluido, sincronizaci\u00f3n de cuentas y asistencia 24\/7: todo en Thorfortune.","og_url":"https:\/\/thorfortunecasino.org\/es\/aplicacion\/","og_site_name":"thorfortune","article_modified_time":"2026-02-27T12:39:16+00:00","twitter_card":"summary_large_image","twitter_misc":{"Est. reading time":"1 minute"},"schema":{"@context":"https:\/\/schema.org","@graph":[{"@type":"WebPage","@id":"https:\/\/thorfortunecasino.org\/es\/aplicacion\/","url":"https:\/\/thorfortunecasino.org\/es\/aplicacion\/","name":"Descargar la aplicaci\u00f3n Thorfortune | iOS, Android y escritorio","isPartOf":{"@id":"https:\/\/thorfortunecasino.org\/es\/#website"},"datePublished":"2026-01-20T12:08:23+00:00","dateModified":"2026-02-27T12:39:16+00:00","description":"Instala la aplicaci\u00f3n Thorfortune en iOS, Android, Windows y macOS para jugar a m\u00e1s de 6000 juegos de casino en cualquier lugar. Rendimiento fluido, sincronizaci\u00f3n de cuentas y asistencia 24\/7: todo en Thorfortune.","breadcrumb":{"@id":"https:\/\/thorfortunecasino.org\/es\/aplicacion\/#breadcrumb"},"inLanguage":"es-ES","potentialAction":[{"@type":"ReadAction","target":["https:\/\/thorfortunecasino.org\/es\/aplicacion\/"]}]},{"@type":"BreadcrumbList","@id":"https:\/\/thorfortunecasino.org\/es\/aplicacion\/#breadcrumb","itemListElement":[{"@type":"ListItem","position":1,"name":"Thorfortune","item":"https:\/\/thorfortunecasino.org\/es\/"},{"@type":"ListItem","position":2,"name":"Aplicaci\u00f3n"}]},{"@type":"WebSite","@id":"https:\/\/thorfortunecasino.org\/es\/#website","url":"https:\/\/thorfortunecasino.org\/es\/","name":"Thorfortune","description":"","publisher":{"@id":"https:\/\/thorfortunecasino.org\/es\/#organization"},"potentialAction":[{"@type":"SearchAction","target":{"@type":"EntryPoint","urlTemplate":"https:\/\/thorfortunecasino.org\/es\/?s={search_term_string}"},"query-input":{"@type":"PropertyValueSpecification","valueRequired":true,"valueName":"search_term_string"}}],"inLanguage":"es-ES"},{"@type":"Organization","@id":"https:\/\/thorfortunecasino.org\/es\/#organization","name":"Thorfortune","url":"https:\/\/thorfortunecasino.org\/es\/","logo":{"@type":"ImageObject","inLanguage":"es-ES","@id":"https:\/\/thorfortunecasino.org\/es\/#\/schema\/logo\/image\/","url":"https:\/\/thorfortunecasino.org\/wp-content\/uploads\/2026\/02\/logo.png","contentUrl":"https:\/\/thorfortunecasino.org\/wp-content\/uploads\/2026\/02\/logo.png","width":160,"height":37,"caption":"Thorfortune"},"image":{"@id":"https:\/\/thorfortunecasino.org\/es\/#\/schema\/logo\/image\/"}}]}},"_links":{"self":[{"href":"https:\/\/thorfortunecasino.org\/es\/wp-json\/wp\/v2\/pages\/1449"}],"collection":[{"href":"https:\/\/thorfortunecasino.org\/es\/wp-json\/wp\/v2\/pages"}],"about":[{"href":"https:\/\/thorfortunecasino.org\/es\/wp-json\/wp\/v2\/types\/page"}],"author":[{"embeddable":true,"href":"https:\/\/thorfortunecasino.org\/es\/wp-json\/wp\/v2\/users\/1"}],"replies":[{"embeddable":true,"href":"https:\/\/thorfortunecasino.org\/es\/wp-json\/wp\/v2\/comments?post=1449"}],"version-history":[{"count":3,"href":"https:\/\/thorfortunecasino.org\/es\/wp-json\/wp\/v2\/pages\/1449\/revisions"}],"predecessor-version":[{"id":2100,"href":"https:\/\/thorfortunecasino.org\/es\/wp-json\/wp\/v2\/pages\/1449\/revisions\/2100"}],"wp:attachment":[{"href":"https:\/\/thorfortunecasino.org\/es\/wp-json\/wp\/v2\/media?parent=1449"}],"curies":[{"name":"wp","href":"https:\/\/api.w.org\/{rel}","templated":true}]}}