{"id":1483,"date":"2026-01-20T12:11:11","date_gmt":"2026-01-20T12:11:11","guid":{"rendered":"https:\/\/bonuskongcasino.com\/login-and-registration\/"},"modified":"2026-02-27T09:52:17","modified_gmt":"2026-02-27T09:52:17","slug":"anmeldung-und-registrierung","status":"publish","type":"page","link":"https:\/\/thorfortunecasino.org\/de\/anmeldung-und-registrierung\/","title":{"rendered":"Anmeldung und Registrierung"},"content":{"rendered":"<h1>Thorfortune Kontoanmeldung und -Registrierung<\/h1>\n<p>Der Thorfortune Login Prozess ist wirklich unkompliziert, unabh\u00e4ngig davon, von welchem Ger\u00e4t aus Sie darauf zugreifen. Sie k\u00f6nnen Ihr Konto in weniger als einer Minute erstellen und sofort mit dem Spielen der angesagtesten Slots beginnen. Es ist keine vorherige Identit\u00e4tspr\u00fcfung erforderlich, um sich bei Thorfortune Casino anzumelden \u2013 wir k\u00fcmmern uns um diese Angelegenheit erst bei Ihrer ersten Auszahlung.<\/p>\n<p><div class=\"banner-wrap\" aria-label=\"Banner\"><img src=\"https:\/\/thorfortunecasino.org\/wp-content\/uploads\/2026\/02\/Thorfortune-bnr-pc.webp\" class=\"w-100 d-none d-lg-block img-pc main-banner-img\" alt=\"thorfortune banner desktop\" fetchpriority=\"high\" decoding=\"async\"><img src=\"https:\/\/thorfortunecasino.org\/wp-content\/uploads\/2026\/02\/thorfortune-banner-mobile.webp\" class=\"w-100 d-none d-md-block d-lg-none main-banner-img\" alt=\"thorfortune banner mobile\" fetchpriority=\"high\" decoding=\"async\"><img src=\"https:\/\/thorfortunecasino.org\/wp-content\/uploads\/2026\/02\/thorfortune-banner-mobile.webp\" class=\"w-100 d-md-none\" alt=\"thorfortune banner mobile\" fetchpriority=\"high\" decoding=\"async\"><div class=\"banner-description\">\n<div class=\"banner-title\">Willkommensboni<\/div>\n<p class=\"banner-header-title\">1500 \u20ac<\/p>\n<div class=\"banner-header-AdditionalText\">+ 250 Freispiele<\/div>\n<button data-item=\"homepage_banner_link\" class=\"goto m-button m-gradient-border m-button--primary m-button--large banner-button btn-orange\">\n            <div class=\"m-button-content\">\n                <span>Jetzt anmelden<\/span>\n                <span><\/span>\n            <\/div>\n        <\/button>\n<\/div>\n<div class=\"WelcomePack\">\n<p><img loading=\"lazy\" decoding=\"async\" class=\"alignnone size-full wp-image-1845\" src=\"https:\/\/thorfortunecasino.org\/wp-content\/uploads\/2026\/02\/welcome-crown.png\" alt=\"welcome crown\" width=\"25\" height=\"26\" \/><\/p>\n<div class=\"WelcomePack-Info\">W\u00f6chentlicher Cashback von bis zu 25 %<\/div>\n<p><img loading=\"lazy\" decoding=\"async\" class=\"alignnone size-full wp-image-1845\" src=\"https:\/\/thorfortunecasino.org\/wp-content\/uploads\/2026\/02\/welcome-crown.png\" alt=\"welcome crown\" width=\"25\" height=\"26\" \/><\/p>\n<\/div>\n<\/div><div class=\"scrollable-content-wrap my-5\"><div class=\"scrollable-content-inner\"><h2>Wie erstelle ich ein Thorfortune Konto?<\/h2>\n<p>Um sich bei Thorfortune Casino anzumelden, m\u00fcssen Sie lediglich das Anmeldeformular mit Ihren grundlegenden pers\u00f6nlichen Daten ausf\u00fcllen und ein paar Mal auf den Bildschirm tippen. Wenn Ihre Internetverbindung stabil ist, dauert der gesamte Vorgang weniger als eine Minute. So funktioniert es Schritt f\u00fcr Schritt:<\/p>\n<ol>\n<li>Klicken Sie auf die Schaltfl\u00e4che \u201eRegistrieren\u201c in der oberen rechten Ecke des Bildschirms.<\/li>\n<li>Geben Sie Ihre E-Mail-Adresse ein und erstellen Sie ein sicheres Passwort.<\/li>\n<li>Aktivieren Sie die Kontrollk\u00e4stchen, um zu best\u00e4tigen, dass Sie mindestens 18 Jahre alt sind und unsere Allgemeinen Gesch\u00e4ftsbedingungen akzeptieren.<\/li>\n<li>Klicken Sie noch einmal auf die Schaltfl\u00e4che, um fortzufahren.<\/li>\n<li>Beenden Sie den Vorgang, indem Sie uns die folgenden Angaben machen: Ihren Vor- und Nachnamen, Ihre Telefonnummer und Ihr Geburtsdatum.<\/li>\n<\/ol>\n<p>Das war&#8217;s schon. Sobald Ihr Thorfortune Konto erstellt ist, k\u00f6nnen Sie Ihre erste Einzahlung t\u00e4tigen, den ersten Teil unseres Willkommensbonus erhalten und ohne Verz\u00f6gerung mit dem Spielen unserer Casinospiele beginnen.<\/p>\n<h3>Rechtliche Nuancen<\/h3>\n<p>Auch wenn Thor Fortune die Identit\u00e4t der Spieler bei der Registrierung nicht \u00fcberpr\u00fcft, beachten Sie bitte, dass Gl\u00fccksspiel f\u00fcr Minderj\u00e4hrige illegal ist. Daher sind nur vollj\u00e4hrige Spieler berechtigt, das vollst\u00e4ndige Spielerlebnis mit Geldabhebungen auf unserer Plattform zu genie\u00dfen. Sollten wir feststellen, dass Sie unter 18 Jahre alt sind, wird Ihr Konto gel\u00f6scht.<\/p>\n<p>Au\u00dferdem m\u00fcssen Sie in einem Land wohnhaft sein, in dem Online-Gl\u00fccksspiele gesetzlich erlaubt sind. Die Thorfortune Website erkennt Ihren Standort automatisch und f\u00fcgt diese Informationen bei der Anmeldung zu Ihren Kontodaten hinzu. Ohne die Hilfe unseres mehrsprachigen Support-Teams k\u00f6nnen Sie in Ihren Profilinformationen kein anderes Land manuell einstellen.<\/p>\n<h2>Wie melde ich mich an?<\/h2>\n<p>Die Anmeldung bei Thorfortune ist ein standardm\u00e4\u00dfiger, intuitiver Vorgang \u2013 Sie m\u00fcssen lediglich die zuvor angegebenen Anmeldedaten in das Anmelde-Widget eingeben und auf die Schaltfl\u00e4che tippen, um zu best\u00e4tigen, dass diese korrekt sind. Wenn Sie Ihr Passwort vergessen haben, klicken Sie im Anmeldeformular von Thorfortune auf den Link \u201ePasswort vergessen\u201c und folgen Sie den Anweisungen auf dem Bildschirm, um es schnell zur\u00fcckzusetzen.<\/p>\n<p>Sie haben die M\u00f6glichkeit, in Ihren pers\u00f6nlichen Sicherheitseinstellungen die Zwei-Faktor-Authentifizierung (2FA) zu aktivieren. In diesem Fall m\u00fcssen Sie bei jeder Anmeldung in Ihrem Thor Fortune Casino-Konto zus\u00e4tzlich einen Einmalcode eingeben. Wir verwenden die Google Authenticator-App, um Ihnen diese Codes bei jeder Anmeldung zur Verf\u00fcgung zu stellen.<\/p>\n<p><img loading=\"lazy\" decoding=\"async\" class=\"alignnone size-full wp-image-2005\" src=\"https:\/\/thorfortunecasino.org\/wp-content\/uploads\/2026\/02\/Thorfortune-login-page.webp\" alt=\"Thorfortune login page\" width=\"1248\" height=\"536\" srcset=\"https:\/\/thorfortunecasino.org\/wp-content\/uploads\/2026\/02\/Thorfortune-login-page.webp 1248w, https:\/\/thorfortunecasino.org\/wp-content\/uploads\/2026\/02\/Thorfortune-login-page-300x129.webp 300w, https:\/\/thorfortunecasino.org\/wp-content\/uploads\/2026\/02\/Thorfortune-login-page-1024x440.webp 1024w, https:\/\/thorfortunecasino.org\/wp-content\/uploads\/2026\/02\/Thorfortune-login-page-768x330.webp 768w\" sizes=\"(max-width: 1248px) 100vw, 1248px\" \/><\/p>\n<h2>Wie verwalten Sie Daten in Ihrem Thorfortune Casino Konto?<\/h2>\n<p>Ihr Thorfortune Konto ist eine zentrale Anlaufstelle, die Ihnen einfachen Zugriff auf Ihre spielbezogenen Daten und praktische Verwaltungstools bietet. Es umfasst die folgenden praktischen Schnittstellen und Einstellungen:<\/p>\n<table>\n<tbody>\n<tr>\n<td>Name der Schnittstelle<\/td>\n<td>Wichtigste Funktionen<\/td>\n<td>Beschreibung<\/td>\n<\/tr>\n<tr>\n<td>Verlauf<\/td>\n<td>Berichte \u00fcber Ihre Gl\u00fccksspielaktivit\u00e4ten und Finanztransaktionen bei Thorfortune Casino.<\/td>\n<td>Hier finden Sie eine genaue Aufzeichnung Ihrer Gl\u00fccksspielsitzungen und finanziellen Aktivit\u00e4ten in unserem Casino. Die Berichte verf\u00fcgen \u00fcber flexible Einstellungen, sodass Sie ihr Aussehen an Ihre Bed\u00fcrfnisse anpassen k\u00f6nnen.<\/td>\n<\/tr>\n<tr>\n<td>Geldb\u00f6rse<\/td>\n<td>Ein- und Auszahlungsbuttons und Informationen zu Ihren Geldbetr\u00e4gen.<\/td>\n<td>Diese Schnittstelle bietet alle Tools f\u00fcr die Finanzverwaltung. Hier k\u00f6nnen Sie Ihre W\u00e4hrung einstellen und \u00fcberpr\u00fcfen, wie viel Geld Sie auf Ihrem Konto haben.<\/td>\n<\/tr>\n<tr>\n<td>Allgemeine Einstellungen<\/td>\n<td>Pers\u00f6nliche Profildetails, Treuesystem-Tracker und Onboarding-Widget.<\/td>\n<td>Hier k\u00f6nnen Sie Ihre pers\u00f6nlichen Daten (einschlie\u00dflich Ihrer Kontaktdaten und Ihres Benutzernamens) bearbeiten und Ihren Fortschritt innerhalb unseres Treuesystems \u00fcberpr\u00fcfen.<\/td>\n<\/tr>\n<tr>\n<td>Sicherheitseinstellungen<\/td>\n<td>Passwortverwaltung, 2FA, Sitzungsverlauf.<\/td>\n<td>Hier k\u00f6nnen Sie Ihr Passwort aktualisieren und 2FA f\u00fcr eine bessere Kontosicherheit aktivieren. Detaillierte Berichte \u00fcber Ihre Thorfortune Anmeldungen und -Sitzungen erleichtern die Erkennung verd\u00e4chtiger Aktivit\u00e4ten.<\/td>\n<\/tr>\n<tr>\n<td>Gl\u00fccksspielkontrollen<\/td>\n<td>Budgetlimits, Sitzungslimits und Selbstausschluss.<\/td>\n<td>Hier k\u00f6nnen Sie Einzahlungs- und Zeitlimits festlegen, um \u00fcberm\u00e4\u00dfige Ausgaben im Zusammenhang mit Gl\u00fccksspielen zu vermeiden. Und falls Sie eine Pause von Thorfortune einlegen m\u00f6chten, k\u00f6nnen Sie auch einen Selbstausschluss beantragen.<\/td>\n<\/tr>\n<\/tbody>\n<\/table>\n<h2>FAQ<\/h2>\n<h3>Muss ich mich bei der Erstellung eines Thor Fortune Kontos einer Identit\u00e4tspr\u00fcfung unterziehen?<\/h3>\n<p>Nein, wir f\u00fchren eine gr\u00fcndliche Identit\u00e4tspr\u00fcfung erst durch, nachdem Sie Ihre erste Auszahlung beantragt haben \u2013 Sie m\u00fcssen uns Kopien Ihres Reisepasses, Ihrer Stromrechnung und Ihrer Bankkarte, die f\u00fcr die Auszahlung verwendet wird, vorlegen. Vorher k\u00f6nnen Sie auf unserer Plattform spielen und Einzahlungen vornehmen, ohne uns einen Identit\u00e4tsnachweis vorzulegen.<\/p>\n<h3>Was sind die Vorteile einer Registrierung bei Thorfortune Casino?<\/h3>\n<p>Nach der Anmeldung bei Thorfortune erhalten Sie Zugang zu Tausenden der besten Casinospiele, die auch im Demo-Modus gespielt werden k\u00f6nnen. Au\u00dferdem hat jeder neu registrierte Benutzer Anspruch auf einen Willkommensbonus \u2013 Sie m\u00fcssen ein Konto erstellen und mindestens drei Einzahlungen t\u00e4tigen, um diesen in vollem Umfang nutzen zu k\u00f6nnen.<\/p>\n<h3>Wie kann ich mein Konto vor unbefugtem Zugriff sch\u00fctzen?<\/h3>\n<p>Der beste Weg, um unbefugten Zugriff zu verhindern, ist die Aktivierung von 2FA in Ihren pers\u00f6nlichen Sicherheitseinstellungen. Wenn diese Funktion aktiviert ist, m\u00fcssen Sie bei jeder Anmeldung bei Thorfortune einen einmaligen Einmalcode eingeben. Au\u00dferdem empfehlen wir Ihnen, Ihr Passwort alle sechs Monate zu aktualisieren. Bei Problemen wenden Sie sich bitte per E-Mail oder Live Chat an unseren Kundendienst.<\/p>\n<\/div><\/div><\/p>\n","protected":false},"excerpt":{"rendered":"<p>Thorfortune Kontoanmeldung und -Registrierung Der Thorfortune Login Prozess ist wirklich unkompliziert, unabh\u00e4ngig davon, von welchem Ger\u00e4t aus Sie darauf zugreifen. Sie k\u00f6nnen Ihr Konto in weniger als einer Minute erstellen und sofort mit dem Spielen der angesagtesten Slots beginnen. Es ist keine vorherige Identit\u00e4tspr\u00fcfung erforderlich, um sich bei Thorfortune Casino anzumelden \u2013 wir k\u00fcmmern uns [&hellip;]<\/p>\n","protected":false},"author":1,"featured_media":0,"parent":0,"menu_order":0,"comment_status":"closed","ping_status":"closed","template":"template-builder.php","meta":{"_acf_changed":false,"inline_featured_image":false,"footnotes":""},"class_list":["post-1483","page","type-page","status-publish","hentry"],"acf":[],"yoast_head":"<!-- This site is optimized with the Yoast SEO plugin v24.4 - https:\/\/yoast.com\/wordpress\/plugins\/seo\/ -->\n<title>Thorfortune-Login \u2013 Sicherer Zugriff auf Registrierung und Anmeldung<\/title>\n<meta name=\"description\" content=\"Thorfortune-Anmeldung \u2013 Greifen Sie sicher auf Ihr Konto zu oder erstellen Sie in wenigen Minuten ein neues Konto. Verwalten Sie die Verifizierung, die Passwortwiederherstellung und die Kontoeinstellungen ganz einfach in Thorfortune.\" \/>\n<meta name=\"robots\" content=\"index, follow, max-snippet:-1, max-image-preview:large, max-video-preview:-1\" \/>\n<link rel=\"canonical\" href=\"https:\/\/thorfortunecasino.org\/de\/anmeldung-und-registrierung\/\" \/>\n<meta property=\"og:locale\" content=\"de_DE\" \/>\n<meta property=\"og:type\" content=\"article\" \/>\n<meta property=\"og:title\" content=\"Thorfortune-Login \u2013 Sicherer Zugriff auf Registrierung und Anmeldung\" \/>\n<meta property=\"og:description\" content=\"Thorfortune-Anmeldung \u2013 Greifen Sie sicher auf Ihr Konto zu oder erstellen Sie in wenigen Minuten ein neues Konto. Verwalten Sie die Verifizierung, die Passwortwiederherstellung und die Kontoeinstellungen ganz einfach in Thorfortune.\" \/>\n<meta property=\"og:url\" content=\"https:\/\/thorfortunecasino.org\/de\/anmeldung-und-registrierung\/\" \/>\n<meta property=\"og:site_name\" content=\"thorfortune\" \/>\n<meta property=\"article:modified_time\" content=\"2026-02-27T09:52:17+00:00\" \/>\n<meta name=\"twitter:card\" content=\"summary_large_image\" \/>\n<meta name=\"twitter:label1\" content=\"Gesch\u00e4tzte Lesezeit\" \/>\n\t<meta name=\"twitter:data1\" content=\"1\u00a0Minute\" \/>\n<script type=\"application\/ld+json\" class=\"yoast-schema-graph\">{\"@context\":\"https:\/\/schema.org\",\"@graph\":[{\"@type\":\"WebPage\",\"@id\":\"https:\/\/thorfortunecasino.org\/de\/anmeldung-und-registrierung\/\",\"url\":\"https:\/\/thorfortunecasino.org\/de\/anmeldung-und-registrierung\/\",\"name\":\"Thorfortune-Login \u2013 Sicherer Zugriff auf Registrierung und Anmeldung\",\"isPartOf\":{\"@id\":\"https:\/\/thorfortunecasino.org\/de\/#website\"},\"datePublished\":\"2026-01-20T12:11:11+00:00\",\"dateModified\":\"2026-02-27T09:52:17+00:00\",\"description\":\"Thorfortune-Anmeldung \u2013 Greifen Sie sicher auf Ihr Konto zu oder erstellen Sie in wenigen Minuten ein neues Konto. Verwalten Sie die Verifizierung, die Passwortwiederherstellung und die Kontoeinstellungen ganz einfach in Thorfortune.\",\"breadcrumb\":{\"@id\":\"https:\/\/thorfortunecasino.org\/de\/anmeldung-und-registrierung\/#breadcrumb\"},\"inLanguage\":\"de\",\"potentialAction\":[{\"@type\":\"ReadAction\",\"target\":[\"https:\/\/thorfortunecasino.org\/de\/anmeldung-und-registrierung\/\"]}]},{\"@type\":\"BreadcrumbList\",\"@id\":\"https:\/\/thorfortunecasino.org\/de\/anmeldung-und-registrierung\/#breadcrumb\",\"itemListElement\":[{\"@type\":\"ListItem\",\"position\":1,\"name\":\"Thorfortune\",\"item\":\"https:\/\/thorfortunecasino.org\/de\/\"},{\"@type\":\"ListItem\",\"position\":2,\"name\":\"Anmeldung und Registrierung\"}]},{\"@type\":\"WebSite\",\"@id\":\"https:\/\/thorfortunecasino.org\/de\/#website\",\"url\":\"https:\/\/thorfortunecasino.org\/de\/\",\"name\":\"Thorfortune\",\"description\":\"\",\"publisher\":{\"@id\":\"https:\/\/thorfortunecasino.org\/de\/#organization\"},\"potentialAction\":[{\"@type\":\"SearchAction\",\"target\":{\"@type\":\"EntryPoint\",\"urlTemplate\":\"https:\/\/thorfortunecasino.org\/de\/?s={search_term_string}\"},\"query-input\":{\"@type\":\"PropertyValueSpecification\",\"valueRequired\":true,\"valueName\":\"search_term_string\"}}],\"inLanguage\":\"de\"},{\"@type\":\"Organization\",\"@id\":\"https:\/\/thorfortunecasino.org\/de\/#organization\",\"name\":\"Thorfortune\",\"url\":\"https:\/\/thorfortunecasino.org\/de\/\",\"logo\":{\"@type\":\"ImageObject\",\"inLanguage\":\"de\",\"@id\":\"https:\/\/thorfortunecasino.org\/de\/#\/schema\/logo\/image\/\",\"url\":\"https:\/\/thorfortunecasino.org\/wp-content\/uploads\/2026\/02\/logo.png\",\"contentUrl\":\"https:\/\/thorfortunecasino.org\/wp-content\/uploads\/2026\/02\/logo.png\",\"width\":160,\"height\":37,\"caption\":\"Thorfortune\"},\"image\":{\"@id\":\"https:\/\/thorfortunecasino.org\/de\/#\/schema\/logo\/image\/\"}}]}<\/script>\n<!-- \/ Yoast SEO plugin. -->","yoast_head_json":{"title":"Thorfortune-Login \u2013 Sicherer Zugriff auf Registrierung und Anmeldung","description":"Thorfortune-Anmeldung \u2013 Greifen Sie sicher auf Ihr Konto zu oder erstellen Sie in wenigen Minuten ein neues Konto. Verwalten Sie die Verifizierung, die Passwortwiederherstellung und die Kontoeinstellungen ganz einfach in Thorfortune.","robots":{"index":"index","follow":"follow","max-snippet":"max-snippet:-1","max-image-preview":"max-image-preview:large","max-video-preview":"max-video-preview:-1"},"canonical":"https:\/\/thorfortunecasino.org\/de\/anmeldung-und-registrierung\/","og_locale":"de_DE","og_type":"article","og_title":"Thorfortune-Login \u2013 Sicherer Zugriff auf Registrierung und Anmeldung","og_description":"Thorfortune-Anmeldung \u2013 Greifen Sie sicher auf Ihr Konto zu oder erstellen Sie in wenigen Minuten ein neues Konto. Verwalten Sie die Verifizierung, die Passwortwiederherstellung und die Kontoeinstellungen ganz einfach in Thorfortune.","og_url":"https:\/\/thorfortunecasino.org\/de\/anmeldung-und-registrierung\/","og_site_name":"thorfortune","article_modified_time":"2026-02-27T09:52:17+00:00","twitter_card":"summary_large_image","twitter_misc":{"Gesch\u00e4tzte Lesezeit":"1\u00a0Minute"},"schema":{"@context":"https:\/\/schema.org","@graph":[{"@type":"WebPage","@id":"https:\/\/thorfortunecasino.org\/de\/anmeldung-und-registrierung\/","url":"https:\/\/thorfortunecasino.org\/de\/anmeldung-und-registrierung\/","name":"Thorfortune-Login \u2013 Sicherer Zugriff auf Registrierung und Anmeldung","isPartOf":{"@id":"https:\/\/thorfortunecasino.org\/de\/#website"},"datePublished":"2026-01-20T12:11:11+00:00","dateModified":"2026-02-27T09:52:17+00:00","description":"Thorfortune-Anmeldung \u2013 Greifen Sie sicher auf Ihr Konto zu oder erstellen Sie in wenigen Minuten ein neues Konto. Verwalten Sie die Verifizierung, die Passwortwiederherstellung und die Kontoeinstellungen ganz einfach in Thorfortune.","breadcrumb":{"@id":"https:\/\/thorfortunecasino.org\/de\/anmeldung-und-registrierung\/#breadcrumb"},"inLanguage":"de","potentialAction":[{"@type":"ReadAction","target":["https:\/\/thorfortunecasino.org\/de\/anmeldung-und-registrierung\/"]}]},{"@type":"BreadcrumbList","@id":"https:\/\/thorfortunecasino.org\/de\/anmeldung-und-registrierung\/#breadcrumb","itemListElement":[{"@type":"ListItem","position":1,"name":"Thorfortune","item":"https:\/\/thorfortunecasino.org\/de\/"},{"@type":"ListItem","position":2,"name":"Anmeldung und Registrierung"}]},{"@type":"WebSite","@id":"https:\/\/thorfortunecasino.org\/de\/#website","url":"https:\/\/thorfortunecasino.org\/de\/","name":"Thorfortune","description":"","publisher":{"@id":"https:\/\/thorfortunecasino.org\/de\/#organization"},"potentialAction":[{"@type":"SearchAction","target":{"@type":"EntryPoint","urlTemplate":"https:\/\/thorfortunecasino.org\/de\/?s={search_term_string}"},"query-input":{"@type":"PropertyValueSpecification","valueRequired":true,"valueName":"search_term_string"}}],"inLanguage":"de"},{"@type":"Organization","@id":"https:\/\/thorfortunecasino.org\/de\/#organization","name":"Thorfortune","url":"https:\/\/thorfortunecasino.org\/de\/","logo":{"@type":"ImageObject","inLanguage":"de","@id":"https:\/\/thorfortunecasino.org\/de\/#\/schema\/logo\/image\/","url":"https:\/\/thorfortunecasino.org\/wp-content\/uploads\/2026\/02\/logo.png","contentUrl":"https:\/\/thorfortunecasino.org\/wp-content\/uploads\/2026\/02\/logo.png","width":160,"height":37,"caption":"Thorfortune"},"image":{"@id":"https:\/\/thorfortunecasino.org\/de\/#\/schema\/logo\/image\/"}}]}},"_links":{"self":[{"href":"https:\/\/thorfortunecasino.org\/de\/wp-json\/wp\/v2\/pages\/1483"}],"collection":[{"href":"https:\/\/thorfortunecasino.org\/de\/wp-json\/wp\/v2\/pages"}],"about":[{"href":"https:\/\/thorfortunecasino.org\/de\/wp-json\/wp\/v2\/types\/page"}],"author":[{"embeddable":true,"href":"https:\/\/thorfortunecasino.org\/de\/wp-json\/wp\/v2\/users\/1"}],"replies":[{"embeddable":true,"href":"https:\/\/thorfortunecasino.org\/de\/wp-json\/wp\/v2\/comments?post=1483"}],"version-history":[{"count":3,"href":"https:\/\/thorfortunecasino.org\/de\/wp-json\/wp\/v2\/pages\/1483\/revisions"}],"predecessor-version":[{"id":2071,"href":"https:\/\/thorfortunecasino.org\/de\/wp-json\/wp\/v2\/pages\/1483\/revisions\/2071"}],"wp:attachment":[{"href":"https:\/\/thorfortunecasino.org\/de\/wp-json\/wp\/v2\/media?parent=1483"}],"curies":[{"name":"wp","href":"https:\/\/api.w.org\/{rel}","templated":true}]}}