{"id":1442,"date":"2026-01-20T12:08:23","date_gmt":"2026-01-20T12:08:23","guid":{"rendered":"https:\/\/bonuskongcasino.com\/app-2\/"},"modified":"2026-02-27T09:50:53","modified_gmt":"2026-02-27T09:50:53","slug":"app","status":"publish","type":"page","link":"https:\/\/thorfortunecasino.org\/de\/app\/","title":{"rendered":"App"},"content":{"rendered":"<h1>Thor Fortune Mobile-Plattform<\/h1>\n<p>Mit der Thorfortune App k\u00f6nnen Sie bequem von jedem mobilen Ger\u00e4t aus, egal ob Android oder iOS, auf unsere iGaming-Plattform zugreifen. Die Anwendung ist kostenlos und einfach zu installieren. Sie k\u00f6nnen sie sogar auf Ihrem Computer-Desktop hinzuf\u00fcgen, um sich schneller in Ihr Thor Fortune Casino Konto einzuloggen.<\/p>\n<p><div class=\"banner-wrap\" aria-label=\"Banner\"><img src=\"https:\/\/thorfortunecasino.org\/wp-content\/uploads\/2026\/02\/Thorfortune-bnr-pc.webp\" class=\"w-100 d-none d-lg-block img-pc main-banner-img\" alt=\"thorfortune banner desktop\" fetchpriority=\"high\" decoding=\"async\"><img src=\"https:\/\/thorfortunecasino.org\/wp-content\/uploads\/2026\/02\/thorfortune-banner-mobile.webp\" class=\"w-100 d-none d-md-block d-lg-none main-banner-img\" alt=\"thorfortune banner mobile\" fetchpriority=\"high\" decoding=\"async\"><img src=\"https:\/\/thorfortunecasino.org\/wp-content\/uploads\/2026\/02\/thorfortune-banner-mobile.webp\" class=\"w-100 d-md-none\" alt=\"thorfortune banner mobile\" fetchpriority=\"high\" decoding=\"async\"><div class=\"banner-description\">\n<div class=\"banner-title\">Willkommensboni<\/div>\n<p class=\"banner-header-title\">1500 \u20ac<\/p>\n<div class=\"banner-header-AdditionalText\">+ 250 Freispiele<\/div>\n<button data-item=\"homepage_banner_link\" class=\"goto m-button m-gradient-border m-button--primary m-button--large banner-button btn-orange\">\n            <div class=\"m-button-content\">\n                <span>Jetzt anmelden<\/span>\n                <span><\/span>\n            <\/div>\n        <\/button>\n<\/div>\n<div class=\"WelcomePack\">\n<p><img loading=\"lazy\" decoding=\"async\" class=\"alignnone size-full wp-image-1845\" src=\"https:\/\/thorfortunecasino.org\/wp-content\/uploads\/2026\/02\/welcome-crown.png\" alt=\"welcome crown\" width=\"25\" height=\"26\" \/><\/p>\n<div class=\"WelcomePack-Info\">W\u00f6chentlicher Cashback von bis zu 25 %<\/div>\n<p><img loading=\"lazy\" decoding=\"async\" class=\"alignnone size-full wp-image-1845\" src=\"https:\/\/thorfortunecasino.org\/wp-content\/uploads\/2026\/02\/welcome-crown.png\" alt=\"welcome crown\" width=\"25\" height=\"26\" \/><\/p>\n<\/div>\n<\/div><div class=\"scrollable-content-wrap my-5\"><div class=\"scrollable-content-inner\"><h2>Thorfortune Casino App: Hauptmerkmale<\/h2>\n<p>Unsere App ist eine progressive Webanwendung (PWA), die als Verkn\u00fcpfung zur prim\u00e4ren Webversion der Thorfortune Plattform fungiert. Sie bietet Zugriff auf dieselben Funktionen und Schnittstellen, die Sie auch auf der Website nutzen k\u00f6nnen. Sie zeichnet sich jedoch durch viel schnellere Ladezeiten und mehr Komfort beim Spielen auf Smartphones oder Tablets aus.<\/p>\n<p>Dar\u00fcber hinaus verf\u00fcgt die Thorfortune App \u00fcber Push-Benachrichtigungen, die Sie in den Einstellungen Ihres Ger\u00e4ts aktivieren k\u00f6nnen. Diese Funktion h\u00e4lt Sie \u00fcber unsere neuesten Werbekampagnen und pers\u00f6nlichen Boni auf dem Laufenden, die Sie nutzen k\u00f6nnen. Mit aktivierten Push-Benachrichtigungen verpassen Sie keine zeitlich begrenzten Gelegenheiten mehr, zus\u00e4tzliche Bonusgelder oder Freispiele zu gewinnen.<\/p>\n<table>\n<tbody>\n<tr>\n<td>App-Funktion<\/td>\n<td>Details<\/td>\n<\/tr>\n<tr>\n<td>Spielekatalog<\/td>\n<td>Genie\u00dfen Sie bequemen Zugriff auf \u00fcber 6.000 Casino-Spiele<\/td>\n<\/tr>\n<tr>\n<td>Pers\u00f6nliches Profil<\/td>\n<td>Verwalten Sie Ihre pers\u00f6nlichen Daten und Sicherheitseinstellungen ganz einfach auf Ihrem Smartphone<\/td>\n<\/tr>\n<tr>\n<td>Live Chat<\/td>\n<td>Nehmen Sie jederzeit schnell Kontakt zu unserem mehrsprachigen Support-Team auf<\/td>\n<\/tr>\n<tr>\n<td>Push-Benachrichtigungen<\/td>\n<td>Erhalten Sie umgehend die neuesten Informationen zu unseren Werbekampagnen<\/td>\n<\/tr>\n<tr>\n<td>Gl\u00fccksspielkontrollen<\/td>\n<td>Legen Sie Budgetlimits und Sitzungsbeschr\u00e4nkungen fest, um die Kontrolle \u00fcber Ihre Ressourcen zu behalten<\/td>\n<\/tr>\n<tr>\n<td>Guthaben<\/td>\n<td>Verwalten Sie Ihre Finanztransaktionen auf einfache Weise<\/td>\n<\/tr>\n<tr>\n<td>Verlauf<\/td>\n<td>Verfolgen und analysieren Sie Ihre Gl\u00fccksspielaktivit\u00e4ten bei Thor Fortune<\/td>\n<\/tr>\n<tr>\n<td>Touch-Steuerung<\/td>\n<td>Genie\u00dfen Sie ein nahtloses Spielerlebnis auf Ihrem Tablet oder Smartphone<\/td>\n<\/tr>\n<tr>\n<td>Anpassungsf\u00e4higes Design<\/td>\n<td>Spielen Sie Online-Slots und andere Casinospiele auf jedem Ger\u00e4t \u2013 die Benutzeroberfl\u00e4chen passen sich automatisch an die Gr\u00f6\u00dfe Ihres Bildschirms an<\/td>\n<\/tr>\n<\/tbody>\n<\/table>\n<p><img loading=\"lazy\" decoding=\"async\" class=\"alignnone size-full wp-image-2021\" src=\"https:\/\/thorfortunecasino.org\/wp-content\/uploads\/2026\/02\/Thorfortune-Desktop.webp\" alt=\"Thorfortune Desktop\" width=\"1248\" height=\"536\" srcset=\"https:\/\/thorfortunecasino.org\/wp-content\/uploads\/2026\/02\/Thorfortune-Desktop.webp 1248w, https:\/\/thorfortunecasino.org\/wp-content\/uploads\/2026\/02\/Thorfortune-Desktop-300x129.webp 300w, https:\/\/thorfortunecasino.org\/wp-content\/uploads\/2026\/02\/Thorfortune-Desktop-1024x440.webp 1024w, https:\/\/thorfortunecasino.org\/wp-content\/uploads\/2026\/02\/Thorfortune-Desktop-768x330.webp 768w\" sizes=\"(max-width: 1248px) 100vw, 1248px\" \/><\/p>\n<\/div><\/div><div style=\"clear: both\"><\/div><div class=\"d-flex justify-content-center\"><button data-item=\"decouvrez_link\" data-group=\"website_links\" class=\"goto fw-bold rounded-pill btn btn-orange\" aria-label=\"Laden Sie die Thorfortune-App herunter\" >Laden Sie die Thorfortune-App herunter<\/button><\/div><div class=\"scrollable-content-wrap my-5\"><div class=\"scrollable-content-inner\"><h2>Die wichtigsten Vorteile der Thorfortune App<\/h2>\n<p>Die PWA erm\u00f6glicht einen viel schnelleren Zugriff auf das Thorfortune Casino von allen Arten von Mobilger\u00e4ten aus. Nachdem Sie sie auf Ihrem Smartphone installiert haben, m\u00fcssen Sie sich nicht mehr \u00fcber den Browser in Ihr Konto einloggen, sondern k\u00f6nnen einfach auf das Thorfortune Symbol auf Ihrem Startbildschirm tippen, um unseren Spielekatalog sofort zu \u00f6ffnen.<\/p>\n<p>Die App ist absolut sicher in der Anwendung. Sie m\u00fcssen keine Dateien herunterladen, um sie auf Ihrem Smartphone zu installieren. Deshalb nimmt sie auch nicht zu viel Speicherplatz auf Ihrem Smartphone ein und verbraucht nicht mehr Akku als Ihre \u00fcblichen Online-Gl\u00fccksspielaktivit\u00e4ten.<\/p>\n<p>Hier eine Zusammenfassung der wichtigsten Vorteile der Verwendung der Thorfortune App auf Ihrem Mobilger\u00e4t:<\/p>\n<ul>\n<li>Schnellere Ladezeiten<\/li>\n<li>Offline-Zugriff auf Ihre pers\u00f6nlichen Daten<\/li>\n<li>Bequemeres Spielen auf einem Smartphone oder Tablet<\/li>\n<li>Geringer Speicherbedarf<\/li>\n<li>Erstklassiger Datenschutz<\/li>\n<li>Keine manuellen Updates erforderlich<\/li>\n<\/ul>\n<p>Sie k\u00f6nnen all diese Vorteile kostenlos genie\u00dfen \u2013 wir berechnen unseren Spielern keine Geb\u00fchren f\u00fcr die Installation der App. Ihr einziger Zweck ist es, Ihr Thorfortune Casino Erlebnis angenehmer zu gestalten, unabh\u00e4ngig davon, ob Sie Slots auf einem Computer oder einem Smartphone spielen.<\/p>\n<p><img loading=\"lazy\" decoding=\"async\" class=\"alignnone size-full wp-image-2037\" src=\"https:\/\/thorfortunecasino.org\/wp-content\/uploads\/2026\/02\/Thorfortune-Android.webp\" alt=\"Thorfortune Android\" width=\"1248\" height=\"536\" srcset=\"https:\/\/thorfortunecasino.org\/wp-content\/uploads\/2026\/02\/Thorfortune-Android.webp 1248w, https:\/\/thorfortunecasino.org\/wp-content\/uploads\/2026\/02\/Thorfortune-Android-300x129.webp 300w, https:\/\/thorfortunecasino.org\/wp-content\/uploads\/2026\/02\/Thorfortune-Android-1024x440.webp 1024w, https:\/\/thorfortunecasino.org\/wp-content\/uploads\/2026\/02\/Thorfortune-Android-768x330.webp 768w\" sizes=\"(max-width: 1248px) 100vw, 1248px\" \/><\/p>\n<\/div><\/div><div style=\"clear: both\"><\/div><div class=\"d-flex justify-content-center\"><button data-item=\"decouvrez_link\" data-group=\"website_links\" class=\"goto fw-bold rounded-pill btn btn-orange\" aria-label=\"Thorfortune herunterladen\" >Thorfortune herunterladen<\/button><\/div><div class=\"scrollable-content-wrap my-5\"><div class=\"scrollable-content-inner\"><h2>So installieren Sie unsere App auf Ihrem Mobilger\u00e4t<\/h2>\n<p>Sie m\u00fcssen kein neues Konto erstellen, um \u00fcber die PWA auf Thorfortune Casino zuzugreifen, und Sie m\u00fcssen auch keinen Identit\u00e4tspr\u00fcfungsprozess durchlaufen. Sie k\u00f6nnen einfach mit Ihren bestehenden Zugangsdaten auf Ihr Profil zugreifen, nachdem Sie die App in weniger als einer Minute auf Ihrem Smartphone installiert haben.<\/p>\n<h3>Installation der Thorfortune App auf Android<\/h3>\n<p>Die Thorfortune Casino App ist mit jedem Android-Ger\u00e4t kompatibel, und der gesamte Installationsprozess umfasst nur vier einfache Schritte:<\/p>\n<ol>\n<li>Rufen Sie unsere Website in Ihrem bevorzugten mobilen Browser auf.<\/li>\n<li>Klicken Sie auf das Dreipunkt-Symbol, um die Einstellungen des Browsers zu \u00f6ffnen.<\/li>\n<li>Suchen Sie im Einstellungsmen\u00fc den Punkt \u201eZum Startbildschirm hinzuf\u00fcgen\u201c.<\/li>\n<li>Tippen Sie auf die Schaltfl\u00e4che \u201eInstallieren\u201c, um den Vorgang abzuschlie\u00dfen.<\/li>\n<\/ol>\n<p>Innerhalb weniger Sekunden erscheint das Thorfortune Symbol auf dem Bildschirm Ihres Ger\u00e4ts, und Sie k\u00f6nnen darauf klicken, anstatt den Browser zu \u00f6ffnen, wenn Sie Slots spielen oder Informationen in Ihrem mobilen Casino-Konto \u00fcberpr\u00fcfen m\u00f6chten.<\/p>\n<h3>Installation der Thor Fortune App auf iOS<\/h3>\n<p>Der Installationsvorgang f\u00fcr iOS-Ger\u00e4te ist fast derselbe wie f\u00fcr Android. Sie m\u00fcssen lediglich unsere Website auf Ihrem Smartphone \u00f6ffnen und dann das Thorfortune Casino Symbol \u00fcber die Einstellungen des Browsers zu Ihrem Startbildschirm hinzuf\u00fcgen.<\/p>\n<p>Auf diese Weise k\u00f6nnen Sie in weniger als einer Minute schnell und bequem auf Ihre Lieblings-Casinospiele auf Ihrem iPhone oder iPad zugreifen. Und selbst wenn Ihre Internetverbindung unterbrochen ist, k\u00f6nnen Sie \u00fcber unsere PWA weiterhin einige pers\u00f6nliche Informationen und Berichte zu Ihrer Spielhistorie in Ihrem Thorfortune Konto einsehen.<\/p>\n<p><img loading=\"lazy\" decoding=\"async\" class=\"alignnone size-full wp-image-2029\" src=\"https:\/\/thorfortunecasino.org\/wp-content\/uploads\/2026\/02\/Thorfortune-iOS.webp\" alt=\"Thorfortune iOS\" width=\"1248\" height=\"536\" srcset=\"https:\/\/thorfortunecasino.org\/wp-content\/uploads\/2026\/02\/Thorfortune-iOS.webp 1248w, https:\/\/thorfortunecasino.org\/wp-content\/uploads\/2026\/02\/Thorfortune-iOS-300x129.webp 300w, https:\/\/thorfortunecasino.org\/wp-content\/uploads\/2026\/02\/Thorfortune-iOS-1024x440.webp 1024w, https:\/\/thorfortunecasino.org\/wp-content\/uploads\/2026\/02\/Thorfortune-iOS-768x330.webp 768w\" sizes=\"(max-width: 1248px) 100vw, 1248px\" \/><\/p>\n<\/div><\/div><div style=\"clear: both\"><\/div><div class=\"d-flex justify-content-center\"><button data-item=\"decouvrez_link\" data-group=\"website_links\" class=\"goto fw-bold rounded-pill btn btn-orange\" aria-label=\"Laden Sie die Thorfortune-App herunter\" >Laden Sie die Thorfortune-App herunter<\/button><\/div><div class=\"scrollable-content-wrap my-5\"><div class=\"scrollable-content-inner\"><h2>FAQ<\/h2>\n<h3>Kann ich Ihre App auf mehreren Ger\u00e4ten verwenden?<\/h3>\n<p>Ja, die Thorfortune App ist sowohl mit Android als auch mit iOS kompatibel. Au\u00dferdem k\u00f6nnen Sie sie zu Ihrem Computer-Desktop hinzuf\u00fcgen, indem Sie auf das Installationssymbol in der Adressleiste neben der URL unserer Website klicken.<\/p>\n<h3>Muss ich ein neues Casino-Konto erstellen, um die Thorfortune App zu nutzen?<\/h3>\n<p>Nein, Sie k\u00f6nnen sich mit denselben Anmeldedaten \u00fcber das Internet oder die PWA in Ihr Casino-Konto einloggen. Die Daten werden automatisch \u00fcber Plattformen und Ger\u00e4te hinweg synchronisiert, sodass Ihre Gl\u00fccksspielberichte unabh\u00e4ngig davon, von wo aus Sie darauf zugreifen, immer die gleichen Informationen enthalten.<\/p>\n<h3>Wie sicher sind meine Daten in Ihrem mobilen Casino?<\/h3>\n<p>Sie m\u00fcssen keine verd\u00e4chtigen Dateien herunterladen, um die Thor Fortune Casino App auf Ihrem Ger\u00e4t zu starten. Die installierte PWA verbindet Sie einfach mit unserer offiziellen Website, die wir mit den neuesten Datenverschl\u00fcsselungsprotokollen ausgestattet haben, um Ihre vertraulichen Informationen und Finanztransaktionen zu sch\u00fctzen.<\/p>\n<\/div><\/div><\/p>\n","protected":false},"excerpt":{"rendered":"<p>Thor Fortune Mobile-Plattform Mit der Thorfortune App k\u00f6nnen Sie bequem von jedem mobilen Ger\u00e4t aus, egal ob Android oder iOS, auf unsere iGaming-Plattform zugreifen. Die Anwendung ist kostenlos und einfach zu installieren. Sie k\u00f6nnen sie sogar auf Ihrem Computer-Desktop hinzuf\u00fcgen, um sich schneller in Ihr Thor Fortune Casino Konto einzuloggen.<\/p>\n","protected":false},"author":1,"featured_media":0,"parent":0,"menu_order":0,"comment_status":"closed","ping_status":"closed","template":"template-builder.php","meta":{"_acf_changed":false,"inline_featured_image":false,"footnotes":""},"class_list":["post-1442","page","type-page","status-publish","hentry"],"acf":[],"yoast_head":"<!-- This site is optimized with the Yoast SEO plugin v24.4 - https:\/\/yoast.com\/wordpress\/plugins\/seo\/ -->\n<title>Thorfortune App herunterladen | iOS, Android und Desktop<\/title>\n<meta name=\"description\" content=\"Installieren Sie die Thorfortune-App auf iOS, Android, Windows und macOS, um \u00fcber 6000 Casinospiele \u00fcberall zu spielen. Reibungslose Leistung, Kontosynchronisierung und Support rund um die Uhr \u2013 alles in Thorfortune.\" \/>\n<meta name=\"robots\" content=\"index, follow, max-snippet:-1, max-image-preview:large, max-video-preview:-1\" \/>\n<link rel=\"canonical\" href=\"https:\/\/thorfortunecasino.org\/de\/app\/\" \/>\n<meta property=\"og:locale\" content=\"de_DE\" \/>\n<meta property=\"og:type\" content=\"article\" \/>\n<meta property=\"og:title\" content=\"Thorfortune App herunterladen | iOS, Android und Desktop\" \/>\n<meta property=\"og:description\" content=\"Installieren Sie die Thorfortune-App auf iOS, Android, Windows und macOS, um \u00fcber 6000 Casinospiele \u00fcberall zu spielen. Reibungslose Leistung, Kontosynchronisierung und Support rund um die Uhr \u2013 alles in Thorfortune.\" \/>\n<meta property=\"og:url\" content=\"https:\/\/thorfortunecasino.org\/de\/app\/\" \/>\n<meta property=\"og:site_name\" content=\"thorfortune\" \/>\n<meta property=\"article:modified_time\" content=\"2026-02-27T09:50:53+00:00\" \/>\n<meta name=\"twitter:card\" content=\"summary_large_image\" \/>\n<meta name=\"twitter:label1\" content=\"Gesch\u00e4tzte Lesezeit\" \/>\n\t<meta name=\"twitter:data1\" content=\"1\u00a0Minute\" \/>\n<script type=\"application\/ld+json\" class=\"yoast-schema-graph\">{\"@context\":\"https:\/\/schema.org\",\"@graph\":[{\"@type\":\"WebPage\",\"@id\":\"https:\/\/thorfortunecasino.org\/de\/app\/\",\"url\":\"https:\/\/thorfortunecasino.org\/de\/app\/\",\"name\":\"Thorfortune App herunterladen | iOS, Android und Desktop\",\"isPartOf\":{\"@id\":\"https:\/\/thorfortunecasino.org\/de\/#website\"},\"datePublished\":\"2026-01-20T12:08:23+00:00\",\"dateModified\":\"2026-02-27T09:50:53+00:00\",\"description\":\"Installieren Sie die Thorfortune-App auf iOS, Android, Windows und macOS, um \u00fcber 6000 Casinospiele \u00fcberall zu spielen. Reibungslose Leistung, Kontosynchronisierung und Support rund um die Uhr \u2013 alles in Thorfortune.\",\"breadcrumb\":{\"@id\":\"https:\/\/thorfortunecasino.org\/de\/app\/#breadcrumb\"},\"inLanguage\":\"de\",\"potentialAction\":[{\"@type\":\"ReadAction\",\"target\":[\"https:\/\/thorfortunecasino.org\/de\/app\/\"]}]},{\"@type\":\"BreadcrumbList\",\"@id\":\"https:\/\/thorfortunecasino.org\/de\/app\/#breadcrumb\",\"itemListElement\":[{\"@type\":\"ListItem\",\"position\":1,\"name\":\"Thorfortune\",\"item\":\"https:\/\/thorfortunecasino.org\/de\/\"},{\"@type\":\"ListItem\",\"position\":2,\"name\":\"App\"}]},{\"@type\":\"WebSite\",\"@id\":\"https:\/\/thorfortunecasino.org\/de\/#website\",\"url\":\"https:\/\/thorfortunecasino.org\/de\/\",\"name\":\"Thorfortune\",\"description\":\"\",\"publisher\":{\"@id\":\"https:\/\/thorfortunecasino.org\/de\/#organization\"},\"potentialAction\":[{\"@type\":\"SearchAction\",\"target\":{\"@type\":\"EntryPoint\",\"urlTemplate\":\"https:\/\/thorfortunecasino.org\/de\/?s={search_term_string}\"},\"query-input\":{\"@type\":\"PropertyValueSpecification\",\"valueRequired\":true,\"valueName\":\"search_term_string\"}}],\"inLanguage\":\"de\"},{\"@type\":\"Organization\",\"@id\":\"https:\/\/thorfortunecasino.org\/de\/#organization\",\"name\":\"Thorfortune\",\"url\":\"https:\/\/thorfortunecasino.org\/de\/\",\"logo\":{\"@type\":\"ImageObject\",\"inLanguage\":\"de\",\"@id\":\"https:\/\/thorfortunecasino.org\/de\/#\/schema\/logo\/image\/\",\"url\":\"https:\/\/thorfortunecasino.org\/wp-content\/uploads\/2026\/02\/logo.png\",\"contentUrl\":\"https:\/\/thorfortunecasino.org\/wp-content\/uploads\/2026\/02\/logo.png\",\"width\":160,\"height\":37,\"caption\":\"Thorfortune\"},\"image\":{\"@id\":\"https:\/\/thorfortunecasino.org\/de\/#\/schema\/logo\/image\/\"}}]}<\/script>\n<!-- \/ Yoast SEO plugin. -->","yoast_head_json":{"title":"Thorfortune App herunterladen | iOS, Android und Desktop","description":"Installieren Sie die Thorfortune-App auf iOS, Android, Windows und macOS, um \u00fcber 6000 Casinospiele \u00fcberall zu spielen. Reibungslose Leistung, Kontosynchronisierung und Support rund um die Uhr \u2013 alles in Thorfortune.","robots":{"index":"index","follow":"follow","max-snippet":"max-snippet:-1","max-image-preview":"max-image-preview:large","max-video-preview":"max-video-preview:-1"},"canonical":"https:\/\/thorfortunecasino.org\/de\/app\/","og_locale":"de_DE","og_type":"article","og_title":"Thorfortune App herunterladen | iOS, Android und Desktop","og_description":"Installieren Sie die Thorfortune-App auf iOS, Android, Windows und macOS, um \u00fcber 6000 Casinospiele \u00fcberall zu spielen. Reibungslose Leistung, Kontosynchronisierung und Support rund um die Uhr \u2013 alles in Thorfortune.","og_url":"https:\/\/thorfortunecasino.org\/de\/app\/","og_site_name":"thorfortune","article_modified_time":"2026-02-27T09:50:53+00:00","twitter_card":"summary_large_image","twitter_misc":{"Gesch\u00e4tzte Lesezeit":"1\u00a0Minute"},"schema":{"@context":"https:\/\/schema.org","@graph":[{"@type":"WebPage","@id":"https:\/\/thorfortunecasino.org\/de\/app\/","url":"https:\/\/thorfortunecasino.org\/de\/app\/","name":"Thorfortune App herunterladen | iOS, Android und Desktop","isPartOf":{"@id":"https:\/\/thorfortunecasino.org\/de\/#website"},"datePublished":"2026-01-20T12:08:23+00:00","dateModified":"2026-02-27T09:50:53+00:00","description":"Installieren Sie die Thorfortune-App auf iOS, Android, Windows und macOS, um \u00fcber 6000 Casinospiele \u00fcberall zu spielen. Reibungslose Leistung, Kontosynchronisierung und Support rund um die Uhr \u2013 alles in Thorfortune.","breadcrumb":{"@id":"https:\/\/thorfortunecasino.org\/de\/app\/#breadcrumb"},"inLanguage":"de","potentialAction":[{"@type":"ReadAction","target":["https:\/\/thorfortunecasino.org\/de\/app\/"]}]},{"@type":"BreadcrumbList","@id":"https:\/\/thorfortunecasino.org\/de\/app\/#breadcrumb","itemListElement":[{"@type":"ListItem","position":1,"name":"Thorfortune","item":"https:\/\/thorfortunecasino.org\/de\/"},{"@type":"ListItem","position":2,"name":"App"}]},{"@type":"WebSite","@id":"https:\/\/thorfortunecasino.org\/de\/#website","url":"https:\/\/thorfortunecasino.org\/de\/","name":"Thorfortune","description":"","publisher":{"@id":"https:\/\/thorfortunecasino.org\/de\/#organization"},"potentialAction":[{"@type":"SearchAction","target":{"@type":"EntryPoint","urlTemplate":"https:\/\/thorfortunecasino.org\/de\/?s={search_term_string}"},"query-input":{"@type":"PropertyValueSpecification","valueRequired":true,"valueName":"search_term_string"}}],"inLanguage":"de"},{"@type":"Organization","@id":"https:\/\/thorfortunecasino.org\/de\/#organization","name":"Thorfortune","url":"https:\/\/thorfortunecasino.org\/de\/","logo":{"@type":"ImageObject","inLanguage":"de","@id":"https:\/\/thorfortunecasino.org\/de\/#\/schema\/logo\/image\/","url":"https:\/\/thorfortunecasino.org\/wp-content\/uploads\/2026\/02\/logo.png","contentUrl":"https:\/\/thorfortunecasino.org\/wp-content\/uploads\/2026\/02\/logo.png","width":160,"height":37,"caption":"Thorfortune"},"image":{"@id":"https:\/\/thorfortunecasino.org\/de\/#\/schema\/logo\/image\/"}}]}},"_links":{"self":[{"href":"https:\/\/thorfortunecasino.org\/de\/wp-json\/wp\/v2\/pages\/1442"}],"collection":[{"href":"https:\/\/thorfortunecasino.org\/de\/wp-json\/wp\/v2\/pages"}],"about":[{"href":"https:\/\/thorfortunecasino.org\/de\/wp-json\/wp\/v2\/types\/page"}],"author":[{"embeddable":true,"href":"https:\/\/thorfortunecasino.org\/de\/wp-json\/wp\/v2\/users\/1"}],"replies":[{"embeddable":true,"href":"https:\/\/thorfortunecasino.org\/de\/wp-json\/wp\/v2\/comments?post=1442"}],"version-history":[{"count":3,"href":"https:\/\/thorfortunecasino.org\/de\/wp-json\/wp\/v2\/pages\/1442\/revisions"}],"predecessor-version":[{"id":2069,"href":"https:\/\/thorfortunecasino.org\/de\/wp-json\/wp\/v2\/pages\/1442\/revisions\/2069"}],"wp:attachment":[{"href":"https:\/\/thorfortunecasino.org\/de\/wp-json\/wp\/v2\/media?parent=1442"}],"curies":[{"name":"wp","href":"https:\/\/api.w.org\/{rel}","templated":true}]}}